    {"id":7980,"date":"2025-09-09T03:43:58","date_gmt":"2025-09-09T03:43:58","guid":{"rendered":"https:\/\/tiendalibreshop.com\/?post_type=product&#038;p=7980"},"modified":"2026-03-15T04:58:23","modified_gmt":"2026-03-15T04:58:23","slug":"combat-1962-serie-latino-480p","status":"publish","type":"product","link":"https:\/\/tiendalibreshop.com\/en\/product\/combat-1962-serie-latino-480p\/","title":{"rendered":"Combat! (1962) \u2013 Serie completa guerra clasica inolvidable | Latino 480p"},"content":{"rendered":"<h1 data-start=\"346\" data-end=\"400\">\ud83d\udcfa <strong data-start=\"349\" data-end=\"400\">Combat! (1962) \u2013 Serie Completa [Latino \u2013 480p]<\/strong><\/h1>\n<p data-start=\"402\" data-end=\"461\">Una de las mejores series b\u00e9licas de la televisi\u00f3n cl\u00e1sica.<\/p>\n<h3 data-section-id=\"1ov302e\" data-start=\"468\" data-end=\"484\">\ud83c\udfad SINOPSIS<\/h3>\n<p data-start=\"486\" data-end=\"656\"><strong data-start=\"486\" data-end=\"527\"><span class=\"hover:entity-accent entity-underline inline cursor-pointer align-baseline\"><span class=\"whitespace-normal\">Combat!<\/span><\/span><\/strong> es una serie ambientada en la Segunda Guerra Mundial que sigue a un grupo de soldados estadounidenses mientras luchan en Europa.<\/p>\n<p data-start=\"658\" data-end=\"839\">Cada episodio muestra misiones peligrosas, estrategias militares y el lado humano de la guerra, convirtiendo esta serie en uno de los dramas b\u00e9licos m\u00e1s recordados de la televisi\u00f3n.<\/p>\n<p data-start=\"841\" data-end=\"913\">Un cl\u00e1sico imprescindible para los fans de series militares y de acci\u00f3n.<\/p>\n<p data-start=\"915\" data-end=\"1000\">\u2728 Serie b\u00e9lica cl\u00e1sica<br data-start=\"937\" data-end=\"940\" \/>\u2728 Historias de guerra realistas<br data-start=\"971\" data-end=\"974\" \/>\u2728 Cl\u00e1sico de los a\u00f1os 60<\/p>\n<h3 data-section-id=\"nmb88\" data-start=\"1007\" data-end=\"1033\">\ud83d\udce6 DETALLES DE LA SERIE<\/h3>\n<ul>\n<li data-start=\"1035\" data-end=\"1110\"><strong data-start=\"1035\" data-end=\"1046\">T\u00edtulo:<\/strong> Combat!<\/li>\n<li data-start=\"1035\" data-end=\"1110\"><strong data-start=\"1057\" data-end=\"1076\">A\u00f1o de estreno:<\/strong> 1962<\/li>\n<li data-start=\"1035\" data-end=\"1110\"><strong data-start=\"1084\" data-end=\"1093\">Pa\u00eds:<\/strong> Estados Unidos<\/li>\n<li data-start=\"1112\" data-end=\"1152\"><strong data-start=\"1112\" data-end=\"1127\">Temporadas:<\/strong> 5<\/li>\n<li data-start=\"1112\" data-end=\"1152\"><strong data-start=\"1132\" data-end=\"1146\">Episodios:<\/strong> 152<\/li>\n<li data-start=\"1154\" data-end=\"1190\"><strong data-start=\"1154\" data-end=\"1180\">Duraci\u00f3n por episodio:<\/strong> ~45 min<\/li>\n<li data-start=\"1192\" data-end=\"1258\"><strong data-start=\"1192\" data-end=\"1204\">Calidad:<\/strong> 480p<\/li>\n<li data-start=\"1192\" data-end=\"1258\"><strong data-start=\"1212\" data-end=\"1224\">Formato:<\/strong> MP4<\/li>\n<li data-start=\"1192\" data-end=\"1258\"><strong data-start=\"1231\" data-end=\"1241\">Audio:<\/strong> Espa\u00f1ol Latino &#8211; Ingles &#8211; Castellano<\/li>\n<li data-start=\"1260\" data-end=\"1287\"><strong data-start=\"1260\" data-end=\"1277\">Tama\u00f1o total:<\/strong> 27.8 GB<\/li>\n<li data-start=\"1260\" data-end=\"1287\"><strong>NOTA:<\/strong> Hay episodios en latino como en ingles y subtitulado y en una calidad comoda.<\/li>\n<\/ul>\n<p data-start=\"1289\" data-end=\"1333\">\ud83d\udc49 Serie completa organizada por temporadas.<\/p>\n<h3 data-section-id=\"kcbcow\" data-start=\"1340\" data-end=\"1363\">\ud83d\udc65 REPARTO PRINCIPAL<\/h3>\n<ul>\n<li data-start=\"1365\" data-end=\"1420\">Vic Morrow<\/li>\n<li data-start=\"1365\" data-end=\"1420\">Rick Jason<\/li>\n<li data-start=\"1365\" data-end=\"1420\">Pierre Jalbert<\/li>\n<li data-start=\"1365\" data-end=\"1420\">Jack Hogan<\/li>\n<\/ul>\n<p data-start=\"1494\" data-end=\"1526\">\n<h3 data-section-id=\"5z8jts\" data-start=\"1533\" data-end=\"1567\">\u2b50 \u00bfPOR QU\u00c9 ELEGIR ESTA VERSI\u00d3N?<\/h3>\n<p data-start=\"1569\" data-end=\"1684\">\u2714 Serie completa<br data-start=\"1585\" data-end=\"1588\" \/>\u2714 Audio Latino<br data-start=\"1602\" data-end=\"1605\" \/>\u2714 Cl\u00e1sico b\u00e9lico<br data-start=\"1621\" data-end=\"1624\" \/>\u2714 Ideal para fans de guerra<br data-start=\"1651\" data-end=\"1654\" \/>\u2714 Serie dif\u00edcil de conseguir<\/p>","protected":false},"excerpt":{"rendered":"<h3 data-section-id=\"nmb88\" data-start=\"1007\" data-end=\"1033\">\ud83d\udce6 DETALLES DE LA SERIE<\/h3>\n<ul>\n<li data-start=\"1035\" data-end=\"1110\"><strong data-start=\"1035\" data-end=\"1046\">T\u00edtulo:<\/strong> Combat!<\/li>\n<li data-start=\"1035\" data-end=\"1110\"><strong data-start=\"1057\" data-end=\"1076\">A\u00f1o de estreno:<\/strong> 1962<\/li>\n<li data-start=\"1035\" data-end=\"1110\"><strong data-start=\"1084\" data-end=\"1093\">Pa\u00eds:<\/strong> Estados Unidos<\/li>\n<li data-start=\"1112\" data-end=\"1152\"><strong data-start=\"1112\" data-end=\"1127\">Temporadas:<\/strong> 5<\/li>\n<li data-start=\"1112\" data-end=\"1152\"><strong data-start=\"1132\" data-end=\"1146\">Episodios:<\/strong> 152<\/li>\n<li data-start=\"1154\" data-end=\"1190\"><strong data-start=\"1154\" data-end=\"1180\">Duraci\u00f3n por episodio:<\/strong> ~45 min<\/li>\n<li data-start=\"1192\" data-end=\"1258\"><strong data-start=\"1192\" data-end=\"1204\">Calidad:<\/strong> 480p<\/li>\n<li data-start=\"1192\" data-end=\"1258\"><strong data-start=\"1212\" data-end=\"1224\">Formato:<\/strong> MP4<\/li>\n<li data-start=\"1192\" data-end=\"1258\"><strong data-start=\"1231\" data-end=\"1241\">Audio:<\/strong> Espa\u00f1ol Latino &#8211; Ingles &#8211; Castellano<\/li>\n<li data-start=\"1260\" data-end=\"1287\"><strong data-start=\"1260\" data-end=\"1277\">Tama\u00f1o total:<\/strong> 27.8 GB<\/li>\n<li data-start=\"1260\" data-end=\"1287\"><strong>NOTA:<\/strong> Hay episodios en latino como en ingles y subtitulado y en una calidad comoda.<\/li>\n<\/ul>\n<p data-start=\"1289\" data-end=\"1333\">\ud83d\udc49 Serie completa organizada por temporadas.<\/p>","protected":false},"featured_media":17364,"comment_status":"open","ping_status":"closed","template":"","meta":[],"product_brand":[],"product_cat":[31,125,927,242,99,926,352,369,924,929,24,1009,988],"product_tag":[374,131,411,419,132],"class_list":{"0":"post-7980","1":"product","2":"type-product","3":"status-publish","4":"has-post-thumbnail","6":"product_cat-480p","7":"product_cat-accion","8":"product_cat-castellano","9":"product_cat-drama-2","10":"product_cat-drama","11":"product_cat-latino","12":"product_cat-guerra","13":"product_cat-historia","14":"product_cat-idiomas","15":"product_cat-ingles","16":"product_cat-series","17":"product_cat-sub-spa","18":"product_cat-subtitulados","19":"product_tag-374","20":"product_tag-480p","21":"product_tag-60s-anos","22":"product_tag-combate","23":"product_tag-latino","25":"first","26":"instock","27":"sale","28":"taxable","29":"shipping-taxable","30":"purchasable","31":"product-type-variable","32":"has-default-attributes"},"jetpack_sharing_enabled":true,"_links":{"self":[{"href":"https:\/\/tiendalibreshop.com\/en\/wp-json\/wp\/v2\/product\/7980","targetHints":{"allow":["GET"]}}],"collection":[{"href":"https:\/\/tiendalibreshop.com\/en\/wp-json\/wp\/v2\/product"}],"about":[{"href":"https:\/\/tiendalibreshop.com\/en\/wp-json\/wp\/v2\/types\/product"}],"replies":[{"embeddable":true,"href":"https:\/\/tiendalibreshop.com\/en\/wp-json\/wp\/v2\/comments?post=7980"}],"wp:featuredmedia":[{"embeddable":true,"href":"https:\/\/tiendalibreshop.com\/en\/wp-json\/wp\/v2\/media\/17364"}],"wp:attachment":[{"href":"https:\/\/tiendalibreshop.com\/en\/wp-json\/wp\/v2\/media?parent=7980"}],"wp:term":[{"taxonomy":"product_brand","embeddable":true,"href":"https:\/\/tiendalibreshop.com\/en\/wp-json\/wp\/v2\/product_brand?post=7980"},{"taxonomy":"product_cat","embeddable":true,"href":"https:\/\/tiendalibreshop.com\/en\/wp-json\/wp\/v2\/product_cat?post=7980"},{"taxonomy":"product_tag","embeddable":true,"href":"https:\/\/tiendalibreshop.com\/en\/wp-json\/wp\/v2\/product_tag?post=7980"}],"curies":[{"name":"wp","href":"https:\/\/api.w.org\/{rel}","templated":true}]}}