    {"id":7697,"date":"2025-06-21T12:14:38","date_gmt":"2025-06-21T12:14:38","guid":{"rendered":"https:\/\/tiendalibreshop.com\/?post_type=product&#038;p=7697"},"modified":"2026-03-30T17:56:12","modified_gmt":"2026-03-30T17:56:12","slug":"%f0%9f%93%ba-serie-beverly-hills-90210-720p","status":"publish","type":"product","link":"https:\/\/tiendalibreshop.com\/en\/product\/%f0%9f%93%ba-serie-beverly-hills-90210-720p\/","title":{"rendered":"Serie completa Beverly hills 90210 [Latino] \u2013 [720p]"},"content":{"rendered":"<h1 class=\"product_title entry-title\">\ud83d\udcfa <strong data-start=\"186\" data-end=\"243\">Serie Completa: Beverly Hills 90210 [Latino] \u2013 [720p]<\/strong><\/h1>\n<p data-start=\"246\" data-end=\"302\">\ud83d\udd25 <em data-start=\"249\" data-end=\"299\">Un drama inolvidable solo en <\/em><strong>TiendaLibreShop.com<\/strong> \ud83d\udd25<\/p>\n<hr data-start=\"304\" data-end=\"307\" \/>\n<h3 data-start=\"309\" data-end=\"338\">\ud83c\udfac <strong data-start=\"316\" data-end=\"338\">Sinopsis Resumida:<\/strong><\/h3>\n<p data-start=\"340\" data-end=\"788\"><strong data-start=\"340\" data-end=\"373\">\u201cBeverly Hills, 90210\u201d (1990)<\/strong> nos lleva al coraz\u00f3n de uno de los vecindarios m\u00e1s exclusivos de Los \u00c1ngeles, donde un grupo de adolescentes enfrenta <strong data-start=\"492\" data-end=\"525\">los altibajos de la vida real<\/strong>.<br data-start=\"526\" data-end=\"529\" \/>Desde la secundaria hasta la universidad, vivir\u00e1n historias de <strong data-start=\"592\" data-end=\"663\">amor, amistad, traici\u00f3n, problemas familiares, diferencias sociales<\/strong>, y temas sensibles como <strong data-start=\"688\" data-end=\"728\">alcoholismo, drogas y presi\u00f3n social<\/strong>.<br data-start=\"729\" data-end=\"732\" \/>\ud83d\udcfa Un cl\u00e1sico de los 90 que marc\u00f3 a toda una generaci\u00f3n. Prep\u00e1rate para revivir los momentos m\u00e1s intensos y emotivos de la televisi\u00f3n juvenil.<\/p>\n<hr data-start=\"879\" data-end=\"882\" \/>\n<h3 data-start=\"884\" data-end=\"916\">\ud83d\udce6 <strong data-start=\"891\" data-end=\"916\">DETALLES DE LA SERIE:<\/strong><\/h3>\n<ul>\n<li data-start=\"920\" data-end=\"963\"><strong data-start=\"920\" data-end=\"940\">T\u00edtulo Original:<\/strong> Beverly Hills, 90210<\/li>\n<li data-start=\"920\" data-end=\"963\">\ud83d\udcc5 <strong data-start=\"969\" data-end=\"988\">A\u00f1o de estreno:<\/strong> 1990<\/li>\n<li data-start=\"998\" data-end=\"1027\">\ud83c\udf0d <strong data-start=\"1001\" data-end=\"1010\">Pa\u00eds:<\/strong> Estados Unidos<\/li>\n<li data-start=\"1030\" data-end=\"1053\">\ud83d\udcfa <strong data-start=\"1033\" data-end=\"1048\">Temporadas:<\/strong> 10<\/li>\n<li data-start=\"1056\" data-end=\"1079\">\ud83c\udfac <strong data-start=\"1059\" data-end=\"1073\">Episodios:<\/strong> 293<\/li>\n<li data-start=\"1082\" data-end=\"1120\">\u23f1\ufe0f <strong data-start=\"1085\" data-end=\"1111\">Duraci\u00f3n por episodio:<\/strong> 40 min<\/li>\n<li data-start=\"1123\" data-end=\"1145\">\ud83d\udc8e <strong data-start=\"1126\" data-end=\"1138\">Calidad:<\/strong> 480p<\/li>\n<li data-start=\"1148\" data-end=\"1184\">\ud83d\udcbe <strong data-start=\"1151\" data-end=\"1168\">Tama\u00f1o total:<\/strong> 215 GB aprox.<\/li>\n<li data-start=\"1187\" data-end=\"1216\">\ud83d\udcc1 <strong data-start=\"1190\" data-end=\"1202\">Formato:<\/strong> .MKV \/ .MP4<\/li>\n<li data-start=\"1219\" data-end=\"1259\">\ud83d\udd0a <strong data-start=\"1222\" data-end=\"1232\">Audio:<\/strong> Espa\u00f1ol Latino (MP3 \/ AC3)<\/li>\n<\/ul>\n<hr data-start=\"1261\" data-end=\"1264\" \/>\n<h3 data-start=\"1266\" data-end=\"1295\">\ud83d\udccc <strong data-start=\"1273\" data-end=\"1293\">NOTA IMPORTANTE:<\/strong><\/h3>\n<p data-start=\"1296\" data-end=\"1441\">Algunos episodios est\u00e1n subtitulados en espa\u00f1ol:<br data-start=\"1344\" data-end=\"1347\" \/><strong data-start=\"1347\" data-end=\"1441\">S04E31\u201332, S05E31\u201332, S06E31\u201332, S07E31\u201332, S08E01\u201302, E22, E24, E31\u201332, S09E07, S10E01\u201303<\/strong><\/p>\n<hr data-start=\"1443\" data-end=\"1446\" \/>\n<h3 data-start=\"1448\" data-end=\"1476\">\u2728 <strong data-start=\"1454\" data-end=\"1476\">\u00a1C\u00d3MO DISFRUTARLA!<\/strong><\/h3>\n<h4 data-start=\"1478\" data-end=\"1514\">\ud83d\udcb8 <strong data-start=\"1486\" data-end=\"1514\">Opci\u00f3n 1: Compra Directa<\/strong><\/h4>\n<ul>\n<li data-start=\"1517\" data-end=\"1564\">Descarga esta serie individual sin membres\u00eda.<\/li>\n<li data-start=\"1567\" data-end=\"1640\">Ideal si solo buscas este contenido cl\u00e1sico.<\/li>\n<li data-start=\"1567\" data-end=\"1640\">\ud83d\udce5 <strong data-start=\"1617\" data-end=\"1628\">Precio:<\/strong> 10 cr\u00e9ditos<\/li>\n<\/ul>\n<h4 data-start=\"1642\" data-end=\"1684\">\ud83d\udfe1 <strong data-start=\"1650\" data-end=\"1684\">Opci\u00f3n 2: Membres\u00eda Club Cobre<\/strong><\/h4>\n<ul>\n<li data-start=\"1687\" data-end=\"1714\">\ud83d\udcc5 Accede durante 15 d\u00edas<\/li>\n<li data-start=\"1717\" data-end=\"1759\">\ud83c\udf81 Recibe 30 cr\u00e9ditos (3 series en 480p)<\/li>\n<li data-start=\"1762\" data-end=\"1816\">\ud83d\udcac Solicita hasta 2 series personalizadas al soporte<\/li>\n<li data-start=\"1819\" data-end=\"1873\">\ud83d\udcb0 <strong data-start=\"1822\" data-end=\"1873\">Ahorra hasta un 75 % en tus descargas favoritas<\/strong><\/li>\n<\/ul>\n<p>\ud83d\udfe2 <em data-start=\"1878\" data-end=\"1942\">El acceso estar\u00e1 disponible inmediatamente despu\u00e9s de tu pago.<\/em><\/p>\n<hr data-start=\"1944\" data-end=\"1947\" \/>\n<h3 data-start=\"1949\" data-end=\"1977\">\ud83c\udff7\ufe0f <strong data-start=\"1957\" data-end=\"1977\">OFERTA LIMITADA:<\/strong><\/h3>\n<p data-start=\"1979\" data-end=\"2127\">\ud83d\udce5 \u00a1Descarga esta serie por solo <strong data-start=\"2012\" data-end=\"2027\">10 cr\u00e9ditos<\/strong>!<br data-start=\"2028\" data-end=\"2031\" \/>Suscr\u00edbete a <strong data-start=\"2044\" data-end=\"2063\">Membres\u00eda Cobre<\/strong> y disfruta de tus series favoritas <strong data-start=\"2099\" data-end=\"2127\">con descuento exclusivo.<\/strong><\/p>\n<p data-start=\"2129\" data-end=\"2217\">\ud83d\udc49 <strong data-start=\"2133\" data-end=\"2156\"><a href=\"https:\/\/tiendalibreshop.com\/en\/membresia-retro\/\">\u00daNETE AL CLUB AHORA<\/a>\u00a0<\/strong> y vive la nostalgia al m\u00e1ximo.<\/p>\n<hr data-start=\"2219\" data-end=\"2222\" \/>\n<h3 data-start=\"2224\" data-end=\"2249\">\ud83c\udf1f <strong data-start=\"2231\" data-end=\"2249\">Protagonistas:<\/strong><\/h3>\n<p data-start=\"2251\" data-end=\"2384\">Jason Priestley \u00b7 Shannen Doherty \u00b7 Jennie Garth \u00b7 Ian Ziering<br data-start=\"2313\" data-end=\"2316\" \/>Gabrielle Carteris \u00b7 Brian Austin Green \u00b7 Tori Spelling \u00b7 Luke Perry<\/p>","protected":false},"excerpt":{"rendered":"<h3 data-start=\"884\" data-end=\"916\">\ud83d\udce6 <strong data-start=\"891\" data-end=\"916\">DETALLES DE LA SERIE:<\/strong><\/h3>\n<ul>\n<li data-start=\"920\" data-end=\"963\"><strong data-start=\"920\" data-end=\"940\">T\u00edtulo Original:<\/strong> Beverly Hills, 90210<\/li>\n<li data-start=\"920\" data-end=\"963\">\ud83d\udcc5 <strong data-start=\"969\" data-end=\"988\">A\u00f1o de estreno:<\/strong> 1990<\/li>\n<li data-start=\"998\" data-end=\"1027\">\ud83c\udf0d <strong data-start=\"1001\" data-end=\"1010\">Pa\u00eds:<\/strong> Estados Unidos<\/li>\n<li data-start=\"1030\" data-end=\"1053\">\ud83d\udcfa <strong data-start=\"1033\" data-end=\"1048\">Temporadas:<\/strong> 10<\/li>\n<li data-start=\"1056\" data-end=\"1079\">\ud83c\udfac <strong data-start=\"1059\" data-end=\"1073\">Episodios:<\/strong> 293<\/li>\n<li data-start=\"1082\" data-end=\"1120\">\u23f1\ufe0f <strong data-start=\"1085\" data-end=\"1111\">Duraci\u00f3n por episodio:<\/strong> 40 min<\/li>\n<li data-start=\"1123\" data-end=\"1145\">\ud83d\udc8e <strong data-start=\"1126\" data-end=\"1138\">Calidad:<\/strong> 480p<\/li>\n<li data-start=\"1148\" data-end=\"1184\">\ud83d\udcbe <strong data-start=\"1151\" data-end=\"1168\">Tama\u00f1o total:<\/strong> 215 GB aprox.<\/li>\n<li data-start=\"1187\" data-end=\"1216\">\ud83d\udcc1 <strong data-start=\"1190\" data-end=\"1202\">Formato:<\/strong> .MKV \/ .MP4<\/li>\n<li data-start=\"1219\" data-end=\"1259\">\ud83d\udd0a <strong data-start=\"1222\" data-end=\"1232\">Audio:<\/strong> Espa\u00f1ol Latino (MP3 \/ AC3)<\/li>\n<\/ul>\n<h4><\/h4>","protected":false},"featured_media":7699,"comment_status":"open","ping_status":"closed","template":"","meta":[],"product_brand":[],"product_cat":[79,242,99,203,24],"product_tag":[164,168,286,134,138,132],"class_list":{"0":"post-7697","1":"product","2":"type-product","3":"status-publish","4":"has-post-thumbnail","6":"product_cat-720p","7":"product_cat-drama-2","8":"product_cat-drama","9":"product_cat-romance","10":"product_cat-series","11":"product_tag-164","12":"product_tag-720p","13":"product_tag-90s-ano","14":"product_tag-beverly-hills-90210","15":"product_tag-espanol-latino","16":"product_tag-latino","18":"first","19":"instock","20":"sale","21":"downloadable","22":"virtual","23":"taxable","24":"purchasable","25":"product-type-simple"},"jetpack_sharing_enabled":true,"_links":{"self":[{"href":"https:\/\/tiendalibreshop.com\/en\/wp-json\/wp\/v2\/product\/7697","targetHints":{"allow":["GET"]}}],"collection":[{"href":"https:\/\/tiendalibreshop.com\/en\/wp-json\/wp\/v2\/product"}],"about":[{"href":"https:\/\/tiendalibreshop.com\/en\/wp-json\/wp\/v2\/types\/product"}],"replies":[{"embeddable":true,"href":"https:\/\/tiendalibreshop.com\/en\/wp-json\/wp\/v2\/comments?post=7697"}],"wp:featuredmedia":[{"embeddable":true,"href":"https:\/\/tiendalibreshop.com\/en\/wp-json\/wp\/v2\/media\/7699"}],"wp:attachment":[{"href":"https:\/\/tiendalibreshop.com\/en\/wp-json\/wp\/v2\/media?parent=7697"}],"wp:term":[{"taxonomy":"product_brand","embeddable":true,"href":"https:\/\/tiendalibreshop.com\/en\/wp-json\/wp\/v2\/product_brand?post=7697"},{"taxonomy":"product_cat","embeddable":true,"href":"https:\/\/tiendalibreshop.com\/en\/wp-json\/wp\/v2\/product_cat?post=7697"},{"taxonomy":"product_tag","embeddable":true,"href":"https:\/\/tiendalibreshop.com\/en\/wp-json\/wp\/v2\/product_tag?post=7697"}],"curies":[{"name":"wp","href":"https:\/\/api.w.org\/{rel}","templated":true}]}}