    {"id":7506,"date":"2025-03-08T02:26:15","date_gmt":"2025-03-08T02:26:15","guid":{"rendered":"https:\/\/tiendalibreshop.com\/?post_type=product&#038;p=7506"},"modified":"2026-02-09T10:41:45","modified_gmt":"2026-02-09T10:41:45","slug":"%f0%9f%93%ba-serie-completa-oz-latino-480p","status":"publish","type":"product","link":"https:\/\/tiendalibreshop.com\/en\/product\/%f0%9f%93%ba-serie-completa-oz-latino-480p\/","title":{"rendered":"\ud83d\udcfa Serie completa Oz [Latino] \u2013 [480p]"},"content":{"rendered":"<h1>Serie completa Oz [Latino] \u2013 [480p]<\/h1>\n<h3><strong><span style=\"vertical-align: inherit;\"><span style=\"vertical-align: inherit;\"><span style=\"vertical-align: inherit;\"><span style=\"vertical-align: inherit;\">\u00abUna Drama<\/span><\/span><\/span><\/span><\/strong><strong><span style=\"vertical-align: inherit;\"><span style=\"vertical-align: inherit;\"><span style=\"vertical-align: inherit;\"><span style=\"vertical-align: inherit;\"> Inolvidable en <a href=\"https:\/\/tiendalibreshop.com\/en\/membresia-retro\/\" target=\"_blank\" rel=\"noopener\">TiendaLibreShop.com<\/a>\u00ab<\/span><\/span><\/span><\/span><\/strong><\/h3>\n<p><img fetchpriority=\"high\" decoding=\"async\" class=\"alignnone size-medium wp-image-7507\" src=\"https:\/\/tiendalibreshop.com\/wp-content\/uploads\/2025\/03\/Amstrong-10-300x169.png\" alt=\"\" width=\"300\" height=\"169\" srcset=\"https:\/\/tiendalibreshop.com\/wp-content\/uploads\/2025\/03\/Amstrong-10-300x169.png 300w, https:\/\/tiendalibreshop.com\/wp-content\/uploads\/2025\/03\/Amstrong-10-1024x576.png 1024w, https:\/\/tiendalibreshop.com\/wp-content\/uploads\/2025\/03\/Amstrong-10-768x432.png 768w, https:\/\/tiendalibreshop.com\/wp-content\/uploads\/2025\/03\/Amstrong-10-1536x864.png 1536w, https:\/\/tiendalibreshop.com\/wp-content\/uploads\/2025\/03\/Amstrong-10-2048x1152.png 2048w, https:\/\/tiendalibreshop.com\/wp-content\/uploads\/2025\/03\/Amstrong-10-990x557.png 990w, https:\/\/tiendalibreshop.com\/wp-content\/uploads\/2025\/03\/Amstrong-10-441x248.png 441w, https:\/\/tiendalibreshop.com\/wp-content\/uploads\/2025\/03\/Amstrong-10-600x338.png 600w, https:\/\/tiendalibreshop.com\/wp-content\/uploads\/2025\/03\/Amstrong-10-150x84.png 150w\" sizes=\"(max-width: 300px) 100vw, 300px\" \/><\/p>\n<p><strong><span style=\"vertical-align: inherit;\"><span style=\"vertical-align: inherit;\"><span style=\"vertical-align: inherit;\"><span style=\"vertical-align: inherit;\">Sinopsis resumida:<\/span><\/span><\/span><\/span><\/strong><\/p>\n<div class=\"flex-1 overflow-hidden\">\n<div class=\"react-scroll-to-bottom--css-caugf-79elbk h-full\">\n<div class=\"react-scroll-to-bottom--css-caugf-1n7m0yu\">\n<div class=\"flex flex-col pb-9 text-sm\">\n<div class=\"w-full text-token-text-primary\" data-testid=\"conversation-turn-17\">\n<div class=\"px-4 py-2 justify-center text-base md:gap-6 m-auto\">\n<div class=\"flex flex-1 text-base mx-auto gap-3 md:px-5 lg:px-1 xl:px-5 md:max-w-3xl lg:max-w-[40rem] xl:max-w-[48rem] group final-completion\">\n<div class=\"relative flex w-full flex-col lg:w-[calc(100%-115px)] agent-turn\">\n<div class=\"flex-col gap-1 md:gap-3\">\n<div class=\"flex flex-grow flex-col max-w-full\">\n<div class=\"min-h-[20px] text-message flex flex-col items-start gap-3 whitespace-pre-wrap break-words [.text-message+&]:mt-5 overflow-x-auto\" data-message-author-role=\"assistant\" data-message-id=\"7a41280b-9bcc-4cbc-8397-1e8874bf5a70\">\n<div class=\"markdown prose w-full break-words dark:prose-invert dark\">\n<div class=\"flex-1 overflow-hidden\">\n<div class=\"react-scroll-to-bottom--css-wsvcj-79elbk h-full\">\n<div class=\"react-scroll-to-bottom--css-wsvcj-1n7m0yu\">\n<div class=\"flex flex-col pb-9 text-sm\">\n<div class=\"w-full text-token-text-primary\" data-testid=\"conversation-turn-29\">\n<div class=\"px-4 py-2 justify-center text-base md:gap-6 m-auto\">\n<div class=\"flex flex-1 text-base mx-auto gap-3 md:px-5 lg:px-1 xl:px-5 md:max-w-3xl lg:max-w-[40rem] xl:max-w-[48rem] group final-completion\">\n<div class=\"relative flex w-full flex-col lg:w-[calc(100%-115px)] agent-turn\">\n<div class=\"flex-col gap-1 md:gap-3\">\n<div class=\"flex flex-grow flex-col max-w-full\">\n<div class=\"min-h-[20px] text-message flex flex-col items-start gap-3 whitespace-pre-wrap break-words [.text-message+&]:mt-5 overflow-x-auto\" data-message-author-role=\"assistant\" data-message-id=\"63438682-f3b7-4e81-a06e-0e93a104fa25\">\n<div class=\"markdown prose w-full break-words dark:prose-invert dark\">\n<p><strong>\u00abOz\u00bb (1997)<\/strong> es una serie dram\u00e1tica de televisi\u00f3n que se desarrolla en una prisi\u00f3n de m\u00e1xima seguridad llamada Oswald State Correctional Facility, o simplemente \u00abOz\u00bb. La serie sigue la vida de los prisioneros, los guardias y el personal de la prisi\u00f3n, explorando sus luchas de poder, relaciones complejas y la violencia del sistema penitenciario. En su interior, los reclusos forman alianzas, enfrentan conflictos personales y se enfrentan a un entorno brutal donde la supervivencia es lo m\u00e1s importante. Oz se caracteriza por su tono oscuro, realismo crudo y una representaci\u00f3n sin censura de la vida en prisi\u00f3n.<\/p>\n<\/div>\n<\/div>\n<\/div>\n<\/div>\n<\/div>\n<\/div>\n<\/div>\n<\/div>\n<\/div>\n<\/div>\n<\/div>\n<\/div>\n<\/div>\n<\/div>\n<\/div>\n<\/div>\n<\/div>\n<\/div>\n<\/div>\n<\/div>\n<\/div>\n<\/div>\n<\/div>\n<\/div>\n<p><strong><span style=\"vertical-align: inherit;\"><span style=\"vertical-align: inherit;\"><span style=\"vertical-align: inherit;\"><span style=\"vertical-align: inherit;\">DETALLES DE LA SERIE<\/span><\/span><\/span><\/span><\/strong><\/p>\n<p><strong><span style=\"vertical-align: inherit;\"><span style=\"vertical-align: inherit;\"><span style=\"vertical-align: inherit;\"><span style=\"vertical-align: inherit;\">T\u00edtulo Original:<\/span><\/span><\/span><\/span><\/strong><span style=\"vertical-align: inherit;\"><span style=\"vertical-align: inherit;\"><span style=\"vertical-align: inherit;\"><span style=\"vertical-align: inherit;\">Oz<\/span><\/span><\/span><\/span><br \/>\n<strong><span style=\"vertical-align: inherit;\"><span style=\"vertical-align: inherit;\"><span style=\"vertical-align: inherit;\"><span style=\"vertical-align: inherit;\">A\u00f1os:<\/span><\/span><\/span><\/span><\/strong><span style=\"vertical-align: inherit;\"><span style=\"vertical-align: inherit;\"><span style=\"vertical-align: inherit;\"><span style=\"vertical-align: inherit;\">\u00a0 1997<\/span><\/span><\/span><\/span><br \/>\n<strong><span style=\"vertical-align: inherit;\"><span style=\"vertical-align: inherit;\"><span style=\"vertical-align: inherit;\"><span style=\"vertical-align: inherit;\">Pa\u00eds:<\/span><\/span><\/span><\/span><\/strong><span style=\"vertical-align: inherit;\"><span style=\"vertical-align: inherit;\"><span style=\"vertical-align: inherit;\"><span style=\"vertical-align: inherit;\"> Estados Unidos<\/span><\/span><\/span><\/span><br \/>\n<strong><span style=\"vertical-align: inherit;\"><span style=\"vertical-align: inherit;\"><span style=\"vertical-align: inherit;\"><span style=\"vertical-align: inherit;\">Temporadas:<\/span><\/span><\/span><\/span><\/strong><span style=\"vertical-align: inherit;\"><span style=\"vertical-align: inherit;\"><span style=\"vertical-align: inherit;\"><span style=\"vertical-align: inherit;\"> 6<\/span><\/span><\/span><\/span><br \/>\n<strong><span style=\"vertical-align: inherit;\"><span style=\"vertical-align: inherit;\"><span style=\"vertical-align: inherit;\"><span style=\"vertical-align: inherit;\">Episodio: <\/span><\/span><\/span><\/span><\/strong><span style=\"vertical-align: inherit;\"><span style=\"vertical-align: inherit;\"><span style=\"vertical-align: inherit;\"><span style=\"vertical-align: inherit;\">56<\/span><\/span><\/span><\/span><br \/>\n<strong><span style=\"vertical-align: inherit;\"><span style=\"vertical-align: inherit;\"><span style=\"vertical-align: inherit;\"><span style=\"vertical-align: inherit;\">Duraci\u00f3n:<\/span><\/span><\/span><\/span><\/strong><span style=\"vertical-align: inherit;\"><span style=\"vertical-align: inherit;\"><span style=\"vertical-align: inherit;\"><span style=\"vertical-align: inherit;\"> 40 min <\/span><\/span><\/span><\/span><br \/>\n<strong><span style=\"vertical-align: inherit;\"><span style=\"vertical-align: inherit;\"><span style=\"vertical-align: inherit;\"><span style=\"vertical-align: inherit;\">Calidad (Resoluci\u00f3n):<\/span><\/span><\/span><\/span><\/strong><span style=\"vertical-align: inherit;\"><span style=\"vertical-align: inherit;\"><span style=\"vertical-align: inherit;\"><span style=\"vertical-align: inherit;\"> 480p<\/span><\/span><\/span><\/span><br \/>\n<strong><span style=\"vertical-align: inherit;\"><span style=\"vertical-align: inherit;\"><span style=\"vertical-align: inherit;\"><span style=\"vertical-align: inherit;\">Tama\u00f1o: <\/span><\/span><\/span><\/span><\/strong><span style=\"vertical-align: inherit;\"><span style=\"vertical-align: inherit;\"><span style=\"vertical-align: inherit;\"><span style=\"vertical-align: inherit;\">3<\/span><\/span><\/span><\/span><span style=\"vertical-align: inherit;\"><span style=\"vertical-align: inherit;\"><span style=\"vertical-align: inherit;\"><span style=\"vertical-align: inherit;\">8 GB <\/span><\/span><\/span><\/span><span style=\"vertical-align: inherit;\"><span style=\"vertical-align: inherit;\"><span style=\"vertical-align: inherit;\"><span style=\"vertical-align: inherit;\">(aprox)<\/span><\/span><\/span><\/span><br \/>\n<strong><span style=\"vertical-align: inherit;\"><span style=\"vertical-align: inherit;\"><span style=\"vertical-align: inherit;\"><span style=\"vertical-align: inherit;\">Formato:<\/span><\/span><\/span><\/span><\/strong><span style=\"vertical-align: inherit;\"><span style=\"vertical-align: inherit;\"><span style=\"vertical-align: inherit;\"><span style=\"vertical-align: inherit;\"> \u00a0mkv, mp4.<\/span><\/span><\/span><\/span><br \/>\n<strong><span style=\"vertical-align: inherit;\"><span style=\"vertical-align: inherit;\"><span style=\"vertical-align: inherit;\"><span style=\"vertical-align: inherit;\">Audio:<\/span><\/span><\/span><\/span><\/strong><span style=\"vertical-align: inherit;\"><span style=\"vertical-align: inherit;\"><span style=\"vertical-align: inherit;\"><span style=\"vertical-align: inherit;\"> mp3, ac3, Dual<\/span><\/span><\/span><\/span><\/p>\n<p><strong>\u00a1Elige c\u00f3mo disfrutar tus series favoritas! \ud83c\udfac<\/strong><\/p>\n<p>\ud83c\udf89 <strong>Opci\u00f3n 1:<\/strong> Compra Directa<br \/>\nAdquiere esta serie individual sin necesidad de cr\u00e9ditos.<br \/>\nPaga \u00fanicamente por la serie que deseas descargar.<br \/>\nIdeal si solo buscas este contenido en particular.<\/p>\n<p>\ud83d\udc8e<strong> Opci\u00f3n 3:<\/strong> Membres\u00eda Club Plata<br \/>\n\u23f3<strong> Duraci\u00f3n<\/strong>: 30 d\u00edas de acceso exclusivo.<br \/>\nObt\u00e9n un paquete de 60 cr\u00e9ditos, ideal para:<\/p>\n<p>Descargar 6 series completas en 480p o 720p.<br \/>\nAcceso a series de hasta 15 temporadas completas.<br \/>\nSolicitar 5 series personalizadas a trav\u00e9s de nuestro soporte.<br \/>\n<strong>\ud83c\udf81 BONO ESPECIAL:<\/strong><\/p>\n<p>Obt\u00e9n un 20 % de descuento al renovar dentro de los 5 d\u00edas previos a la caducidad (contacta al soporte).<br \/>\n\ud83d\udd10 Tu acceso estar\u00e1 disponible inmediatamente despu\u00e9s de realizar el pago.<br \/>\n<strong>OFERTA POR TIEMPO LIMITADO<\/strong><\/p>\n<h4><strong><\/strong><\/h4>\n<h4><strong>\u00a1Descarga esta serie por 10 cr\u00e9ditos!<\/strong><\/h4>\n<h4>Suscr\u00edbase a nuestro club <span style=\"color: #ff0000;\">Membresia Cobre<\/span> y descargue y <span style=\"color: #ff0000;\">obtenga 50 cr\u00e9ditos<\/span> para descargar sus series favoritas y <span style=\"color: #ff0000;\">ahorre un 75 % de descuento.<\/span><\/h4>\n<h4><a class=\"button button-style-1\" href=\"https:\/\/tiendalibreshop.com\/en\/membresia-retro\/\" target=\"_blank\" rel=\"noopener\">\u00daNETE AL CLUB<\/a><\/h4>\n<h4><strong><\/strong><\/h4>\n<p><strong><span style=\"vertical-align: inherit;\"><span style=\"vertical-align: inherit;\"><span style=\"vertical-align: inherit;\"><span style=\"vertical-align: inherit;\"><span style=\"vertical-align: inherit;\"><span style=\"vertical-align: inherit;\">Reparto:\u00a0<\/span><\/span><\/span><\/span><\/span><\/span><\/strong><\/p>\n<div class=\"TT9RUc uV10if\">\n<div class=\"flex-1 overflow-hidden\">\n<div class=\"react-scroll-to-bottom--css-mvqjw-79elbk h-full\">\n<div class=\"react-scroll-to-bottom--css-mvqjw-1n7m0yu\">\n<div class=\"flex flex-col text-sm pb-9\">\n<div class=\"w-full text-token-text-primary\" data-testid=\"conversation-turn-299\">\n<div class=\"px-4 py-2 justify-center text-base md:gap-6 m-auto\">\n<div class=\"flex flex-1 text-base mx-auto gap-3 md:px-5 lg:px-1 xl:px-5 md:max-w-3xl lg:max-w-[40rem] xl:max-w-[48rem] group final-completion\">\n<div class=\"relative flex w-full flex-col agent-turn\">\n<div class=\"flex-col gap-1 md:gap-3\">\n<div class=\"flex flex-grow flex-col max-w-full\">\n<div class=\"min-h-[20px] text-message flex flex-col items-start gap-3 whitespace-pre-wrap break-words [.text-message+&]:mt-5 overflow-x-auto\" data-message-author-role=\"assistant\" data-message-id=\"0c230801-badf-4d45-ad15-8308307c308b\">\n<div class=\"markdown prose w-full break-words dark:prose-invert dark\">\n<ul>\n<li data-start=\"655\" data-end=\"690\"><strong data-start=\"657\" data-end=\"673\">Ernie Hudson<\/strong> como Leo Glynn<\/li>\n<li data-start=\"691\" data-end=\"735\"><strong data-start=\"693\" data-end=\"709\">J.K. Simmons<\/strong> como Vernon Schillinger<\/li>\n<li data-start=\"736\" data-end=\"774\"><strong data-start=\"738\" data-end=\"754\">Dean Winters<\/strong> como Ryan O'Reily<\/li>\n<li data-start=\"775\" data-end=\"812\"><strong data-start=\"777\" data-end=\"793\">Terry Kinney<\/strong> como Tim McManus<\/li>\n<li data-start=\"813\" data-end=\"844\"><strong data-start=\"815\" data-end=\"828\">B.D. Wong<\/strong> como Dr. Wong<\/li>\n<li data-start=\"845\" data-end=\"889\"><strong data-start=\"847\" data-end=\"869\">Christopher Meloni<\/strong> como Chris Keller<\/li>\n<\/ul>\n<\/div>\n<\/div>\n<\/div>\n<\/div>\n<\/div>\n<\/div>\n<\/div>\n<\/div>\n<\/div>\n<\/div>\n<\/div>\n<\/div>\n<\/div>","protected":false},"excerpt":{"rendered":"<p><strong><span style=\"vertical-align: inherit;\">DETALLES DE LA SERIE<\/span><\/strong><\/p>\n<p><strong><span style=\"vertical-align: inherit;\">T\u00edtulo Original:<\/span><\/strong><span style=\"vertical-align: inherit;\">Oz<\/span><br \/>\n<strong><span style=\"vertical-align: inherit;\">A\u00f1os:<\/span><\/strong><span style=\"vertical-align: inherit;\">\u00a0 1997<\/span><br \/>\n<strong><span style=\"vertical-align: inherit;\">Pa\u00eds:<\/span><\/strong><span style=\"vertical-align: inherit;\"> Estados Unidos<\/span><br \/>\n<strong><span style=\"vertical-align: inherit;\">Temporadas:<\/span><\/strong><span style=\"vertical-align: inherit;\"> 6<\/span><br \/>\n<strong><span style=\"vertical-align: inherit;\">Episodio: <\/span><\/strong><span style=\"vertical-align: inherit;\">56<\/span><br \/>\n<strong><span style=\"vertical-align: inherit;\">Duraci\u00f3n:<\/span><\/strong><span style=\"vertical-align: inherit;\"> 40 min <\/span><br \/>\n<strong><span style=\"vertical-align: inherit;\">Calidad (Resoluci\u00f3n):<\/span><\/strong><span style=\"vertical-align: inherit;\"> 480p<\/span><br \/>\n<strong><span style=\"vertical-align: inherit;\">Tama\u00f1o: <\/span><\/strong><span style=\"vertical-align: inherit;\">3<\/span><span style=\"vertical-align: inherit;\">8 GB <\/span><span style=\"vertical-align: inherit;\">(aprox)<\/span><br \/>\n<strong><span style=\"vertical-align: inherit;\">Formato:<\/span><\/strong><span style=\"vertical-align: inherit;\"> \u00a0mkv, mp4.<\/span><br \/>\n<strong><span style=\"vertical-align: inherit;\">Audio:<\/span><\/strong><span style=\"vertical-align: inherit;\"> mp3, ac3, Dual<\/span><\/p>","protected":false},"featured_media":7508,"comment_status":"open","ping_status":"closed","template":"","meta":[],"product_brand":[],"product_cat":[31,199,99,24,269],"product_tag":[293,131,286,132,387],"class_list":{"0":"post-7506","1":"product","2":"type-product","3":"status-publish","4":"has-post-thumbnail","6":"product_cat-480p","7":"product_cat-crimen","8":"product_cat-drama","9":"product_cat-series","10":"product_cat-thriller","11":"product_tag-293","12":"product_tag-480p","13":"product_tag-90s-ano","14":"product_tag-latino","15":"product_tag-oz","17":"first","18":"instock","19":"sale","20":"downloadable","21":"virtual","22":"purchasable","23":"product-type-simple"},"jetpack_sharing_enabled":true,"_links":{"self":[{"href":"https:\/\/tiendalibreshop.com\/en\/wp-json\/wp\/v2\/product\/7506","targetHints":{"allow":["GET"]}}],"collection":[{"href":"https:\/\/tiendalibreshop.com\/en\/wp-json\/wp\/v2\/product"}],"about":[{"href":"https:\/\/tiendalibreshop.com\/en\/wp-json\/wp\/v2\/types\/product"}],"replies":[{"embeddable":true,"href":"https:\/\/tiendalibreshop.com\/en\/wp-json\/wp\/v2\/comments?post=7506"}],"wp:featuredmedia":[{"embeddable":true,"href":"https:\/\/tiendalibreshop.com\/en\/wp-json\/wp\/v2\/media\/7508"}],"wp:attachment":[{"href":"https:\/\/tiendalibreshop.com\/en\/wp-json\/wp\/v2\/media?parent=7506"}],"wp:term":[{"taxonomy":"product_brand","embeddable":true,"href":"https:\/\/tiendalibreshop.com\/en\/wp-json\/wp\/v2\/product_brand?post=7506"},{"taxonomy":"product_cat","embeddable":true,"href":"https:\/\/tiendalibreshop.com\/en\/wp-json\/wp\/v2\/product_cat?post=7506"},{"taxonomy":"product_tag","embeddable":true,"href":"https:\/\/tiendalibreshop.com\/en\/wp-json\/wp\/v2\/product_tag?post=7506"}],"curies":[{"name":"wp","href":"https:\/\/api.w.org\/{rel}","templated":true}]}}