    {"id":7214,"date":"2025-02-20T20:43:59","date_gmt":"2025-02-20T20:43:59","guid":{"rendered":"https:\/\/tiendalibreshop.com\/?post_type=product&#038;p=7214"},"modified":"2026-02-09T10:41:45","modified_gmt":"2026-02-09T10:41:45","slug":"battlestar-galactica-latino-720p","status":"publish","type":"product","link":"https:\/\/tiendalibreshop.com\/en\/product\/battlestar-galactica-latino-720p\/","title":{"rendered":"Serie completa Battlestar Galactica [Latino] \u2013 [720p]"},"content":{"rendered":"<h1>Serie completa Battlestar Galactica [Latino] \u2013 [720p]<\/h1>\n<h3><strong><span style=\"vertical-align: inherit;\"><span style=\"vertical-align: inherit;\"><span style=\"vertical-align: inherit;\"><span style=\"vertical-align: inherit;\">Una Ciencia ficcion<\/span><\/span><\/span><\/span><\/strong><strong><span style=\"vertical-align: inherit;\"><span style=\"vertical-align: inherit;\"><span style=\"vertical-align: inherit;\"><span style=\"vertical-align: inherit;\"> Inolvidable en <a href=\"https:\/\/tiendalibreshop.com\/en\/membresia-retro\/\" target=\"_blank\" rel=\"noopener\">TiendaLibreShop.com<\/a>\u00ab<\/span><\/span><\/span><\/span><\/strong><\/h3>\n<p><img fetchpriority=\"high\" decoding=\"async\" class=\"\" src=\"https:\/\/upload.wikimedia.org\/wikipedia\/en\/thumb\/0\/07\/Battlestar_Galactica_%281978%29_cast.jpg\/500px-Battlestar_Galactica_%281978%29_cast.jpg\" alt=\"List of Battlestar Galactica (1978 TV series) and Galactica 1980 characters - Wikipedia\" width=\"710\" height=\"240\" \/><\/p>\n<p><strong><span style=\"vertical-align: inherit;\"><span style=\"vertical-align: inherit;\"><span style=\"vertical-align: inherit;\"><span style=\"vertical-align: inherit;\">Sinopsis resumida:<\/span><\/span><\/span><\/span><\/strong><\/p>\n<div class=\"flex-1 overflow-hidden\">\n<div class=\"react-scroll-to-bottom--css-caugf-79elbk h-full\">\n<div class=\"react-scroll-to-bottom--css-caugf-1n7m0yu\">\n<div class=\"flex flex-col pb-9 text-sm\">\n<div class=\"w-full text-token-text-primary\" data-testid=\"conversation-turn-17\">\n<div class=\"px-4 py-2 justify-center text-base md:gap-6 m-auto\">\n<div class=\"flex flex-1 text-base mx-auto gap-3 md:px-5 lg:px-1 xl:px-5 md:max-w-3xl lg:max-w-[40rem] xl:max-w-[48rem] group final-completion\">\n<div class=\"relative flex w-full flex-col lg:w-[calc(100%-115px)] agent-turn\">\n<div class=\"flex-col gap-1 md:gap-3\">\n<div class=\"flex flex-grow flex-col max-w-full\">\n<div class=\"min-h-[20px] text-message flex flex-col items-start gap-3 whitespace-pre-wrap break-words [.text-message+&]:mt-5 overflow-x-auto\" data-message-author-role=\"assistant\" data-message-id=\"7a41280b-9bcc-4cbc-8397-1e8874bf5a70\">\n<div class=\"markdown prose w-full break-words dark:prose-invert dark\">\n<div class=\"flex-1 overflow-hidden\">\n<div class=\"react-scroll-to-bottom--css-wsvcj-79elbk h-full\">\n<div class=\"react-scroll-to-bottom--css-wsvcj-1n7m0yu\">\n<div class=\"flex flex-col pb-9 text-sm\">\n<div class=\"w-full text-token-text-primary\" data-testid=\"conversation-turn-29\">\n<div class=\"px-4 py-2 justify-center text-base md:gap-6 m-auto\">\n<div class=\"flex flex-1 text-base mx-auto gap-3 md:px-5 lg:px-1 xl:px-5 md:max-w-3xl lg:max-w-[40rem] xl:max-w-[48rem] group final-completion\">\n<div class=\"relative flex w-full flex-col lg:w-[calc(100%-115px)] agent-turn\">\n<div class=\"flex-col gap-1 md:gap-3\">\n<div class=\"flex flex-grow flex-col max-w-full\">\n<div class=\"min-h-[20px] text-message flex flex-col items-start gap-3 whitespace-pre-wrap break-words [.text-message+&]:mt-5 overflow-x-auto\" data-message-author-role=\"assistant\" data-message-id=\"63438682-f3b7-4e81-a06e-0e93a104fa25\">\n<div class=\"markdown prose w-full break-words dark:prose-invert dark\">\n<p><strong>\u00abBattlestar Galactica\u00bb (1978)<\/strong> En un futuro distante, la humanidad enfrenta la destrucci\u00f3n tras un ataque de los Cylons, una raza de m\u00e1quinas implacables. Los \u00faltimos supervivientes, liderados por el comandante Adama a bordo de la nave Battlestar Galactica, emprenden un viaje \u00e9pico en busca de la m\u00edtica Tierra, su \u00faltima esperanza de refugio.<\/p>\n<\/div>\n<\/div>\n<\/div>\n<\/div>\n<\/div>\n<\/div>\n<\/div>\n<\/div>\n<\/div>\n<\/div>\n<\/div>\n<\/div>\n<\/div>\n<\/div>\n<\/div>\n<\/div>\n<\/div>\n<\/div>\n<\/div>\n<\/div>\n<\/div>\n<\/div>\n<\/div>\n<\/div>\n<p><strong><span style=\"vertical-align: inherit;\"><span style=\"vertical-align: inherit;\"><span style=\"vertical-align: inherit;\"><span style=\"vertical-align: inherit;\">DETALLES DE LA SERIE<\/span><\/span><\/span><\/span><\/strong><\/p>\n<p><strong><span style=\"vertical-align: inherit;\"><span style=\"vertical-align: inherit;\"><span style=\"vertical-align: inherit;\"><span style=\"vertical-align: inherit;\">T\u00edtulo Original: <\/span><\/span><\/span><\/span><\/strong><span style=\"vertical-align: inherit;\"><span style=\"vertical-align: inherit;\"><span style=\"vertical-align: inherit;\"><span style=\"vertical-align: inherit;\">Battlestar Galactica<\/span><\/span><\/span><\/span><br \/>\n<strong><span style=\"vertical-align: inherit;\"><span style=\"vertical-align: inherit;\"><span style=\"vertical-align: inherit;\"><span style=\"vertical-align: inherit;\">A\u00f1os:<\/span><\/span><\/span><\/span><\/strong><span style=\"vertical-align: inherit;\"><span style=\"vertical-align: inherit;\"><span style=\"vertical-align: inherit;\"><span style=\"vertical-align: inherit;\">\u00a0 1978<\/span><\/span><\/span><\/span><br \/>\n<strong><span style=\"vertical-align: inherit;\"><span style=\"vertical-align: inherit;\"><span style=\"vertical-align: inherit;\"><span style=\"vertical-align: inherit;\">Pa\u00eds:<\/span><\/span><\/span><\/span><\/strong><span style=\"vertical-align: inherit;\"><span style=\"vertical-align: inherit;\"><span style=\"vertical-align: inherit;\"><span style=\"vertical-align: inherit;\"> Estados Unidos<\/span><\/span><\/span><\/span><br \/>\n<strong><span style=\"vertical-align: inherit;\"><span style=\"vertical-align: inherit;\"><span style=\"vertical-align: inherit;\"><span style=\"vertical-align: inherit;\">Temporadas:<\/span><\/span><\/span><\/span><\/strong><span style=\"vertical-align: inherit;\"><span style=\"vertical-align: inherit;\"><span style=\"vertical-align: inherit;\"><span style=\"vertical-align: inherit;\"> 1<\/span><\/span><\/span><\/span><br \/>\n<strong><span style=\"vertical-align: inherit;\"><span style=\"vertical-align: inherit;\"><span style=\"vertical-align: inherit;\"><span style=\"vertical-align: inherit;\">Episodio: <\/span><\/span><\/span><\/span><\/strong><span style=\"vertical-align: inherit;\"><span style=\"vertical-align: inherit;\"><span style=\"vertical-align: inherit;\"><span style=\"vertical-align: inherit;\">24<\/span><\/span><\/span><\/span><br \/>\n<strong><span style=\"vertical-align: inherit;\"><span style=\"vertical-align: inherit;\"><span style=\"vertical-align: inherit;\"><span style=\"vertical-align: inherit;\">Duraci\u00f3n:<\/span><\/span><\/span><\/span><\/strong><span style=\"vertical-align: inherit;\"><span style=\"vertical-align: inherit;\"><span style=\"vertical-align: inherit;\"><span style=\"vertical-align: inherit;\"> 40 min <\/span><\/span><\/span><\/span><br \/>\n<strong><span style=\"vertical-align: inherit;\"><span style=\"vertical-align: inherit;\"><span style=\"vertical-align: inherit;\"><span style=\"vertical-align: inherit;\">Calidad (Resoluci\u00f3n):<\/span><\/span><\/span><\/span><\/strong><span style=\"vertical-align: inherit;\"><span style=\"vertical-align: inherit;\"><span style=\"vertical-align: inherit;\"><span style=\"vertical-align: inherit;\"> 720p<\/span><\/span><\/span><\/span><br \/>\n<strong><span style=\"vertical-align: inherit;\"><span style=\"vertical-align: inherit;\"><span style=\"vertical-align: inherit;\"><span style=\"vertical-align: inherit;\">Tama\u00f1o: <\/span><\/span><\/span><\/span><\/strong><span style=\"vertical-align: inherit;\"><span style=\"vertical-align: inherit;\"><span style=\"vertical-align: inherit;\"><span style=\"vertical-align: inherit;\">8.09 GB <\/span><\/span><\/span><\/span><span style=\"vertical-align: inherit;\"><span style=\"vertical-align: inherit;\"><span style=\"vertical-align: inherit;\"><span style=\"vertical-align: inherit;\">(aprox)<\/span><\/span><\/span><\/span><br \/>\n<strong><span style=\"vertical-align: inherit;\"><span style=\"vertical-align: inherit;\"><span style=\"vertical-align: inherit;\"><span style=\"vertical-align: inherit;\">Formato:<\/span><\/span><\/span><\/span><\/strong><span style=\"vertical-align: inherit;\"><span style=\"vertical-align: inherit;\"><span style=\"vertical-align: inherit;\"><span style=\"vertical-align: inherit;\"> \u00a0mkv, mp4.<\/span><\/span><\/span><\/span><br \/>\n<strong><span style=\"vertical-align: inherit;\"><span style=\"vertical-align: inherit;\"><span style=\"vertical-align: inherit;\"><span style=\"vertical-align: inherit;\">Audio:<\/span><\/span><\/span><\/span><\/strong><span style=\"vertical-align: inherit;\"><span style=\"vertical-align: inherit;\"><span style=\"vertical-align: inherit;\"><span style=\"vertical-align: inherit;\"> mp3, ac3 Espa\u00f1ol latino<br \/>\n<strong>Nota:<\/strong> 12 y 13 Castellano<\/span><\/span><\/span><\/span><\/p>\n<p><strong>\u00a1Elige c\u00f3mo disfrutar tus series favoritas! \ud83c\udfac<\/strong><\/p>\n<p>\ud83c\udf89 <strong>Opci\u00f3n 1:<\/strong> Compra Directa<br \/>\nAdquiere esta serie individual sin necesidad de cr\u00e9ditos.<br \/>\nPaga \u00fanicamente por la serie que deseas descargar.<br \/>\nIdeal si solo buscas este contenido en particular.<\/p>\n<p>\ud83d\udc8e<strong> Opci\u00f3n 3:<\/strong> Membres\u00eda Club Plata<br \/>\n\u23f3<strong> Duraci\u00f3n<\/strong>: 30 d\u00edas de acceso exclusivo.<br \/>\nObt\u00e9n un paquete de 60 cr\u00e9ditos, ideal para:<\/p>\n<p>Descargar 6 series completas en 480p o 720p.<br \/>\nAcceso a series de hasta 15 temporadas completas.<br \/>\nSolicitar 5 series personalizadas a trav\u00e9s de nuestro soporte.<br \/>\n<strong>\ud83c\udf81 BONO ESPECIAL:<\/strong><\/p>\n<p>Obt\u00e9n un 20 % de descuento al renovar dentro de los 5 d\u00edas previos a la caducidad (contacta al soporte).<br \/>\n\ud83d\udd10 Tu acceso estar\u00e1 disponible inmediatamente despu\u00e9s de realizar el pago.<br \/>\n<strong>OFERTA POR TIEMPO LIMITADO<\/strong><\/p>\n<h4><strong><\/strong><\/h4>\n<h4><strong>\u00a1Descarga esta serie por 10 cr\u00e9ditos!<\/strong><\/h4>\n<h4>Suscr\u00edbase a nuestro club <span style=\"color: #ff0000;\">Membresia Cobre<\/span> y descargue y <span style=\"color: #ff0000;\">obtenga 50 cr\u00e9ditos<\/span> para descargar sus series favoritas y <span style=\"color: #ff0000;\">ahorre un 75 % de descuento.<\/span><\/h4>\n<h4><a class=\"button button-style-1\" href=\"https:\/\/tiendalibreshop.com\/en\/membresia-retro\/\" target=\"_blank\" rel=\"noopener\">\u00daNETE AL CLUB<\/a><\/h4>\n<h4><strong><\/strong><\/h4>\n<p><strong><span style=\"vertical-align: inherit;\"><span style=\"vertical-align: inherit;\"><span style=\"vertical-align: inherit;\"><span style=\"vertical-align: inherit;\"><span style=\"vertical-align: inherit;\"><span style=\"vertical-align: inherit;\">Reparto:\u00a0<\/span><\/span><\/span><\/span><\/span><\/span><\/strong><\/p>\n<div class=\"TT9RUc uV10if\">\n<div class=\"flex-1 overflow-hidden\">\n<div class=\"react-scroll-to-bottom--css-mvqjw-79elbk h-full\">\n<div class=\"react-scroll-to-bottom--css-mvqjw-1n7m0yu\">\n<div class=\"flex flex-col text-sm pb-9\">\n<div class=\"w-full text-token-text-primary\" data-testid=\"conversation-turn-299\">\n<div class=\"px-4 py-2 justify-center text-base md:gap-6 m-auto\">\n<div class=\"flex flex-1 text-base mx-auto gap-3 md:px-5 lg:px-1 xl:px-5 md:max-w-3xl lg:max-w-[40rem] xl:max-w-[48rem] group final-completion\">\n<div class=\"relative flex w-full flex-col agent-turn\">\n<div class=\"flex-col gap-1 md:gap-3\">\n<div class=\"flex flex-grow flex-col max-w-full\">\n<div class=\"min-h-[20px] text-message flex flex-col items-start gap-3 whitespace-pre-wrap break-words [.text-message+&]:mt-5 overflow-x-auto\" data-message-author-role=\"assistant\" data-message-id=\"0c230801-badf-4d45-ad15-8308307c308b\">\n<div class=\"markdown prose w-full break-words dark:prose-invert dark\">\n<ul>\n<li>Lorne Greene como Comandante Adama<\/li>\n<li>Richard Hatch como Capit\u00e1n Apollo<\/li>\n<li>Dirk Benedict como Teniente Starbuck<\/li>\n<li>John Colicos como Conde Baltar<\/li>\n<li>Maren Jensen como Atenea<\/li>\n<\/ul>\n<\/div>\n<\/div>\n<\/div>\n<\/div>\n<\/div>\n<\/div>\n<\/div>\n<\/div>\n<\/div>\n<\/div>\n<\/div>\n<\/div>\n<\/div>\n<div id=\"gtx-trans\" style=\"position: absolute; left: -32px; top: 809.979px;\">\n<div class=\"gtx-trans-icon\"><\/div>\n<\/div>","protected":false},"excerpt":{"rendered":"<p><strong><span style=\"vertical-align: inherit;\">DETALLES DE LA SERIE<\/span><\/strong><\/p>\n<p><strong><span style=\"vertical-align: inherit;\">T\u00edtulo Original: <\/span><\/strong><span style=\"vertical-align: inherit;\">Battlestar Galactica<\/span><br \/>\n<strong><span style=\"vertical-align: inherit;\">A\u00f1os:<\/span><\/strong><span style=\"vertical-align: inherit;\">\u00a0 1978<\/span><br \/>\n<strong><span style=\"vertical-align: inherit;\">Pa\u00eds:<\/span><\/strong><span style=\"vertical-align: inherit;\"> Estados Unidos<\/span><br \/>\n<strong><span style=\"vertical-align: inherit;\">Temporadas:<\/span><\/strong><span style=\"vertical-align: inherit;\"> 1<\/span><br \/>\n<strong><span style=\"vertical-align: inherit;\">Episodio: <\/span><\/strong><span style=\"vertical-align: inherit;\">24<\/span><br \/>\n<strong><span style=\"vertical-align: inherit;\">Duraci\u00f3n:<\/span><\/strong><span style=\"vertical-align: inherit;\"> 40 min <\/span><br \/>\n<strong><span style=\"vertical-align: inherit;\">Calidad (Resoluci\u00f3n):<\/span><\/strong><span style=\"vertical-align: inherit;\"> 720p<\/span><br \/>\n<strong><span style=\"vertical-align: inherit;\">Tama\u00f1o: <\/span><\/strong><span style=\"vertical-align: inherit;\">8.09 GB <\/span><span style=\"vertical-align: inherit;\">(aprox)<\/span><br \/>\n<strong><span style=\"vertical-align: inherit;\">Formato:<\/span><\/strong><span style=\"vertical-align: inherit;\"> \u00a0mkv, mp4.<\/span><br \/>\n<strong><span style=\"vertical-align: inherit;\">Audio:<\/span><\/strong><span style=\"vertical-align: inherit;\"> mp3, ac3 Espa\u00f1ol latino<\/span><\/p>\n<p><span style=\"vertical-align: inherit;\"><strong>Nota:<\/strong> 12 y 13 Castellano<\/span><\/p>","protected":false},"featured_media":7216,"comment_status":"open","ping_status":"closed","template":"","meta":[],"product_brand":[],"product_cat":[79,125,198,80,24],"product_tag":[37,289,168,216,132],"class_list":{"0":"post-7214","1":"product","2":"type-product","3":"status-publish","4":"has-post-thumbnail","6":"product_cat-720p","7":"product_cat-accion","8":"product_cat-aventura","9":"product_cat-ciencia-ficcion","10":"product_cat-series","11":"product_tag-37","12":"product_tag-70s-ano","13":"product_tag-720p","14":"product_tag-blaster-galactica","15":"product_tag-latino","17":"first","18":"instock","19":"sale","20":"downloadable","21":"virtual","22":"taxable","23":"purchasable","24":"product-type-simple"},"jetpack_sharing_enabled":true,"_links":{"self":[{"href":"https:\/\/tiendalibreshop.com\/en\/wp-json\/wp\/v2\/product\/7214","targetHints":{"allow":["GET"]}}],"collection":[{"href":"https:\/\/tiendalibreshop.com\/en\/wp-json\/wp\/v2\/product"}],"about":[{"href":"https:\/\/tiendalibreshop.com\/en\/wp-json\/wp\/v2\/types\/product"}],"replies":[{"embeddable":true,"href":"https:\/\/tiendalibreshop.com\/en\/wp-json\/wp\/v2\/comments?post=7214"}],"wp:featuredmedia":[{"embeddable":true,"href":"https:\/\/tiendalibreshop.com\/en\/wp-json\/wp\/v2\/media\/7216"}],"wp:attachment":[{"href":"https:\/\/tiendalibreshop.com\/en\/wp-json\/wp\/v2\/media?parent=7214"}],"wp:term":[{"taxonomy":"product_brand","embeddable":true,"href":"https:\/\/tiendalibreshop.com\/en\/wp-json\/wp\/v2\/product_brand?post=7214"},{"taxonomy":"product_cat","embeddable":true,"href":"https:\/\/tiendalibreshop.com\/en\/wp-json\/wp\/v2\/product_cat?post=7214"},{"taxonomy":"product_tag","embeddable":true,"href":"https:\/\/tiendalibreshop.com\/en\/wp-json\/wp\/v2\/product_tag?post=7214"}],"curies":[{"name":"wp","href":"https:\/\/api.w.org\/{rel}","templated":true}]}}