    {"id":7120,"date":"2025-02-14T04:00:51","date_gmt":"2025-02-14T04:00:51","guid":{"rendered":"https:\/\/tiendalibreshop.com\/?post_type=product&#038;p=7120"},"modified":"2026-05-02T21:26:25","modified_gmt":"2026-05-02T21:26:25","slug":"serie-completa-frasier-latino-1080p","status":"publish","type":"product","link":"https:\/\/tiendalibreshop.com\/en\/product\/serie-completa-frasier-latino-1080p\/","title":{"rendered":"Frasier (1993) \u2013 Serie completa de comedia inteligente inolvidable | Dual Latino Ingl\u00e9s 1080p HD"},"content":{"rendered":"<h1 data-start=\"414\" data-end=\"483\">\ud83d\udcfa <strong data-start=\"417\" data-end=\"483\">Frasier (1993) \u2013 Serie Completa [Dual Latino \/ Ingl\u00e9s \u2013 1080p]<\/strong><\/h1>\n<p data-start=\"485\" data-end=\"733\">Una de las comedias m\u00e1s premiadas y sofisticadas de la televisi\u00f3n.<br data-start=\"551\" data-end=\"554\" \/>Humor inteligente, di\u00e1logos brillantes y personajes inolvidables, ahora <strong data-start=\"626\" data-end=\"638\">completa<\/strong>, en <strong data-start=\"643\" data-end=\"660\">Full HD 1080p<\/strong>, con <strong data-start=\"666\" data-end=\"680\">audio dual<\/strong> y subt\u00edtulos, disponible en <strong data-start=\"709\" data-end=\"732\">TiendaLibreShop.com<\/strong>.<\/p>\n<h3 data-start=\"740\" data-end=\"764\">\ud83c\udfad <strong data-start=\"743\" data-end=\"764\">SINOPSIS RESUMIDA<\/strong><\/h3>\n<p data-start=\"766\" data-end=\"978\"><strong data-start=\"766\" data-end=\"777\">Frasier<\/strong> sigue la vida del <strong data-start=\"796\" data-end=\"817\">Dr. Frasier Crane<\/strong>, un psiquiatra refinado y arrogante que, tras divorciarse, regresa a su ciudad natal de Seattle para trabajar como locutor de radio dando consejos psicol\u00f3gicos.<\/p>\n<p data-start=\"980\" data-end=\"1248\">Mientras intenta mantener su imagen de sofisticaci\u00f3n, Frasier lidia con su padre <strong data-start=\"1061\" data-end=\"1071\">Martin<\/strong>, un ex polic\u00eda rudo y directo; su hermano <strong data-start=\"1114\" data-end=\"1123\">Niles<\/strong>, a\u00fan m\u00e1s elitista y neur\u00f3tico que \u00e9l; y una serie de situaciones absurdas que contrastan su intelecto con la vida cotidiana.<\/p>\n<p data-start=\"1250\" data-end=\"1372\">\u2728 Una comedia elegante, ir\u00f3nica y extremadamente inteligente, considerada una de las mejores sitcoms de todos los tiempos.<\/p>\n<h3 data-start=\"1379\" data-end=\"1406\">\ud83d\udce6 <strong data-start=\"1382\" data-end=\"1406\">DETALLES DE LA SERIE<\/strong><\/h3>\n<ul>\n<li data-start=\"1408\" data-end=\"1719\"><strong data-start=\"1408\" data-end=\"1419\">T\u00edtulo:<\/strong> Frasier<\/li>\n<li data-start=\"1408\" data-end=\"1719\"><strong data-start=\"1430\" data-end=\"1449\">A\u00f1o de estreno:<\/strong> 1993<\/li>\n<li data-start=\"1408\" data-end=\"1719\"><strong data-start=\"1457\" data-end=\"1466\">Pa\u00eds:<\/strong> Estados Unidos<\/li>\n<li data-start=\"1408\" data-end=\"1719\"><strong data-start=\"1484\" data-end=\"1499\">Temporadas:<\/strong> 11<\/li>\n<li data-start=\"1408\" data-end=\"1719\"><strong data-start=\"1505\" data-end=\"1519\">Episodios:<\/strong> 264<\/li>\n<li data-start=\"1408\" data-end=\"1719\"><strong data-start=\"1526\" data-end=\"1552\">Duraci\u00f3n por episodio:<\/strong> ~22 min<\/li>\n<li data-start=\"1408\" data-end=\"1719\"><strong data-start=\"1563\" data-end=\"1575\">Calidad:<\/strong> Full HD 1080p<\/li>\n<li data-start=\"1408\" data-end=\"1719\"><strong data-start=\"1592\" data-end=\"1604\">Formato:<\/strong> MP4<\/li>\n<li data-start=\"1408\" data-end=\"1719\"><strong data-start=\"1611\" data-end=\"1621\">Audio:<\/strong> Espa\u00f1ol Latino \/ Ingl\u00e9s (Dual)<\/li>\n<li data-start=\"1408\" data-end=\"1719\"><strong data-start=\"1655\" data-end=\"1670\">Subt\u00edtulos:<\/strong> Ingl\u00e9s \/ Portugu\u00e9s<\/li>\n<li data-start=\"1408\" data-end=\"1719\"><strong data-start=\"1692\" data-end=\"1709\">Tama\u00f1o total:<\/strong> ~195 GB<\/li>\n<\/ul>\n<p data-start=\"1721\" data-end=\"1789\">\ud83d\udc49 Serie completa, organizada por temporadas y lista para disfrutar.<\/p>\n<h3 data-start=\"1796\" data-end=\"1820\">\ud83d\udc65 <strong data-start=\"1799\" data-end=\"1820\">REPARTO PRINCIPAL<\/strong><\/h3>\n<p data-start=\"1822\" data-end=\"1970\">Kelsey Grammer \u2013 Frasier Crane<br data-start=\"1852\" data-end=\"1855\" \/>David Hyde Pierce \u2013 Niles Crane<br data-start=\"1886\" data-end=\"1889\" \/>John Mahoney \u2013 Martin Crane<br data-start=\"1916\" data-end=\"1919\" \/>Jane Leeves \u2013 Daphne Moon<br data-start=\"1944\" data-end=\"1947\" \/>Peri Gilpin \u2013 Roz Doyle<\/p>\n<p data-start=\"2332\" data-end=\"2380\"><\/p>\n<p data-start=\"2382\" data-end=\"2408\">\ud83d\udd12 <strong data-start=\"2385\" data-end=\"2408\">Contenido protegido<\/strong><\/p>\n<p data-start=\"2410\" data-end=\"2441\">\ud83c\udfac <strong data-start=\"2413\" data-end=\"2441\">\u00bfC\u00f3mo acceder a Frasier?<\/strong><\/p>\n<p data-start=\"2443\" data-end=\"2593\">\ud83d\udcb8 <strong data-start=\"2446\" data-end=\"2474\">Opci\u00f3n 1: Compra directa<\/strong><br data-start=\"2474\" data-end=\"2477\" \/>\u2714 Descarga de la serie completa<br data-start=\"2508\" data-end=\"2511\" \/>\u2714 Pago \u00fanico<br data-start=\"2523\" data-end=\"2526\" \/>\u2714 Acceso inmediato<br data-start=\"2544\" data-end=\"2547\" \/>\u2714 Ideal para coleccionistas de comedia cl\u00e1sica<\/p>\n<p data-start=\"2595\" data-end=\"2631\">\ud83d\udc8e <strong data-start=\"2598\" data-end=\"2631\">Opci\u00f3n 2: Membres\u00edas del Club<\/strong><\/p>\n<p data-start=\"2633\" data-end=\"2685\">Accede a Frasier y a cientos de comedias y cl\u00e1sicos:<\/p>\n<p data-start=\"2687\" data-end=\"2854\"><strong data-start=\"2687\" data-end=\"2697\">Bronce<\/strong> \u2013 ideal para probar<br data-start=\"2717\" data-end=\"2720\" \/><strong data-start=\"2720\" data-end=\"2729\">Plata<\/strong> \u2013 equilibrio precio \/ cat\u00e1logo<br data-start=\"2760\" data-end=\"2763\" \/><strong data-start=\"2763\" data-end=\"2770\">Oro<\/strong> \u2013 ideal para series completas en 1080p<br data-start=\"2809\" data-end=\"2812\" \/><strong data-start=\"2812\" data-end=\"2827\">Platinum 4K<\/strong> \u2013 acceso total al cat\u00e1logo<\/p>\n<p data-start=\"2856\" data-end=\"3059\">\u2b50 <strong data-start=\"2858\" data-end=\"2882\">Platinum 4K incluye:<\/strong><br \/>\n\u2022 120 d\u00edas de acceso<br data-start=\"2903\" data-end=\"2906\" \/>\u2022 500 cr\u00e9ditos<br data-start=\"2920\" data-end=\"2923\" \/>\u2022 Calidades: 480p \u00b7 720p \u00b7 1080p \u00b7 2K \u00b7 4K UHD<br data-start=\"2969\" data-end=\"2972\" \/>\u2022 Enlaces activos por 5 meses<br data-start=\"3001\" data-end=\"3004\" \/>\u2022 Prioridad en nuevas remasterizaciones<br data-start=\"3043\" data-end=\"3046\" \/>\u2022 Soporte VIP<\/p>\n<p data-start=\"3061\" data-end=\"3152\">\ud83c\udf81 <strong data-start=\"3064\" data-end=\"3073\">BONO:<\/strong> 20 % de descuento por renovaci\u00f3n anticipada<br data-start=\"3117\" data-end=\"3120\" \/>\ud83d\udfe2 Acceso inmediato tras el pago<\/p>\n<p data-start=\"3154\" data-end=\"3185\"><\/p>\n<h3 data-start=\"3192\" data-end=\"3227\">\u2b50 <strong data-start=\"3194\" data-end=\"3227\">\u00bfPOR QU\u00c9 ELEGIR ESTA VERSI\u00d3N?<\/strong><\/h3>\n<p data-start=\"3229\" data-end=\"3443\">\u2714 Audio Dual Latino \/ Ingl\u00e9s<br data-start=\"3257\" data-end=\"3260\" \/>\u2714 Subt\u00edtulos en Ingl\u00e9s y Portugu\u00e9s<br data-start=\"3294\" data-end=\"3297\" \/>\u2714 Serie completa en Full HD 1080p<br data-start=\"3330\" data-end=\"3333\" \/>\u2714 Humor inteligente y sofisticado<br data-start=\"3366\" data-end=\"3369\" \/>\u2714 Una de las sitcoms m\u00e1s premiadas de la historia<br data-start=\"3418\" data-end=\"3421\" \/>\u2714 Ideal para maratones<\/p>","protected":false},"excerpt":{"rendered":"<h3 data-start=\"1379\" data-end=\"1406\">\ud83d\udce6 <strong data-start=\"1382\" data-end=\"1406\">DETALLES DE LA SERIE<\/strong><\/h3>\n<ul>\n<li><span style=\"color: #ff0000;\">AHORA LO NUEVO : STREAMING REVISA NUESTROS PLANES.<\/span><\/li>\n<li data-start=\"1408\" data-end=\"1719\"><strong data-start=\"1408\" data-end=\"1419\">T\u00edtulo:<\/strong> Frasier<\/li>\n<li data-start=\"1408\" data-end=\"1719\"><strong data-start=\"1430\" data-end=\"1449\">A\u00f1o de estreno:<\/strong> 1993<\/li>\n<li data-start=\"1408\" data-end=\"1719\"><strong data-start=\"1457\" data-end=\"1466\">Pa\u00eds:<\/strong> Estados Unidos<\/li>\n<li data-start=\"1408\" data-end=\"1719\"><strong data-start=\"1484\" data-end=\"1499\">Temporadas:<\/strong> 11<\/li>\n<li data-start=\"1408\" data-end=\"1719\"><strong data-start=\"1505\" data-end=\"1519\">Episodios:<\/strong> 264<\/li>\n<li data-start=\"1408\" data-end=\"1719\"><strong data-start=\"1526\" data-end=\"1552\">Duraci\u00f3n por episodio:<\/strong> ~22 min<\/li>\n<li data-start=\"1408\" data-end=\"1719\"><strong data-start=\"1563\" data-end=\"1575\">Calidad:<\/strong> Full HD 1080p<\/li>\n<li data-start=\"1408\" data-end=\"1719\"><strong data-start=\"1592\" data-end=\"1604\">Formato:<\/strong> MP4<\/li>\n<li data-start=\"1408\" data-end=\"1719\"><strong data-start=\"1611\" data-end=\"1621\">Audio:<\/strong> Espa\u00f1ol Latino \/ Ingl\u00e9s (Dual)<\/li>\n<li data-start=\"1408\" data-end=\"1719\"><strong data-start=\"1655\" data-end=\"1670\">Subt\u00edtulos:<\/strong> Ingl\u00e9s \/ Portugu\u00e9s<\/li>\n<li data-start=\"1408\" data-end=\"1719\"><strong data-start=\"1692\" data-end=\"1709\">Tama\u00f1o total:<\/strong> ~195 GB<\/li>\n<\/ul>\n<p data-start=\"1721\" data-end=\"1789\">\ud83d\udc49 Serie completa, organizada por temporadas y lista para disfrutar.<\/p>","protected":false},"featured_media":20419,"comment_status":"open","ping_status":"closed","template":"","meta":[],"product_brand":[],"product_cat":[27,104,24,276],"product_tag":[921,797,346,920,760,922,511],"class_list":{"0":"post-7120","1":"product","2":"type-product","3":"status-publish","4":"has-post-thumbnail","6":"product_cat-1080p","7":"product_cat-comedia","8":"product_cat-series","9":"product_cat-sitcom","10":"product_tag-comedia-inteligente","11":"product_tag-dual-audio","12":"product_tag-frasier","13":"product_tag-frasier-1993","14":"product_tag-latino-1080p","15":"product_tag-series-90s","16":"product_tag-sitcom-clasica","18":"first","19":"instock","20":"sale","21":"purchasable","22":"product-type-variable"},"jetpack_sharing_enabled":true,"_links":{"self":[{"href":"https:\/\/tiendalibreshop.com\/en\/wp-json\/wp\/v2\/product\/7120","targetHints":{"allow":["GET"]}}],"collection":[{"href":"https:\/\/tiendalibreshop.com\/en\/wp-json\/wp\/v2\/product"}],"about":[{"href":"https:\/\/tiendalibreshop.com\/en\/wp-json\/wp\/v2\/types\/product"}],"replies":[{"embeddable":true,"href":"https:\/\/tiendalibreshop.com\/en\/wp-json\/wp\/v2\/comments?post=7120"}],"wp:featuredmedia":[{"embeddable":true,"href":"https:\/\/tiendalibreshop.com\/en\/wp-json\/wp\/v2\/media\/20419"}],"wp:attachment":[{"href":"https:\/\/tiendalibreshop.com\/en\/wp-json\/wp\/v2\/media?parent=7120"}],"wp:term":[{"taxonomy":"product_brand","embeddable":true,"href":"https:\/\/tiendalibreshop.com\/en\/wp-json\/wp\/v2\/product_brand?post=7120"},{"taxonomy":"product_cat","embeddable":true,"href":"https:\/\/tiendalibreshop.com\/en\/wp-json\/wp\/v2\/product_cat?post=7120"},{"taxonomy":"product_tag","embeddable":true,"href":"https:\/\/tiendalibreshop.com\/en\/wp-json\/wp\/v2\/product_tag?post=7120"}],"curies":[{"name":"wp","href":"https:\/\/api.w.org\/{rel}","templated":true}]}}