    {"id":7091,"date":"2025-02-12T21:22:03","date_gmt":"2025-02-12T21:22:03","guid":{"rendered":"https:\/\/tiendalibreshop.com\/?post_type=product&#038;p=7091"},"modified":"2026-02-09T10:41:45","modified_gmt":"2026-02-09T10:41:45","slug":"%f0%9f%93%ba-serie-completa-sexo-en-la-ciudad","status":"publish","type":"product","link":"https:\/\/tiendalibreshop.com\/en\/product\/%f0%9f%93%ba-serie-completa-sexo-en-la-ciudad\/","title":{"rendered":"\ud83d\udcfa Serie completa Sexo en la ciudad [Castellano] &#8211; [480p]"},"content":{"rendered":"<h1>Sexo en la ciudad [Castellano] &#8211; [480p]<\/h1>\n<h3><strong><span style=\"vertical-align: inherit;\"><span style=\"vertical-align: inherit;\"><span style=\"vertical-align: inherit;\"><span style=\"vertical-align: inherit;\">Una serie Drama Inolvidable en TiendaLibreShop.com\u00bb<\/span><\/span><\/span><\/span><\/strong><\/h3>\n<p><strong><span style=\"vertical-align: inherit;\"><span style=\"vertical-align: inherit;\"><span style=\"vertical-align: inherit;\"><span style=\"vertical-align: inherit;\">Sinopsis resumida:<\/span><\/span><\/span><\/span><\/strong><\/p>\n<div class=\"flex-1 overflow-hidden\">\n<div class=\"react-scroll-to-bottom--css-caugf-79elbk h-full\">\n<div class=\"react-scroll-to-bottom--css-caugf-1n7m0yu\">\n<div class=\"flex flex-col pb-9 text-sm\">\n<div class=\"w-full text-token-text-primary\" data-testid=\"conversation-turn-17\">\n<div class=\"px-4 py-2 justify-center text-base md:gap-6 m-auto\">\n<div class=\"flex flex-1 text-base mx-auto gap-3 md:px-5 lg:px-1 xl:px-5 md:max-w-3xl lg:max-w-[40rem] xl:max-w-[48rem] group final-completion\">\n<div class=\"relative flex w-full flex-col lg:w-[calc(100%-115px)] agent-turn\">\n<div class=\"flex-col gap-1 md:gap-3\">\n<div class=\"flex flex-grow flex-col max-w-full\">\n<div class=\"min-h-[20px] text-message flex flex-col items-start gap-3 whitespace-pre-wrap break-words [.text-message+&]:mt-5 overflow-x-auto\" data-message-author-role=\"assistant\" data-message-id=\"7a41280b-9bcc-4cbc-8397-1e8874bf5a70\">\n<div class=\"markdown prose w-full break-words dark:prose-invert dark\">\n<div class=\"flex-1 overflow-hidden\">\n<div class=\"react-scroll-to-bottom--css-wsvcj-79elbk h-full\">\n<div class=\"react-scroll-to-bottom--css-wsvcj-1n7m0yu\">\n<div class=\"flex flex-col pb-9 text-sm\">\n<div class=\"w-full text-token-text-primary\" data-testid=\"conversation-turn-29\">\n<div class=\"px-4 py-2 justify-center text-base md:gap-6 m-auto\">\n<div class=\"flex flex-1 text-base mx-auto gap-3 md:px-5 lg:px-1 xl:px-5 md:max-w-3xl lg:max-w-[40rem] xl:max-w-[48rem] group final-completion\">\n<div class=\"relative flex w-full flex-col lg:w-[calc(100%-115px)] agent-turn\">\n<div class=\"flex-col gap-1 md:gap-3\">\n<div class=\"flex flex-grow flex-col max-w-full\">\n<div class=\"min-h-[20px] text-message flex flex-col items-start gap-3 whitespace-pre-wrap break-words [.text-message+&]:mt-5 overflow-x-auto\" data-message-author-role=\"assistant\" data-message-id=\"63438682-f3b7-4e81-a06e-0e93a104fa25\">\n<div class=\"markdown prose w-full break-words dark:prose-invert dark\">\n<div class=\"flex-1 overflow-hidden\">\n<div class=\"react-scroll-to-bottom--css-isepj-79elbk h-full\">\n<div class=\"react-scroll-to-bottom--css-isepj-1n7m0yu\">\n<div class=\"flex flex-col text-sm pb-9\">\n<div class=\"w-full text-token-text-primary\" dir=\"auto\" data-testid=\"conversation-turn-365\" data-scroll-anchor=\"true\">\n<div class=\"px-4 py-2 justify-center text-base md:gap-6 m-auto\">\n<div class=\"flex flex-1 text-base mx-auto gap-3 juice:gap-4 juice:md:gap-6 md:px-5 lg:px-1 xl:px-5 md:max-w-3xl lg:max-w-[40rem] xl:max-w-[48rem]\">\n<div class=\"relative flex w-full min-w-0 flex-col agent-turn\">\n<div class=\"flex-col gap-1 md:gap-3\">\n<div class=\"flex flex-grow flex-col max-w-full\">\n<div class=\"min-h-[20px] text-message flex flex-col items-start gap-3 whitespace-pre-wrap break-words [.text-message+&]:mt-5 overflow-x-auto\" dir=\"auto\" data-message-author-role=\"assistant\" data-message-id=\"a4b3d001-1433-42bb-9094-1d1e1354d271\">\n<div class=\"markdown prose w-full break-words dark:prose-invert dark\">\n<p><strong>\u00abSexo en la ciudad\u00bb (1998)<\/strong> La serie sigue la vida de cuatro amigas en Nueva York: Carrie, Miranda, Charlotte y Samantha. A trav\u00e9s de su amistad, exploran temas como el amor, el sexo y la independencia en una sociedad moderna.<\/p>\n<\/div>\n<\/div>\n<\/div>\n<\/div>\n<\/div>\n<\/div>\n<\/div>\n<\/div>\n<\/div>\n<\/div>\n<\/div>\n<\/div>\n<\/div>\n<\/div>\n<\/div>\n<\/div>\n<\/div>\n<\/div>\n<\/div>\n<\/div>\n<\/div>\n<\/div>\n<\/div>\n<\/div>\n<\/div>\n<\/div>\n<\/div>\n<\/div>\n<\/div>\n<\/div>\n<\/div>\n<\/div>\n<\/div>\n<\/div>\n<\/div>\n<\/div>\n<p><strong><span style=\"vertical-align: inherit;\"><span style=\"vertical-align: inherit;\"><span style=\"vertical-align: inherit;\"><span style=\"vertical-align: inherit;\">DETALLES DE LA SERIE<\/span><\/span><\/span><\/span><\/strong><\/p>\n<p><strong><span style=\"vertical-align: inherit;\"><span style=\"vertical-align: inherit;\"><span style=\"vertical-align: inherit;\"><span style=\"vertical-align: inherit;\">T\u00edtulo Original:<\/span><\/span><\/span><\/span><\/strong><span style=\"vertical-align: inherit;\"><span style=\"vertical-align: inherit;\"><span style=\"vertical-align: inherit;\"><span style=\"vertical-align: inherit;\"> Sexo en la ciudad<\/span><\/span><\/span><\/span><br \/>\n<strong><span style=\"vertical-align: inherit;\"><span style=\"vertical-align: inherit;\"><span style=\"vertical-align: inherit;\"><span style=\"vertical-align: inherit;\">A\u00f1os:<\/span><\/span><\/span><\/span><\/strong><span style=\"vertical-align: inherit;\"><span style=\"vertical-align: inherit;\"><span style=\"vertical-align: inherit;\"><span style=\"vertical-align: inherit;\">\u00a0 1998<\/span><\/span><\/span><\/span><br \/>\n<strong><span style=\"vertical-align: inherit;\"><span style=\"vertical-align: inherit;\"><span style=\"vertical-align: inherit;\"><span style=\"vertical-align: inherit;\">Pa\u00eds:<\/span><\/span><\/span><\/span><\/strong><span style=\"vertical-align: inherit;\"><span style=\"vertical-align: inherit;\"><span style=\"vertical-align: inherit;\"><span style=\"vertical-align: inherit;\"> Estados Unidos<\/span><\/span><\/span><\/span><br \/>\n<strong><span style=\"vertical-align: inherit;\"><span style=\"vertical-align: inherit;\"><span style=\"vertical-align: inherit;\"><span style=\"vertical-align: inherit;\">Temporadas:<\/span><\/span><\/span><\/span><\/strong><span style=\"vertical-align: inherit;\"><span style=\"vertical-align: inherit;\"><span style=\"vertical-align: inherit;\"><span style=\"vertical-align: inherit;\"> 6<\/span><\/span><\/span><\/span><br \/>\n<strong><span style=\"vertical-align: inherit;\"><span style=\"vertical-align: inherit;\"><span style=\"vertical-align: inherit;\"><span style=\"vertical-align: inherit;\">Episodio:\u00a0 <\/span><\/span><\/span><\/span><\/strong><span style=\"vertical-align: inherit;\"><span style=\"vertical-align: inherit;\"><span style=\"vertical-align: inherit;\"><span style=\"vertical-align: inherit;\">94<\/span><\/span><\/span><\/span><br \/>\n<strong><span style=\"vertical-align: inherit;\"><span style=\"vertical-align: inherit;\"><span style=\"vertical-align: inherit;\"><span style=\"vertical-align: inherit;\">Duraci\u00f3n:<\/span><\/span><\/span><\/span><\/strong><span style=\"vertical-align: inherit;\"><span style=\"vertical-align: inherit;\"><span style=\"vertical-align: inherit;\"><span style=\"vertical-align: inherit;\"> 20 min <\/span><\/span><\/span><\/span><br \/>\n<strong><span style=\"vertical-align: inherit;\"><span style=\"vertical-align: inherit;\"><span style=\"vertical-align: inherit;\"><span style=\"vertical-align: inherit;\">Calidad (Resoluci\u00f3n):<\/span><\/span><\/span><\/span><\/strong><span style=\"vertical-align: inherit;\"><span style=\"vertical-align: inherit;\"><span style=\"vertical-align: inherit;\"><span style=\"vertical-align: inherit;\"> 480p<\/span><\/span><\/span><\/span><br \/>\n<strong><span style=\"vertical-align: inherit;\"><span style=\"vertical-align: inherit;\"><span style=\"vertical-align: inherit;\"><span style=\"vertical-align: inherit;\">Tama\u00f1o:<\/span><\/span><\/span><\/span><\/strong> 25.64 GB <span style=\"vertical-align: inherit;\"><span style=\"vertical-align: inherit;\"><span style=\"vertical-align: inherit;\"><span style=\"vertical-align: inherit;\">(Aprox.) <\/span><\/span><\/span><\/span><br \/>\n<strong><span style=\"vertical-align: inherit;\"><span style=\"vertical-align: inherit;\"><span style=\"vertical-align: inherit;\"><span style=\"vertical-align: inherit;\">Formato:<\/span><\/span><\/span><\/span><\/strong><span style=\"vertical-align: inherit;\"><span style=\"vertical-align: inherit;\"><span style=\"vertical-align: inherit;\"><span style=\"vertical-align: inherit;\"> \u00a0mkv, mp4.<\/span><\/span><\/span><\/span><br \/>\n<strong><span style=\"vertical-align: inherit;\"><span style=\"vertical-align: inherit;\"><span style=\"vertical-align: inherit;\"><span style=\"vertical-align: inherit;\">Audio:<\/span><\/span><\/span><\/span><\/strong><span style=\"vertical-align: inherit;\"><span style=\"vertical-align: inherit;\"><span style=\"vertical-align: inherit;\"><span style=\"vertical-align: inherit;\"> mp3, ac3 Latino, castellano<br \/>\n<strong>NOTA:<\/strong> Temporadas 1 y\u00a0 2 Latino<\/span><\/span><\/span><\/span><\/p>\n<p><strong><span style=\"color: #ff0000;\">Elige c\u00f3mo disfrutar tus series favoritas! \ud83c\udfac<\/span><\/strong><\/p>\n<p>\ud83c\udf89<strong> Opci\u00f3n 1:<\/strong> Compra Directa<br \/>\nAdquiere esta serie individual sin necesidad de cr\u00e9ditos.<br \/>\nPaga \u00fanicamente por la serie que deseas descargar.<br \/>\nIdeal si solo buscas este contenido en particular.<\/p>\n<p>\ud83d\udc8e<strong> Opci\u00f3n 2:<\/strong> Membres\u00eda Club Bronce<br \/>\n\u23f3 <strong>Duraci\u00f3n:<\/strong> 15 d\u00edas de acceso exclusivo.<br \/>\nObt\u00e9n un paquete de 30 cr\u00e9ditos, ideal para:<\/p>\n<p>Descargar 3 series completas en 480p.<br \/>\nSolicitar 2 series personalizadas a trav\u00e9s de nuestro soporte.<br \/>\n\ud83d\udca1 Ventajas \u00fanicas:<\/p>\n<p>Acceso r\u00e1pido y f\u00e1cil a contenido espec\u00edfico.<br \/>\nPerfecto para usuarios que quieren probar nuestro servicio o consumir contenido ocasionalmente.<br \/>\n\ud83d\udd10 Tu acceso estar\u00e1 disponible inmediatamente despu\u00e9s de realizar el pago.<br \/>\n<strong>OFERTA POR TIEMPO LIMITADO<\/strong><\/p>\n<h4><strong><\/strong><\/h4>\n<h4><strong>\u00a1Descarga esta serie por 10 cr\u00e9ditos!<\/strong><\/h4>\n<h4><span style=\"vertical-align: inherit;\">Suscr\u00edbase a nuestro club Membresia Oro y descargue y obtenga 140 cr\u00e9ditos para descargar sus series favoritas y ahorre un 75 % de descuento.<\/span><\/h4>\n<h4><a class=\"button button-style-1\" href=\"https:\/\/tiendalibreshop.com\/en\/membresia-retro\/\" target=\"_blank\" rel=\"noopener\">\u00daNETE AL CLUB<\/a><\/h4>\n<h4><\/h4>\n<p><strong><span style=\"vertical-align: inherit;\"><span style=\"vertical-align: inherit;\"><span style=\"vertical-align: inherit;\"><span style=\"vertical-align: inherit;\"><span style=\"vertical-align: inherit;\"><span style=\"vertical-align: inherit;\">Reparto:\u00a0<\/span><\/span><\/span><\/span><\/span><\/span><\/strong><\/p>\n<div class=\"TT9RUc uV10if\">\n<ul>\n<li>Sarah Jessica Parker como Carrie Bradshaw<\/li>\n<li>Kim Cattrall como Samantha Jones<\/li>\n<li>Kristin Davis como Charlotte York<\/li>\n<li>Cynthia Nixon como Miranda Hobbes<\/li>\n<\/ul>\n<\/div>","protected":false},"excerpt":{"rendered":"<p><strong><span style=\"vertical-align: inherit;\">DETALLES DE LA SERIE<\/span><\/strong><\/p>\n<p><strong><span style=\"vertical-align: inherit;\">T\u00edtulo Original:<\/span><\/strong><span style=\"vertical-align: inherit;\"> Sexo en la ciudad<\/span><br \/>\n<strong><span style=\"vertical-align: inherit;\">A\u00f1os:<\/span><\/strong><span style=\"vertical-align: inherit;\">\u00a0 1998<\/span><br \/>\n<strong><span style=\"vertical-align: inherit;\">Pa\u00eds:<\/span><\/strong><span style=\"vertical-align: inherit;\"> Estados Unidos<\/span><br \/>\n<strong><span style=\"vertical-align: inherit;\">Temporadas:<\/span><\/strong><span style=\"vertical-align: inherit;\"> 6<\/span><br \/>\n<strong><span style=\"vertical-align: inherit;\">Episodio:\u00a0 <\/span><\/strong><span style=\"vertical-align: inherit;\">94<\/span><br \/>\n<strong><span style=\"vertical-align: inherit;\">Duraci\u00f3n:<\/span><\/strong><span style=\"vertical-align: inherit;\"> 20 min <\/span><br \/>\n<strong><span style=\"vertical-align: inherit;\">Calidad (Resoluci\u00f3n):<\/span><\/strong><span style=\"vertical-align: inherit;\"> 480p<\/span><br \/>\n<strong><span style=\"vertical-align: inherit;\">Tama\u00f1o:<\/span><\/strong> 25.64 GB <span style=\"vertical-align: inherit;\">(Aprox.) <\/span><br \/>\n<strong><span style=\"vertical-align: inherit;\">Formato:<\/span><\/strong><span style=\"vertical-align: inherit;\"> \u00a0mkv, mp4.<\/span><br \/>\n<strong><span style=\"vertical-align: inherit;\">Audio:<\/span><\/strong><span style=\"vertical-align: inherit;\"> mp3, ac3 Latino, castellano<br \/>\n<strong>NOTA:<\/strong> Temporadas 1 y\u00a0 2 Latino<\/span><\/p>","protected":false},"featured_media":7098,"comment_status":"open","ping_status":"closed","template":"","meta":[],"product_brand":[],"product_cat":[31,104,99,203,24,276],"product_tag":[336,131,286,135,337,157],"class_list":{"0":"post-7091","1":"product","2":"type-product","3":"status-publish","4":"has-post-thumbnail","6":"product_cat-480p","7":"product_cat-comedia","8":"product_cat-drama","9":"product_cat-romance","10":"product_cat-series","11":"product_cat-sitcom","12":"product_tag-336","13":"product_tag-480p","14":"product_tag-90s-ano","15":"product_tag-castellano","16":"product_tag-sexo-en-la-ciudad","17":"product_tag-subtitulado","19":"first","20":"instock","21":"sale","22":"downloadable","23":"virtual","24":"taxable","25":"purchasable","26":"product-type-simple"},"jetpack_sharing_enabled":true,"_links":{"self":[{"href":"https:\/\/tiendalibreshop.com\/en\/wp-json\/wp\/v2\/product\/7091","targetHints":{"allow":["GET"]}}],"collection":[{"href":"https:\/\/tiendalibreshop.com\/en\/wp-json\/wp\/v2\/product"}],"about":[{"href":"https:\/\/tiendalibreshop.com\/en\/wp-json\/wp\/v2\/types\/product"}],"replies":[{"embeddable":true,"href":"https:\/\/tiendalibreshop.com\/en\/wp-json\/wp\/v2\/comments?post=7091"}],"wp:featuredmedia":[{"embeddable":true,"href":"https:\/\/tiendalibreshop.com\/en\/wp-json\/wp\/v2\/media\/7098"}],"wp:attachment":[{"href":"https:\/\/tiendalibreshop.com\/en\/wp-json\/wp\/v2\/media?parent=7091"}],"wp:term":[{"taxonomy":"product_brand","embeddable":true,"href":"https:\/\/tiendalibreshop.com\/en\/wp-json\/wp\/v2\/product_brand?post=7091"},{"taxonomy":"product_cat","embeddable":true,"href":"https:\/\/tiendalibreshop.com\/en\/wp-json\/wp\/v2\/product_cat?post=7091"},{"taxonomy":"product_tag","embeddable":true,"href":"https:\/\/tiendalibreshop.com\/en\/wp-json\/wp\/v2\/product_tag?post=7091"}],"curies":[{"name":"wp","href":"https:\/\/api.w.org\/{rel}","templated":true}]}}