    {"id":6583,"date":"2024-11-13T23:27:09","date_gmt":"2024-11-13T23:27:09","guid":{"rendered":"https:\/\/tiendalibreshop.com\/?post_type=product&#038;p=6583"},"modified":"2026-04-07T03:03:25","modified_gmt":"2026-04-07T03:03:25","slug":"serie-completa-quien-manda-a-quien-hd","status":"publish","type":"product","link":"https:\/\/tiendalibreshop.com\/en\/product\/serie-completa-quien-manda-a-quien-hd\/","title":{"rendered":"Qui\u00e9n manda a qui\u00e9n (1984) \u2013 Serie completa de comedia familiar inolvidable | Latino 1080p HD"},"content":{"rendered":"<h1 data-start=\"437\" data-end=\"504\">\ud83d\udcfa <strong data-start=\"440\" data-end=\"504\">Qui\u00e9n manda a qui\u00e9n (1984) \u2013 Serie Completa [Latino \u2013 1080p]<\/strong><\/h1>\n<p data-start=\"506\" data-end=\"702\">Una comedia familiar cl\u00e1sica de los a\u00f1os 80 que rompi\u00f3 estereotipos y conquist\u00f3 generaciones, ahora completa en <strong data-start=\"618\" data-end=\"635\">Full HD 1080p<\/strong> and <strong data-start=\"638\" data-end=\"662\">audio espa\u00f1ol latino<\/strong>, disponible en <strong data-start=\"678\" data-end=\"701\">TiendaLibreShop.com<\/strong>.<\/p>\n<h3 data-start=\"709\" data-end=\"732\">\ud83c\udfad SINOPSIS RESUMIDA<\/h3>\n<p data-start=\"734\" data-end=\"992\"><strong data-start=\"734\" data-end=\"757\">Qui\u00e9n manda a qui\u00e9n<\/strong> (<em data-start=\"759\" data-end=\"776\">Who\u2019s the Boss?<\/em>, 1984) narra la historia de <strong data-start=\"805\" data-end=\"821\">Tony Micelli<\/strong>, un exbeisbolista profesional que decide mudarse a Nueva York junto a su hija para trabajar como amo de llaves de <strong data-start=\"936\" data-end=\"952\">Angela Bower<\/strong>, una ejecutiva exitosa y madre soltera.<\/p>\n<p data-start=\"994\" data-end=\"1337\">Lo que comienza como una relaci\u00f3n laboral poco convencional se convierte en una convivencia llena de humor, choques culturales, situaciones familiares y crecimiento personal.<br data-start=\"1168\" data-end=\"1171\" \/>La serie aborda con inteligencia temas como los roles de g\u00e9nero, la paternidad, la independencia femenina y la vida moderna, siempre desde un tono c\u00e1lido y divertido.<\/p>\n<p data-start=\"1339\" data-end=\"1425\">\u2728 Un cl\u00e1sico inolvidable de la comedia familiar que sigue siendo vigente y entra\u00f1able.<\/p>\n<h3 data-start=\"1432\" data-end=\"1458\">\ud83d\udce6 DETALLES DE LA SERIE<\/h3>\n<ul>\n<li data-start=\"1460\" data-end=\"1768\"><strong data-start=\"1460\" data-end=\"1471\">T\u00edtulo:<\/strong> Qui\u00e9n manda a qui\u00e9n<\/li>\n<li data-start=\"1460\" data-end=\"1768\"><strong data-start=\"1494\" data-end=\"1514\">T\u00edtulo original:<\/strong> Who\u2019s the Boss?<\/li>\n<li data-start=\"1460\" data-end=\"1768\"><strong data-start=\"1533\" data-end=\"1552\">A\u00f1o de estreno:<\/strong> 1984<\/li>\n<li data-start=\"1460\" data-end=\"1768\"><strong data-start=\"1560\" data-end=\"1569\">Pa\u00eds:<\/strong> Estados Unidos<\/li>\n<li data-start=\"1460\" data-end=\"1768\"><strong data-start=\"1587\" data-end=\"1602\">Temporadas:<\/strong> 8<\/li>\n<li data-start=\"1460\" data-end=\"1768\"><strong data-start=\"1607\" data-end=\"1621\">Episodios:<\/strong> 196<\/li>\n<li data-start=\"1460\" data-end=\"1768\"><strong data-start=\"1628\" data-end=\"1654\">Duraci\u00f3n por episodio:<\/strong> ~24 min<\/li>\n<li data-start=\"1460\" data-end=\"1768\"><strong data-start=\"1665\" data-end=\"1677\">Calidad:<\/strong> Full HD 1080p<\/li>\n<li data-start=\"1460\" data-end=\"1768\"><strong data-start=\"1694\" data-end=\"1706\">Formato:<\/strong> MKV<\/li>\n<li data-start=\"1460\" data-end=\"1768\"><strong data-start=\"1713\" data-end=\"1723\">Audio:<\/strong> Latin American Spanish<\/li>\n<li data-start=\"1460\" data-end=\"1768\"><strong data-start=\"1741\" data-end=\"1758\">Tama\u00f1o total:<\/strong> ~194 GB<\/li>\n<\/ul>\n<p data-start=\"1770\" data-end=\"1838\">\ud83d\udc49 Serie completa, organizada por temporadas y lista para disfrutar.<\/p>\n<h3 data-start=\"1845\" data-end=\"1868\">\ud83d\udc65 REPARTO PRINCIPAL<\/h3>\n<ul>\n<li data-start=\"1870\" data-end=\"2032\">Tony Danza \u2013 Tony Micelli<\/li>\n<li data-start=\"1870\" data-end=\"2032\">Judith Light \u2013 Angela Bower<\/li>\n<li data-start=\"1870\" data-end=\"2032\">Alyssa Milano \u2013 Samantha Micelli<\/li>\n<li data-start=\"1870\" data-end=\"2032\">Danny Pintauro \u2013 Jonathan Bower<\/li>\n<li data-start=\"1870\" data-end=\"2032\">Katherine Helmond \u2013 Mona Robinson<\/li>\n<\/ul>\n<div class=\"contain-inline-size rounded-2xl corner-superellipse\/1.1 relative bg-token-sidebar-surface-primary\">\n<div class=\"sticky top-[calc(--spacing(9)+var(--header-height))] @w-xl\/main:top-9\"><\/div>\n<div class=\"overflow-y-auto p-4\" dir=\"ltr\"><code class=\"whitespace-pre! language-text\"><br \/>\n<\/code><\/div>\n<\/div>\n<h3 data-start=\"2436\" data-end=\"2464\">\ud83d\udd12 Contenido protegido<\/h3>\n<p data-start=\"2465\" data-end=\"2508\">\ud83c\udfac <strong data-start=\"2468\" data-end=\"2508\">\u00bfC\u00f3mo acceder a Qui\u00e9n manda a qui\u00e9n?<\/strong><\/p>\n<h4 data-start=\"2510\" data-end=\"2542\">\ud83d\udcb8 Opci\u00f3n 1: Compra directa<\/h4>\n<p data-start=\"2543\" data-end=\"2654\">\u2714 Descarga de la serie completa<br data-start=\"2574\" data-end=\"2577\" \/>\u2714 Pago \u00fanico<br data-start=\"2589\" data-end=\"2592\" \/>\u2714 Acceso inmediato<br data-start=\"2610\" data-end=\"2613\" \/>\u2714 Ideal para coleccionistas de cl\u00e1sicos<\/p>\n<h4 data-start=\"2656\" data-end=\"2693\">\ud83d\udc8e Opci\u00f3n 2: Membres\u00edas del Club<\/h4>\n<p data-start=\"2694\" data-end=\"2737\">Accede a esta y muchas m\u00e1s series cl\u00e1sicas:<\/p>\n<ul>\n<li data-start=\"2741\" data-end=\"2768\">Bronce: ideal para probar<\/li>\n<li data-start=\"2771\" data-end=\"2808\">Plata: equilibrio precio \/ cat\u00e1logo<\/li>\n<li data-start=\"2811\" data-end=\"2854\">Oro: ideal para series completas en 1080p<\/li>\n<li data-start=\"2857\" data-end=\"2896\">Platinum 4K: acceso total al cat\u00e1logo<\/li>\n<\/ul>\n<p data-start=\"2898\" data-end=\"2926\">\u2b50 <strong data-start=\"2900\" data-end=\"2924\">Platinum 4K incluye:<\/strong><\/p>\n<ul>\n<li data-start=\"2929\" data-end=\"2949\">120 d\u00edas de acceso<\/li>\n<li data-start=\"2952\" data-end=\"2966\">500 cr\u00e9ditos<\/li>\n<li data-start=\"2969\" data-end=\"3015\">Calidades: 480p \u00b7 720p \u00b7 1080p \u00b7 2K \u00b7 4K UHD<\/li>\n<li data-start=\"3018\" data-end=\"3047\">Enlaces activos por 5 meses<\/li>\n<li data-start=\"3050\" data-end=\"3089\">Prioridad en nuevas remasterizaciones<\/li>\n<li data-start=\"3092\" data-end=\"3117\">Soporte VIP prioritario<\/li>\n<\/ul>\n<p data-start=\"3119\" data-end=\"3210\">\ud83c\udf81 <strong data-start=\"3122\" data-end=\"3131\">BONO:<\/strong> 20 % de descuento por renovaci\u00f3n anticipada<br data-start=\"3175\" data-end=\"3178\" \/>\ud83d\udfe2 Acceso inmediato tras el pago<\/p>\n<div class=\"contain-inline-size rounded-2xl corner-superellipse\/1.1 relative bg-token-sidebar-surface-primary\">\n<div class=\"overflow-y-auto p-4\" dir=\"ltr\"><code class=\"whitespace-pre! language-text\"><br \/>\n<\/code><\/div>\n<\/div>\n<h3 data-start=\"3262\" data-end=\"3296\">\u2b50 \u00bfPOR QU\u00c9 ELEGIR ESTA VERSI\u00d3N?<\/h3>\n<p data-start=\"3298\" data-end=\"3451\">\u2714 Audio Espa\u00f1ol Latino<br data-start=\"3320\" data-end=\"3323\" \/>\u2714 Serie completa en Full HD 1080p<br data-start=\"3356\" data-end=\"3359\" \/>\u2714 Comedia familiar cl\u00e1sica<br data-start=\"3385\" data-end=\"3388\" \/>\u2714 Personajes entra\u00f1ables<br data-start=\"3412\" data-end=\"3415\" \/>\u2714 Ideal para nostalgia y maratones<\/p>","protected":false},"excerpt":{"rendered":"<h3 data-start=\"1432\" data-end=\"1458\">\ud83d\udce6 DETALLES DE LA SERIE<\/h3>\n<ul>\n<li><strong><span style=\"color: #ff0000;\">AHORA LO NUEVO : STREAMING REVISA NUESTROS PLANES.<\/span><\/strong><\/li>\n<\/ul>\n<ul>\n<li data-start=\"1460\" data-end=\"1768\"><strong data-start=\"1460\" data-end=\"1471\">T\u00edtulo:<\/strong> Qui\u00e9n manda a qui\u00e9n<\/li>\n<li data-start=\"1460\" data-end=\"1768\"><strong data-start=\"1494\" data-end=\"1514\">T\u00edtulo original:<\/strong> Who\u2019s the Boss?<\/li>\n<li data-start=\"1460\" data-end=\"1768\"><strong data-start=\"1533\" data-end=\"1552\">A\u00f1o de estreno:<\/strong> 1984<\/li>\n<li data-start=\"1460\" data-end=\"1768\"><strong data-start=\"1560\" data-end=\"1569\">Pa\u00eds:<\/strong> Estados Unidos<\/li>\n<li data-start=\"1460\" data-end=\"1768\"><strong data-start=\"1587\" data-end=\"1602\">Temporadas:<\/strong> 8<\/li>\n<li data-start=\"1460\" data-end=\"1768\"><strong data-start=\"1607\" data-end=\"1621\">Episodios:<\/strong> 196<\/li>\n<li data-start=\"1460\" data-end=\"1768\"><strong data-start=\"1628\" data-end=\"1654\">Duraci\u00f3n por episodio:<\/strong> ~24 min<\/li>\n<li data-start=\"1460\" data-end=\"1768\"><strong data-start=\"1665\" data-end=\"1677\">Calidad:<\/strong> Full HD 1080p<\/li>\n<li data-start=\"1460\" data-end=\"1768\"><strong data-start=\"1694\" data-end=\"1706\">Formato:<\/strong> MKV<\/li>\n<li data-start=\"1460\" data-end=\"1768\"><strong data-start=\"1713\" data-end=\"1723\">Audio:<\/strong> Latin American Spanish<\/li>\n<li data-start=\"1460\" data-end=\"1768\"><strong data-start=\"1741\" data-end=\"1758\">Tama\u00f1o total:<\/strong> ~194 GB<\/li>\n<\/ul>\n<p data-start=\"1770\" data-end=\"1838\">\ud83d\udc49 Serie completa, organizada por temporadas y lista para disfrutar.<\/p>","protected":false},"featured_media":11165,"comment_status":"open","ping_status":"closed","template":"","meta":[],"product_brand":[],"product_cat":[27,104,203,24,276],"product_tag":[105,507,760,509,106],"class_list":{"0":"post-6583","1":"product","2":"type-product","3":"status-publish","4":"has-post-thumbnail","6":"product_cat-1080p","7":"product_cat-comedia","8":"product_cat-romance","9":"product_cat-series","10":"product_cat-sitcom","11":"product_tag-quien-manda-a-quien","12":"product_tag-comedia-familiar","13":"product_tag-latino-1080p","14":"product_tag-series-clasicas","15":"product_tag-whos-the-boss","17":"first","18":"instock","19":"sale","20":"purchasable","21":"product-type-variable"},"jetpack_sharing_enabled":true,"_links":{"self":[{"href":"https:\/\/tiendalibreshop.com\/en\/wp-json\/wp\/v2\/product\/6583","targetHints":{"allow":["GET"]}}],"collection":[{"href":"https:\/\/tiendalibreshop.com\/en\/wp-json\/wp\/v2\/product"}],"about":[{"href":"https:\/\/tiendalibreshop.com\/en\/wp-json\/wp\/v2\/types\/product"}],"replies":[{"embeddable":true,"href":"https:\/\/tiendalibreshop.com\/en\/wp-json\/wp\/v2\/comments?post=6583"}],"wp:featuredmedia":[{"embeddable":true,"href":"https:\/\/tiendalibreshop.com\/en\/wp-json\/wp\/v2\/media\/11165"}],"wp:attachment":[{"href":"https:\/\/tiendalibreshop.com\/en\/wp-json\/wp\/v2\/media?parent=6583"}],"wp:term":[{"taxonomy":"product_brand","embeddable":true,"href":"https:\/\/tiendalibreshop.com\/en\/wp-json\/wp\/v2\/product_brand?post=6583"},{"taxonomy":"product_cat","embeddable":true,"href":"https:\/\/tiendalibreshop.com\/en\/wp-json\/wp\/v2\/product_cat?post=6583"},{"taxonomy":"product_tag","embeddable":true,"href":"https:\/\/tiendalibreshop.com\/en\/wp-json\/wp\/v2\/product_tag?post=6583"}],"curies":[{"name":"wp","href":"https:\/\/api.w.org\/{rel}","templated":true}]}}