    {"id":6555,"date":"2024-10-29T04:21:12","date_gmt":"2024-10-29T04:21:12","guid":{"rendered":"https:\/\/tiendalibreshop.com\/?post_type=product&#038;p=6555"},"modified":"2026-02-09T10:41:45","modified_gmt":"2026-02-09T10:41:45","slug":"serie-completa-jessie-2011-720p-lat","status":"publish","type":"product","link":"https:\/\/tiendalibreshop.com\/en\/product\/serie-completa-jessie-2011-720p-lat\/","title":{"rendered":"Serie completa Jessie [Latino]- [720p]"},"content":{"rendered":"<h1>Serie completa Jessie [Latino]- [720p]<\/h1>\n<h3><strong><span style=\"vertical-align: inherit;\"><span style=\"vertical-align: inherit;\"><span style=\"vertical-align: inherit;\"><span style=\"vertical-align: inherit;\">Una Comedia <\/span><\/span><\/span><\/span><\/strong><strong><span style=\"vertical-align: inherit;\"><span style=\"vertical-align: inherit;\"><span style=\"vertical-align: inherit;\"><span style=\"vertical-align: inherit;\">Inolvidable en <a href=\"https:\/\/tiendalibreshop.com\/en\/membresia-retro\/\" target=\"_blank\" rel=\"noopener\">TiendaLibreShop.com<\/a>\u00ab<\/span><\/span><\/span><\/span><\/strong><\/h3>\n<p><strong><span style=\"vertical-align: inherit;\"><span style=\"vertical-align: inherit;\"><span style=\"vertical-align: inherit;\"><span style=\"vertical-align: inherit;\">Sinopsis resumida<\/span><\/span><\/span><\/span><\/strong><\/p>\n<div class=\"flex-1 overflow-hidden\">\n<div class=\"react-scroll-to-bottom--css-caugf-79elbk h-full\">\n<div class=\"react-scroll-to-bottom--css-caugf-1n7m0yu\">\n<div class=\"flex flex-col pb-9 text-sm\">\n<div class=\"w-full text-token-text-primary\" data-testid=\"conversation-turn-17\">\n<div class=\"px-4 py-2 justify-center text-base md:gap-6 m-auto\">\n<div class=\"flex flex-1 text-base mx-auto gap-3 md:px-5 lg:px-1 xl:px-5 md:max-w-3xl lg:max-w-[40rem] xl:max-w-[48rem] group final-completion\">\n<div class=\"relative flex w-full flex-col lg:w-[calc(100%-115px)] agent-turn\">\n<div class=\"flex-col gap-1 md:gap-3\">\n<div class=\"flex flex-grow flex-col max-w-full\">\n<div class=\"min-h-[20px] text-message flex flex-col items-start gap-3 whitespace-pre-wrap break-words [.text-message+&]:mt-5 overflow-x-auto\" data-message-author-role=\"assistant\" data-message-id=\"7a41280b-9bcc-4cbc-8397-1e8874bf5a70\">\n<div class=\"markdown prose w-full break-words dark:prose-invert dark\">\n<div class=\"flex-1 overflow-hidden\">\n<div class=\"react-scroll-to-bottom--css-wsvcj-79elbk h-full\">\n<div class=\"react-scroll-to-bottom--css-wsvcj-1n7m0yu\">\n<div class=\"flex flex-col pb-9 text-sm\">\n<div class=\"w-full text-token-text-primary\" data-testid=\"conversation-turn-29\">\n<div class=\"px-4 py-2 justify-center text-base md:gap-6 m-auto\">\n<div class=\"flex flex-1 text-base mx-auto gap-3 md:px-5 lg:px-1 xl:px-5 md:max-w-3xl lg:max-w-[40rem] xl:max-w-[48rem] group final-completion\">\n<div class=\"relative flex w-full flex-col lg:w-[calc(100%-115px)] agent-turn\">\n<div class=\"flex-col gap-1 md:gap-3\">\n<div class=\"flex flex-grow flex-col max-w-full\">\n<div class=\"min-h-[20px] text-message flex flex-col items-start gap-3 whitespace-pre-wrap break-words [.text-message+&]:mt-5 overflow-x-auto\" data-message-author-role=\"assistant\" data-message-id=\"63438682-f3b7-4e81-a06e-0e93a104fa25\">\n<div class=\"markdown prose w-full break-words dark:prose-invert dark\">\n<p><strong><em>Jessie<\/em> (2011)<\/strong> sigue a Jessie Prescott, una joven de Texas que se muda a Nueva York en busca de aventuras y trabajo. Pronto se convierte en la ni\u00f1era de los cuatro ni\u00f1os Ross: Emma, Luke, Ravi y Zuri, quienes viven en un penthouse en Manhattan con sus padres ausentes. Jessie debe enfrentarse a los desaf\u00edos de criar a los chicos mientras persigue sus propios sue\u00f1os en la gran ciudad. La serie combina comedia y lecciones de vida, con Jessie y los ni\u00f1os creciendo juntos a trav\u00e9s de sus aventuras.<\/p>\n<p><strong><span style=\"vertical-align: inherit;\"><span style=\"vertical-align: inherit;\"><span style=\"vertical-align: inherit;\"><span style=\"vertical-align: inherit;\">DETALLES DE LA SERIE<\/span><\/span><\/span><\/span><\/strong><\/p>\n<\/div>\n<\/div>\n<\/div>\n<\/div>\n<\/div>\n<\/div>\n<\/div>\n<\/div>\n<\/div>\n<\/div>\n<\/div>\n<\/div>\n<\/div>\n<\/div>\n<\/div>\n<\/div>\n<\/div>\n<\/div>\n<\/div>\n<\/div>\n<\/div>\n<\/div>\n<\/div>\n<\/div>\n<p><strong><span style=\"vertical-align: inherit;\"><span style=\"vertical-align: inherit;\"><span style=\"vertical-align: inherit;\"><span style=\"vertical-align: inherit;\">T\u00edtulo Original:<\/span><\/span><\/span><\/span><\/strong><span style=\"vertical-align: inherit;\"><span style=\"vertical-align: inherit;\"><span style=\"vertical-align: inherit;\"><span style=\"vertical-align: inherit;\"> <em>Jessie<\/em><\/span><\/span><\/span><\/span><br \/>\n<strong><span style=\"vertical-align: inherit;\"><span style=\"vertical-align: inherit;\"><span style=\"vertical-align: inherit;\"><span style=\"vertical-align: inherit;\">A\u00f1os:<\/span><\/span><\/span><\/span><\/strong><span style=\"vertical-align: inherit;\"><span style=\"vertical-align: inherit;\"><span style=\"vertical-align: inherit;\"><span style=\"vertical-align: inherit;\">\u00a0 2011<\/span><\/span><\/span><\/span><br \/>\n<strong><span style=\"vertical-align: inherit;\"><span style=\"vertical-align: inherit;\"><span style=\"vertical-align: inherit;\"><span style=\"vertical-align: inherit;\">Pa\u00eds:<\/span><\/span><\/span><\/span><\/strong><span style=\"vertical-align: inherit;\"><span style=\"vertical-align: inherit;\"><span style=\"vertical-align: inherit;\"><span style=\"vertical-align: inherit;\"> Estados Unidos<\/span><\/span><\/span><\/span><br \/>\n<strong><span style=\"vertical-align: inherit;\"><span style=\"vertical-align: inherit;\"><span style=\"vertical-align: inherit;\"><span style=\"vertical-align: inherit;\">Temporadas:<\/span><\/span><\/span><\/span><\/strong><span style=\"vertical-align: inherit;\"><span style=\"vertical-align: inherit;\"><span style=\"vertical-align: inherit;\"><span style=\"vertical-align: inherit;\"> 4<\/span><\/span><\/span><\/span><br \/>\n<strong><span style=\"vertical-align: inherit;\"><span style=\"vertical-align: inherit;\"><span style=\"vertical-align: inherit;\"><span style=\"vertical-align: inherit;\">Episodio: <\/span><\/span><\/span><\/span><\/strong><span style=\"vertical-align: inherit;\"><span style=\"vertical-align: inherit;\"><span style=\"vertical-align: inherit;\"><span style=\"vertical-align: inherit;\">97<\/span><\/span><\/span><\/span><br \/>\n<strong><span style=\"vertical-align: inherit;\"><span style=\"vertical-align: inherit;\"><span style=\"vertical-align: inherit;\"><span style=\"vertical-align: inherit;\">Duraci\u00f3n:<\/span><\/span><\/span><\/span><\/strong><span style=\"vertical-align: inherit;\"><span style=\"vertical-align: inherit;\"><span style=\"vertical-align: inherit;\"><span style=\"vertical-align: inherit;\"> 20 min <\/span><\/span><\/span><\/span><br \/>\n<strong><span style=\"vertical-align: inherit;\"><span style=\"vertical-align: inherit;\"><span style=\"vertical-align: inherit;\"><span style=\"vertical-align: inherit;\">Calidad (Resoluci\u00f3n):<\/span><\/span><\/span><\/span><\/strong><span style=\"vertical-align: inherit;\"><span style=\"vertical-align: inherit;\"><span style=\"vertical-align: inherit;\"><span style=\"vertical-align: inherit;\"> 720p<\/span><\/span><\/span><\/span><br \/>\n<strong><span style=\"vertical-align: inherit;\"><span style=\"vertical-align: inherit;\"><span style=\"vertical-align: inherit;\"><span style=\"vertical-align: inherit;\">Tama\u00f1o: <\/span><\/span><\/span><\/span><\/strong><span style=\"vertical-align: inherit;\"><span style=\"vertical-align: inherit;\"><span style=\"vertical-align: inherit;\"><span style=\"vertical-align: inherit;\">12.03 GB<\/span><\/span><\/span><\/span><span style=\"vertical-align: inherit;\"><span style=\"vertical-align: inherit;\"><span style=\"vertical-align: inherit;\"><span style=\"vertical-align: inherit;\">\u00a0(aprox)<\/span><\/span><\/span><\/span><br \/>\n<strong><span style=\"vertical-align: inherit;\"><span style=\"vertical-align: inherit;\"><span style=\"vertical-align: inherit;\"><span style=\"vertical-align: inherit;\">Formato:<\/span><\/span><\/span><\/span><\/strong><span style=\"vertical-align: inherit;\"><span style=\"vertical-align: inherit;\"><span style=\"vertical-align: inherit;\"><span style=\"vertical-align: inherit;\"> \u00a0mkv, mp4.<\/span><\/span><\/span><\/span><br \/>\n<strong><span style=\"vertical-align: inherit;\"><span style=\"vertical-align: inherit;\"><span style=\"vertical-align: inherit;\"><span style=\"vertical-align: inherit;\">Audio:<\/span><\/span><\/span><\/span><\/strong><span style=\"vertical-align: inherit;\"><span style=\"vertical-align: inherit;\"><span style=\"vertical-align: inherit;\"><span style=\"vertical-align: inherit;\"> mp3, ac3 Espa\u00f1ol latino<\/span><\/span><\/span><\/span><\/p>\n<p><strong>\u00a1Elige c\u00f3mo disfrutar tus series favoritas! \ud83c\udfac<\/strong><\/p>\n<p>\ud83c\udf89 <strong>Opci\u00f3n 1:<\/strong> Compra Directa<br \/>\nAdquiere esta serie individual sin necesidad de cr\u00e9ditos.<br \/>\nPaga \u00fanicamente por la serie que deseas descargar.<br \/>\nIdeal si solo buscas este contenido en particular.<\/p>\n<p>\ud83d\udc8e <strong>Opci\u00f3n 3:<\/strong> Membres\u00eda Club Plata<br \/>\n\u23f3 <strong>Duraci\u00f3n:<\/strong> 30 d\u00edas de acceso exclusivo.<br \/>\nObt\u00e9n un paquete de 60 cr\u00e9ditos, ideal para:<\/p>\n<p>Descargar 6 series completas en 480p o 720p.<br \/>\nAcceso a series de hasta 15 temporadas completas.<br \/>\nSolicitar 5 series personalizadas a trav\u00e9s de nuestro soporte.<br \/>\n<strong>\ud83c\udf81 BONO ESPECIAL:<\/strong><\/p>\n<p>Obt\u00e9n un 20 % de descuento al renovar dentro de los 5 d\u00edas previos a la caducidad (contacta al soporte).<br \/>\n\ud83d\udd10 Tu acceso estar\u00e1 disponible inmediatamente despu\u00e9s de realizar el pago.<br \/>\n<span style=\"color: #ff0000;\"><strong>OFERTA POR TIEMPO LIMITADO<\/strong><\/span><\/p>\n<h4><strong><\/strong><\/h4>\n<h4><strong>\u00a1Descarga esta serie por 10 cr\u00e9ditos!<\/strong><\/h4>\n<h4><span style=\"vertical-align: inherit;\">Suscr\u00edbase a nuestro club Membresia Oro y descargue y obtenga 140 cr\u00e9ditos para descargar sus series favoritas y ahorre un 75 % de descuento.<\/span><\/h4>\n<h4><a class=\"button button-style-1\" href=\"https:\/\/tiendalibreshop.com\/en\/membresia-retro\/\" target=\"_blank\" rel=\"noopener\">\u00daNETE AL CLUB<\/a><\/h4>\n<h4><\/h4>\n<h3>Reparto de <em>Jessie<\/em> (2011):<\/h3>\n<ul>\n<li>Debby Ryan<\/li>\n<li>Peyton List<\/li>\n<li>Cameron Boyce<\/li>\n<li>Karan Brar<\/li>\n<li>Skai Jackson<\/li>\n<li>Kevin Chamberlin<\/li>\n<\/ul>","protected":false},"excerpt":{"rendered":"<p><strong><span style=\"vertical-align: inherit;\">T\u00edtulo Original:<\/span><\/strong><span style=\"vertical-align: inherit;\"> <em>Jessie<\/em><\/span><br \/>\n<strong><span style=\"vertical-align: inherit;\">A\u00f1os:<\/span><\/strong><span style=\"vertical-align: inherit;\">\u00a0 2011<\/span><br \/>\n<strong><span style=\"vertical-align: inherit;\">Pa\u00eds:<\/span><\/strong><span style=\"vertical-align: inherit;\"> Estados Unidos<\/span><br \/>\n<strong><span style=\"vertical-align: inherit;\">Temporadas:<\/span><\/strong><span style=\"vertical-align: inherit;\"> 4<\/span><br \/>\n<strong><span style=\"vertical-align: inherit;\">Episodio: <\/span><\/strong><span style=\"vertical-align: inherit;\">97<\/span><br \/>\n<strong><span style=\"vertical-align: inherit;\">Duraci\u00f3n:<\/span><\/strong><span style=\"vertical-align: inherit;\"> 20 min <\/span><br \/>\n<strong><span style=\"vertical-align: inherit;\">Calidad (Resoluci\u00f3n):<\/span><\/strong><span style=\"vertical-align: inherit;\"> 720p<\/span><br \/>\n<strong><span style=\"vertical-align: inherit;\">Tama\u00f1o: <\/span><\/strong><span style=\"vertical-align: inherit;\">12.03 GB<\/span><span style=\"vertical-align: inherit;\">\u00a0(aprox)<\/span><br \/>\n<strong><span style=\"vertical-align: inherit;\">Formato:<\/span><\/strong><span style=\"vertical-align: inherit;\"> \u00a0mkv, mp4.<\/span><br \/>\n<strong><span style=\"vertical-align: inherit;\">Audio:<\/span><\/strong><span style=\"vertical-align: inherit;\"> mp3, ac3 Espa\u00f1ol latino<\/span><\/p>","protected":false},"featured_media":6556,"comment_status":"open","ping_status":"closed","template":"","meta":[],"product_brand":[],"product_cat":[24,79,104,242,200,276],"product_tag":[274,256,168,138,283],"class_list":{"0":"post-6555","1":"product","2":"type-product","3":"status-publish","4":"has-post-thumbnail","6":"product_cat-series","7":"product_cat-720p","8":"product_cat-comedia","9":"product_cat-drama-2","10":"product_cat-familiar","11":"product_cat-sitcom","12":"product_tag-2000s-ano","13":"product_tag-256","14":"product_tag-720p","15":"product_tag-espanol-latino","16":"product_tag-jessie","18":"first","19":"instock","20":"sale","21":"downloadable","22":"virtual","23":"purchasable","24":"product-type-simple"},"jetpack_sharing_enabled":true,"_links":{"self":[{"href":"https:\/\/tiendalibreshop.com\/en\/wp-json\/wp\/v2\/product\/6555","targetHints":{"allow":["GET"]}}],"collection":[{"href":"https:\/\/tiendalibreshop.com\/en\/wp-json\/wp\/v2\/product"}],"about":[{"href":"https:\/\/tiendalibreshop.com\/en\/wp-json\/wp\/v2\/types\/product"}],"replies":[{"embeddable":true,"href":"https:\/\/tiendalibreshop.com\/en\/wp-json\/wp\/v2\/comments?post=6555"}],"wp:featuredmedia":[{"embeddable":true,"href":"https:\/\/tiendalibreshop.com\/en\/wp-json\/wp\/v2\/media\/6556"}],"wp:attachment":[{"href":"https:\/\/tiendalibreshop.com\/en\/wp-json\/wp\/v2\/media?parent=6555"}],"wp:term":[{"taxonomy":"product_brand","embeddable":true,"href":"https:\/\/tiendalibreshop.com\/en\/wp-json\/wp\/v2\/product_brand?post=6555"},{"taxonomy":"product_cat","embeddable":true,"href":"https:\/\/tiendalibreshop.com\/en\/wp-json\/wp\/v2\/product_cat?post=6555"},{"taxonomy":"product_tag","embeddable":true,"href":"https:\/\/tiendalibreshop.com\/en\/wp-json\/wp\/v2\/product_tag?post=6555"}],"curies":[{"name":"wp","href":"https:\/\/api.w.org\/{rel}","templated":true}]}}