    {"id":6364,"date":"2024-10-04T01:29:43","date_gmt":"2024-10-04T01:29:43","guid":{"rendered":"https:\/\/tiendalibreshop.com\/?post_type=product&#038;p=6364"},"modified":"2026-02-09T10:41:45","modified_gmt":"2026-02-09T10:41:45","slug":"serie-completa-la-mujer-maravilla","status":"publish","type":"product","link":"https:\/\/tiendalibreshop.com\/en\/product\/serie-completa-la-mujer-maravilla\/","title":{"rendered":"Serie completa La Mujer Maravilla [Latino] &#8211; [480p]"},"content":{"rendered":"<h1>Serie completa La Mujer Maravilla [Latino] &#8211; [480p]<\/h1>\n<h3><strong><span style=\"vertical-align: inherit;\"><span style=\"vertical-align: inherit;\"><span style=\"vertical-align: inherit;\"><span style=\"vertical-align: inherit;\">Una Acci\u00f3n <\/span><\/span><\/span><\/span><\/strong><strong><span style=\"vertical-align: inherit;\"><span style=\"vertical-align: inherit;\"><span style=\"vertical-align: inherit;\"><span style=\"vertical-align: inherit;\">Inolvidable en <a href=\"https:\/\/tiendalibreshop.com\/en\/membresia-retro\/\" target=\"_blank\" rel=\"noopener\">TiendaLibreShop.com<\/a>\u00ab<\/span><\/span><\/span><\/span><\/strong><\/h3>\n<p><strong><span style=\"vertical-align: inherit;\"><span style=\"vertical-align: inherit;\"><span style=\"vertical-align: inherit;\"><span style=\"vertical-align: inherit;\">Sinopsis resumida:<\/span><\/span><\/span><\/span><\/strong><\/p>\n<div class=\"flex-1 overflow-hidden\">\n<div class=\"react-scroll-to-bottom--css-caugf-79elbk h-full\">\n<div class=\"react-scroll-to-bottom--css-caugf-1n7m0yu\">\n<div class=\"flex flex-col pb-9 text-sm\">\n<div class=\"w-full text-token-text-primary\" data-testid=\"conversation-turn-17\">\n<div class=\"px-4 py-2 justify-center text-base md:gap-6 m-auto\">\n<div class=\"flex flex-1 text-base mx-auto gap-3 md:px-5 lg:px-1 xl:px-5 md:max-w-3xl lg:max-w-[40rem] xl:max-w-[48rem] group final-completion\">\n<div class=\"relative flex w-full flex-col lg:w-[calc(100%-115px)] agent-turn\">\n<div class=\"flex-col gap-1 md:gap-3\">\n<div class=\"flex flex-grow flex-col max-w-full\">\n<div class=\"min-h-[20px] text-message flex flex-col items-start gap-3 whitespace-pre-wrap break-words [.text-message+&]:mt-5 overflow-x-auto\" data-message-author-role=\"assistant\" data-message-id=\"7a41280b-9bcc-4cbc-8397-1e8874bf5a70\">\n<div class=\"markdown prose w-full break-words dark:prose-invert dark\">\n<div class=\"flex-1 overflow-hidden\">\n<div class=\"react-scroll-to-bottom--css-wsvcj-79elbk h-full\">\n<div class=\"react-scroll-to-bottom--css-wsvcj-1n7m0yu\">\n<div class=\"flex flex-col pb-9 text-sm\">\n<div class=\"w-full text-token-text-primary\" data-testid=\"conversation-turn-29\">\n<div class=\"px-4 py-2 justify-center text-base md:gap-6 m-auto\">\n<div class=\"flex flex-1 text-base mx-auto gap-3 md:px-5 lg:px-1 xl:px-5 md:max-w-3xl lg:max-w-[40rem] xl:max-w-[48rem] group final-completion\">\n<div class=\"relative flex w-full flex-col lg:w-[calc(100%-115px)] agent-turn\">\n<div class=\"flex-col gap-1 md:gap-3\">\n<div class=\"flex flex-grow flex-col max-w-full\">\n<div class=\"min-h-[20px] text-message flex flex-col items-start gap-3 whitespace-pre-wrap break-words [.text-message+&]:mt-5 overflow-x-auto\" data-message-author-role=\"assistant\" data-message-id=\"63438682-f3b7-4e81-a06e-0e93a104fa25\">\n<div class=\"markdown prose w-full break-words dark:prose-invert dark\">\n<p><strong>\u00abLa Mujer Maravilla\u00bb (1976)<\/strong> La princesa amazona Diana deja su hogar en la isla Themyscira para ayudar a los humanos en su lucha contra el mal. Con el nombre de Wonder Woman, combate enemigos con su lazo de la verdad, brazaletes indestructibles y poderes sobrehumanos. La serie, protagonizada por Lynda Carter, sigue sus aventuras desde la Segunda Guerra Mundial hasta la era moderna, enfrentando esp\u00edas, villanos y amenazas sobrenaturales.<\/p>\n<\/div>\n<\/div>\n<\/div>\n<\/div>\n<\/div>\n<\/div>\n<\/div>\n<\/div>\n<\/div>\n<\/div>\n<\/div>\n<\/div>\n<\/div>\n<\/div>\n<\/div>\n<\/div>\n<\/div>\n<\/div>\n<\/div>\n<\/div>\n<\/div>\n<\/div>\n<\/div>\n<\/div>\n<p><strong><span style=\"vertical-align: inherit;\"><span style=\"vertical-align: inherit;\"><span style=\"vertical-align: inherit;\"><span style=\"vertical-align: inherit;\">DETALLES DE LA SERIE<\/span><\/span><\/span><\/span><\/strong><\/p>\n<p><strong><span style=\"vertical-align: inherit;\"><span style=\"vertical-align: inherit;\"><span style=\"vertical-align: inherit;\"><span style=\"vertical-align: inherit;\">T\u00edtulo Original: <\/span><\/span><\/span><\/span><\/strong><span style=\"vertical-align: inherit;\"><span style=\"vertical-align: inherit;\"><span style=\"vertical-align: inherit;\"><span style=\"vertical-align: inherit;\">La Mujer Maravilla<\/span><\/span><\/span><\/span><br \/>\n<strong><span style=\"vertical-align: inherit;\"><span style=\"vertical-align: inherit;\"><span style=\"vertical-align: inherit;\"><span style=\"vertical-align: inherit;\">A\u00f1os:<\/span><\/span><\/span><\/span><\/strong><span style=\"vertical-align: inherit;\"><span style=\"vertical-align: inherit;\"><span style=\"vertical-align: inherit;\"><span style=\"vertical-align: inherit;\">\u00a0 1976<\/span><\/span><\/span><\/span><br \/>\n<strong><span style=\"vertical-align: inherit;\"><span style=\"vertical-align: inherit;\"><span style=\"vertical-align: inherit;\"><span style=\"vertical-align: inherit;\">Pa\u00eds:<\/span><\/span><\/span><\/span><\/strong><span style=\"vertical-align: inherit;\"><span style=\"vertical-align: inherit;\"><span style=\"vertical-align: inherit;\"><span style=\"vertical-align: inherit;\"> Estados Unidos<\/span><\/span><\/span><\/span><br \/>\n<strong><span style=\"vertical-align: inherit;\"><span style=\"vertical-align: inherit;\"><span style=\"vertical-align: inherit;\"><span style=\"vertical-align: inherit;\">Temporadas:<\/span><\/span><\/span><\/span><\/strong><span style=\"vertical-align: inherit;\"><span style=\"vertical-align: inherit;\"><span style=\"vertical-align: inherit;\"><span style=\"vertical-align: inherit;\"> 3<\/span><\/span><\/span><\/span><br \/>\n<strong><span style=\"vertical-align: inherit;\"><span style=\"vertical-align: inherit;\"><span style=\"vertical-align: inherit;\"><span style=\"vertical-align: inherit;\">Episodio: <\/span><\/span><\/span><\/span><\/strong><span style=\"vertical-align: inherit;\"><span style=\"vertical-align: inherit;\"><span style=\"vertical-align: inherit;\"><span style=\"vertical-align: inherit;\">60<\/span><\/span><\/span><\/span><br \/>\n<strong><span style=\"vertical-align: inherit;\"><span style=\"vertical-align: inherit;\"><span style=\"vertical-align: inherit;\"><span style=\"vertical-align: inherit;\">Duraci\u00f3n:<\/span><\/span><\/span><\/span><\/strong><span style=\"vertical-align: inherit;\"><span style=\"vertical-align: inherit;\"><span style=\"vertical-align: inherit;\"><span style=\"vertical-align: inherit;\"> 40 min <\/span><\/span><\/span><\/span><br \/>\n<strong><span style=\"vertical-align: inherit;\"><span style=\"vertical-align: inherit;\"><span style=\"vertical-align: inherit;\"><span style=\"vertical-align: inherit;\">Calidad (Resoluci\u00f3n):<\/span><\/span><\/span><\/span><\/strong><span style=\"vertical-align: inherit;\"><span style=\"vertical-align: inherit;\"><span style=\"vertical-align: inherit;\"><span style=\"vertical-align: inherit;\"> 480p<\/span><\/span><\/span><\/span><br \/>\n<strong><span style=\"vertical-align: inherit;\"><span style=\"vertical-align: inherit;\"><span style=\"vertical-align: inherit;\"><span style=\"vertical-align: inherit;\">Formato:<\/span><\/span><\/span><\/span><\/strong><span style=\"vertical-align: inherit;\"><span style=\"vertical-align: inherit;\"><span style=\"vertical-align: inherit;\"><span style=\"vertical-align: inherit;\"> \u00a0mkv, mp4.<\/span><\/span><\/span><\/span><br \/>\n<strong><span style=\"vertical-align: inherit;\"><span style=\"vertical-align: inherit;\"><span style=\"vertical-align: inherit;\"><span style=\"vertical-align: inherit;\">Audio:<\/span><\/span><\/span><\/span><\/strong><span style=\"vertical-align: inherit;\"><span style=\"vertical-align: inherit;\"><span style=\"vertical-align: inherit;\"><span style=\"vertical-align: inherit;\"> mp3, ac3, Espa\u00f1ol latino<\/span><\/span><\/span><\/span><\/p>\n<p><strong><span style=\"color: #ff0000;\">Elige c\u00f3mo disfrutar tus series favoritas! \ud83c\udfac<\/span><\/strong><\/p>\n<p>\ud83c\udf89<strong> Opci\u00f3n 1:<\/strong> Compra Directa<br \/>\nAdquiere esta serie individual sin necesidad de cr\u00e9ditos.<br \/>\nPaga \u00fanicamente por la serie que deseas descargar.<br \/>\nIdeal si solo buscas este contenido en particular.<\/p>\n<p>\ud83d\udc8e<strong> Opci\u00f3n 2:<\/strong> Membres\u00eda Club Bronce<br \/>\n\u23f3 <strong>Duraci\u00f3n:<\/strong> 15 d\u00edas de acceso exclusivo.<br \/>\nObt\u00e9n un paquete de 30 cr\u00e9ditos, ideal para:<\/p>\n<p>Descargar 3 series completas en 480p.<br \/>\nSolicitar 2 series personalizadas a trav\u00e9s de nuestro soporte.<br \/>\n\ud83d\udca1 Ventajas \u00fanicas:<\/p>\n<p>Acceso r\u00e1pido y f\u00e1cil a contenido espec\u00edfico.<br \/>\nPerfecto para usuarios que quieren probar nuestro servicio o consumir contenido ocasionalmente.<br \/>\n\ud83d\udd10 Tu acceso estar\u00e1 disponible inmediatamente despu\u00e9s de realizar el pago.<br \/>\n<strong>OFERTA POR TIEMPO LIMITADO<\/strong><\/p>\n<h4><strong><\/strong><\/h4>\n<h4><strong>\u00a1Descarga esta serie por 10 cr\u00e9ditos!<\/strong><\/h4>\n<h4><span style=\"vertical-align: inherit;\">Suscr\u00edbase a nuestro club Membresia Oro y descargue y obtenga 140 cr\u00e9ditos para descargar sus series favoritas y ahorre un 75 % de descuento.<\/span><\/h4>\n<h4><a class=\"button button-style-1\" href=\"https:\/\/tiendalibreshop.com\/en\/membresia-retro\/\" target=\"_blank\" rel=\"noopener\">\u00daNETE AL CLUB<\/a><\/h4>\n<h4><\/h4>\n<p><strong><span style=\"vertical-align: inherit;\"><span style=\"vertical-align: inherit;\"><span style=\"vertical-align: inherit;\"><span style=\"vertical-align: inherit;\"><span style=\"vertical-align: inherit;\"><span style=\"vertical-align: inherit;\">Reparto:\u00a0<\/span><\/span><\/span><\/span><\/span><\/span><\/strong><\/p>\n<div class=\"TT9RUc uV10if\">\n<div class=\"flex-1 overflow-hidden\">\n<div class=\"react-scroll-to-bottom--css-mvqjw-79elbk h-full\">\n<div class=\"react-scroll-to-bottom--css-mvqjw-1n7m0yu\">\n<div class=\"flex flex-col text-sm pb-9\">\n<div class=\"w-full text-token-text-primary\" data-testid=\"conversation-turn-299\">\n<div class=\"px-4 py-2 justify-center text-base md:gap-6 m-auto\">\n<div class=\"flex flex-1 text-base mx-auto gap-3 md:px-5 lg:px-1 xl:px-5 md:max-w-3xl lg:max-w-[40rem] xl:max-w-[48rem] group final-completion\">\n<div class=\"relative flex w-full flex-col agent-turn\">\n<div class=\"flex-col gap-1 md:gap-3\">\n<div class=\"flex flex-grow flex-col max-w-full\">\n<div class=\"min-h-[20px] text-message flex flex-col items-start gap-3 whitespace-pre-wrap break-words [.text-message+&]:mt-5 overflow-x-auto\" data-message-author-role=\"assistant\" data-message-id=\"0c230801-badf-4d45-ad15-8308307c308b\">\n<div class=\"markdown prose w-full break-words dark:prose-invert dark\">\n<ul>\n<li data-start=\"49\" data-end=\"99\"><strong data-start=\"51\" data-end=\"67\">Lynda Carter<\/strong> \u2013 Diana Prince \/ Wonder Woman<\/li>\n<li data-start=\"100\" data-end=\"155\"><strong data-start=\"102\" data-end=\"119\">Lyle Waggoner<\/strong> \u2013 Steve Trevor \/ Steve Trevor Jr.<\/li>\n<li data-start=\"156\" data-end=\"205\"><strong data-start=\"158\" data-end=\"176\">Beatrice Colen<\/strong> \u2013 Etta Candy (Temporada 1)<\/li>\n<li data-start=\"206\" data-end=\"272\"><strong data-start=\"208\" data-end=\"227\">Richard Eastham<\/strong> \u2013 General Philip Blankenship (Temporada 1)<\/li>\n<li data-start=\"273\" data-end=\"323\"><strong data-start=\"275\" data-end=\"292\">Norman Burton<\/strong> \u2013 Joe Atkinson (Temporada 2)<\/li>\n<li data-start=\"324\" data-end=\"394\"><strong data-start=\"326\" data-end=\"342\">Debra Winger<\/strong> \u2013 Drusilla \/ Wonder Girl (Apariciones especiales)<\/li>\n<\/ul>\n<\/div>\n<\/div>\n<\/div>\n<\/div>\n<\/div>\n<\/div>\n<\/div>\n<\/div>\n<\/div>\n<\/div>\n<\/div>\n<\/div>\n<\/div>","protected":false},"excerpt":{"rendered":"<p><strong><span style=\"vertical-align: inherit;\">DETALLES DE LA SERIE<\/span><\/strong><\/p>\n<p><strong><span style=\"vertical-align: inherit;\">T\u00edtulo Original: <\/span><\/strong><span style=\"vertical-align: inherit;\">La Mujer Maravilla<\/span><br \/>\n<strong><span style=\"vertical-align: inherit;\">A\u00f1os:<\/span><\/strong><span style=\"vertical-align: inherit;\">\u00a0 1976<\/span><br \/>\n<strong><span style=\"vertical-align: inherit;\">Pa\u00eds:<\/span><\/strong><span style=\"vertical-align: inherit;\"> Estados Unidos<\/span><br \/>\n<strong><span style=\"vertical-align: inherit;\">Temporadas:<\/span><\/strong><span style=\"vertical-align: inherit;\"> 3<\/span><br \/>\n<strong><span style=\"vertical-align: inherit;\">Episodio: <\/span><\/strong><span style=\"vertical-align: inherit;\">60<\/span><br \/>\n<strong><span style=\"vertical-align: inherit;\">Duraci\u00f3n:<\/span><\/strong><span style=\"vertical-align: inherit;\"> 40 min <\/span><br \/>\n<strong><span style=\"vertical-align: inherit;\">Calidad (Resoluci\u00f3n):<\/span><\/strong><span style=\"vertical-align: inherit;\"> 480p<\/span><br \/>\n<strong><span style=\"vertical-align: inherit;\">Formato:<\/span><\/strong><span style=\"vertical-align: inherit;\"> \u00a0mkv, mp4.<\/span><br \/>\n<strong><span style=\"vertical-align: inherit;\">Audio:<\/span><\/strong><span style=\"vertical-align: inherit;\"> mp3, ac3, Espa\u00f1ol latino<\/span><\/p>","protected":false},"featured_media":7273,"comment_status":"open","ping_status":"closed","template":"","meta":[],"product_brand":[],"product_cat":[31,125,198,80,201,24,244],"product_tag":[35,131,138,356],"class_list":{"0":"post-6364","1":"product","2":"type-product","3":"status-publish","4":"has-post-thumbnail","6":"product_cat-480p","7":"product_cat-accion","8":"product_cat-aventura","9":"product_cat-ciencia-ficcion","10":"product_cat-fantasia","11":"product_cat-series","12":"product_cat-superheroe","13":"product_tag-35","14":"product_tag-480p","15":"product_tag-espanol-latino","16":"product_tag-la-mujer-maravilla","18":"first","19":"instock","20":"sale","21":"downloadable","22":"virtual","23":"taxable","24":"purchasable","25":"product-type-simple"},"jetpack_sharing_enabled":true,"_links":{"self":[{"href":"https:\/\/tiendalibreshop.com\/en\/wp-json\/wp\/v2\/product\/6364","targetHints":{"allow":["GET"]}}],"collection":[{"href":"https:\/\/tiendalibreshop.com\/en\/wp-json\/wp\/v2\/product"}],"about":[{"href":"https:\/\/tiendalibreshop.com\/en\/wp-json\/wp\/v2\/types\/product"}],"replies":[{"embeddable":true,"href":"https:\/\/tiendalibreshop.com\/en\/wp-json\/wp\/v2\/comments?post=6364"}],"wp:featuredmedia":[{"embeddable":true,"href":"https:\/\/tiendalibreshop.com\/en\/wp-json\/wp\/v2\/media\/7273"}],"wp:attachment":[{"href":"https:\/\/tiendalibreshop.com\/en\/wp-json\/wp\/v2\/media?parent=6364"}],"wp:term":[{"taxonomy":"product_brand","embeddable":true,"href":"https:\/\/tiendalibreshop.com\/en\/wp-json\/wp\/v2\/product_brand?post=6364"},{"taxonomy":"product_cat","embeddable":true,"href":"https:\/\/tiendalibreshop.com\/en\/wp-json\/wp\/v2\/product_cat?post=6364"},{"taxonomy":"product_tag","embeddable":true,"href":"https:\/\/tiendalibreshop.com\/en\/wp-json\/wp\/v2\/product_tag?post=6364"}],"curies":[{"name":"wp","href":"https:\/\/api.w.org\/{rel}","templated":true}]}}