    {"id":6340,"date":"2024-09-04T03:28:30","date_gmt":"2024-09-04T03:28:30","guid":{"rendered":"https:\/\/tiendalibreshop.com\/?post_type=product&#038;p=6340"},"modified":"2026-02-20T20:00:26","modified_gmt":"2026-02-20T20:00:26","slug":"charly-garcia-1995-concierto-unplugged-dvd","status":"publish","type":"product","link":"https:\/\/tiendalibreshop.com\/en\/product\/charly-garcia-1995-concierto-unplugged-dvd\/","title":{"rendered":"Charly garcia (1995) Concierto unplugged DVD"},"content":{"rendered":"<h1><strong>Charly garcia (1995) Concierto unplugged DVD<\/strong><\/h1>\n<p><strong>T\u00edtulo<\/strong>: Charly garcia (1995) Concierto unplugged DVD<br \/>\n<strong>Artista<\/strong>: Charly garcia<br \/>\n<strong>G\u00e9nero<\/strong>: Rock, pop<br \/>\n<strong>Formato<\/strong>: DVD<br \/>\n<strong>Duraci\u00f3n<\/strong>: 90 minutos<br \/>\n<strong>Fecha de Lanzamiento<\/strong>: 1995<br \/>\n<strong>Etiquetas<\/strong>: Charly garcia , Unplugged, DVD, concierto, rock, m\u00fasica en vivo, compra DVD<\/p>\n<h3>Descubre el Concierto \u00cdntimo de Man\u00e1 en Formato DVD<\/h3>\n<p><img fetchpriority=\"high\" decoding=\"async\" class=\"\" src=\"https:\/\/blogger.googleusercontent.com\/img\/b\/R29vZ2xl\/AVvXsEh-HnlHLvlKqPMXUhughK1Wpxqu8cA276qmpEynjHxan6jhS4PFKWy5GW6sk35E8wN8cwGYbEkwlrVKCpcjV0tgnAAt4FzaWbj05GJcsEQ3bIIcq9IMTgest0LJckIF8VFbbRIpbYMAXnIa\/s1600\/1995+-+Unplugged_1.jpg\" alt=\"Charly Garc\u00eda - Unplugged (DVD - 1995)\" width=\"434\" height=\"619\" \/><\/p>\n<p>&nbsp;<\/p>\n<h3>Descripci\u00f3n del Producto<\/h3>\n<p>El \u00abConcierto Unplugged DVD\u00bb de Charly Garc\u00eda (1995) es similar en concepto al ejemplo que mencionaste de Man\u00e1. Se trata de un concierto ac\u00fastico grabado en formato DVD que presenta a Charly Garc\u00eda interpretando sus canciones de una manera m\u00e1s \u00edntima y desenchufada. En este tipo de conciertos, los artistas suelen alejarse de la instrumentaci\u00f3n el\u00e9ctrica y optan por versiones m\u00e1s simples y org\u00e1nicas de sus canciones, destacando la pureza de la m\u00fasica y permitiendo una conexi\u00f3n m\u00e1s profunda con el p\u00fablico. Es una oportunidad para los fans de experimentar la m\u00fasica en un ambiente m\u00e1s cercano y disfrutar de las interpretaciones \u00fanicas del artista en un formato diferente al tradicional de conciertos rockeros.<\/p>\n<div id=\"gtx-trans\" style=\"position: absolute; left: 736px; top: 284px;\">\n<div class=\"gtx-trans-icon\"><\/div>\n<\/div>","protected":false},"excerpt":{"rendered":"<h3>Charly garcia (1995) Concierto unplugged DVD<\/h3>\n<p>Compra el \u00abCharly garcia DVD\u00bb en nuestra tienda online y disfruta del acceso r\u00e1pido y seguro. Aprovecha nuestras ofertas especiales y descuentos exclusivos para tener esta joya musical en tu colecci\u00f3n.<\/p>\n<p><strong>T\u00edtulo<\/strong>: Charly garcia (1995) Concierto unplugged DVD<br \/>\n<strong>Artista<\/strong>: Charly garcia<br \/>\n<strong>G\u00e9nero<\/strong>: Rock, pop<br \/>\n<strong>Formato<\/strong>: DVD<br \/>\n<strong>Duraci\u00f3n<\/strong>: 90 minutos<br \/>\n<strong>Fecha de Lanzamiento<\/strong>: 1995<br \/>\n<strong>Etiquetas<\/strong>: Charly garcia , Unplugged, DVD, concierto, rock, m\u00fasica en vivo, compra DVD<\/p>\n<p>&nbsp;<\/p>\n<p>&nbsp;<\/p>","protected":false},"featured_media":6341,"comment_status":"open","ping_status":"closed","template":"","meta":[],"product_brand":[],"product_cat":[219,220,204],"product_tag":[240,238,239,241],"class_list":{"0":"post-6340","1":"product","2":"type-product","3":"status-publish","4":"has-post-thumbnail","6":"product_cat-conciertos","7":"product_cat-dvd","8":"product_cat-musical","9":"product_tag-charly-garcia-unplugged-dvd","10":"product_tag-compra-dvd-de-charly-garcia","11":"product_tag-dvd-charly-garcia-vivo","12":"product_tag-rock","14":"first","15":"instock","16":"sale","17":"downloadable","18":"taxable","19":"shipping-taxable","20":"purchasable","21":"product-type-simple"},"jetpack_sharing_enabled":true,"_links":{"self":[{"href":"https:\/\/tiendalibreshop.com\/en\/wp-json\/wp\/v2\/product\/6340","targetHints":{"allow":["GET"]}}],"collection":[{"href":"https:\/\/tiendalibreshop.com\/en\/wp-json\/wp\/v2\/product"}],"about":[{"href":"https:\/\/tiendalibreshop.com\/en\/wp-json\/wp\/v2\/types\/product"}],"replies":[{"embeddable":true,"href":"https:\/\/tiendalibreshop.com\/en\/wp-json\/wp\/v2\/comments?post=6340"}],"wp:featuredmedia":[{"embeddable":true,"href":"https:\/\/tiendalibreshop.com\/en\/wp-json\/wp\/v2\/media\/6341"}],"wp:attachment":[{"href":"https:\/\/tiendalibreshop.com\/en\/wp-json\/wp\/v2\/media?parent=6340"}],"wp:term":[{"taxonomy":"product_brand","embeddable":true,"href":"https:\/\/tiendalibreshop.com\/en\/wp-json\/wp\/v2\/product_brand?post=6340"},{"taxonomy":"product_cat","embeddable":true,"href":"https:\/\/tiendalibreshop.com\/en\/wp-json\/wp\/v2\/product_cat?post=6340"},{"taxonomy":"product_tag","embeddable":true,"href":"https:\/\/tiendalibreshop.com\/en\/wp-json\/wp\/v2\/product_tag?post=6340"}],"curies":[{"name":"wp","href":"https:\/\/api.w.org\/{rel}","templated":true}]}}