    {"id":6228,"date":"2024-07-05T18:42:20","date_gmt":"2024-07-05T18:42:20","guid":{"rendered":"https:\/\/tiendalibreshop.com\/?post_type=product&#038;p=6228"},"modified":"2025-12-08T15:09:47","modified_gmt":"2025-12-08T15:09:47","slug":"mana-mtv-unplugged-1999-concierto-acustico-dvd","status":"publish","type":"product","link":"https:\/\/tiendalibreshop.com\/en\/product\/mana-mtv-unplugged-1999-concierto-acustico-dvd\/","title":{"rendered":"Man\u00e1 MTv Unplugged (1999) Concierto Ac\u00fastico DVD"},"content":{"rendered":"<p><b><span style=\"font-size: x-large;\">Man\u00e1 MTv Unplugged (1999) Concierto Ac\u00fastico DVD<\/span><\/b><\/p>\n<p>&nbsp;<\/p>\n<p><strong>T\u00edtulo<\/strong>: Man\u00e1 Unplugged DVD<br \/>\n<strong>Artista<\/strong>: Man\u00e1<br \/>\n<strong>G\u00e9nero<\/strong>: Rock Latino, Ac\u00fastico<br \/>\n<strong>Formato<\/strong>: DVD<br \/>\n<strong>Duraci\u00f3n<\/strong>: 90 minutos<br \/>\n<strong>Fecha de Lanzamiento<\/strong>: 1999<br \/>\n<strong>Etiquetas<\/strong>: Man\u00e1, Unplugged, DVD, concierto ac\u00fastico, rock latino, m\u00fasica en vivo, compra DVD<\/p>\n<h3>Descubre el Concierto \u00cdntimo de Man\u00e1 en Formato DVD<\/h3>\n<p><img fetchpriority=\"high\" decoding=\"async\" class=\"alignnone wp-image-6220\" src=\"https:\/\/tiendalibreshop.com\/wp-content\/uploads\/2024\/07\/1-300x202.png\" alt=\"\" width=\"918\" height=\"618\" srcset=\"https:\/\/tiendalibreshop.com\/wp-content\/uploads\/2024\/07\/1-300x202.png 300w, https:\/\/tiendalibreshop.com\/wp-content\/uploads\/2024\/07\/1-1024x690.png 1024w, https:\/\/tiendalibreshop.com\/wp-content\/uploads\/2024\/07\/1-768x517.png 768w, https:\/\/tiendalibreshop.com\/wp-content\/uploads\/2024\/07\/1-1536x1035.png 1536w, https:\/\/tiendalibreshop.com\/wp-content\/uploads\/2024\/07\/1-2048x1380.png 2048w, https:\/\/tiendalibreshop.com\/wp-content\/uploads\/2024\/07\/1-990x667.png 990w, https:\/\/tiendalibreshop.com\/wp-content\/uploads\/2024\/07\/1-441x297.png 441w, https:\/\/tiendalibreshop.com\/wp-content\/uploads\/2024\/07\/1-600x404.png 600w, https:\/\/tiendalibreshop.com\/wp-content\/uploads\/2024\/07\/1-150x101.png 150w\" sizes=\"(max-width: 918px) 100vw, 918px\" \/><\/p>\n<h3><\/h3>\n<p><img decoding=\"async\" class=\"alignnone\" src=\"https:\/\/i.ibb.co\/ZWJFHst\/Mana-Menu.gif\" width=\"794\" height=\"581\" \/><\/p>\n<p>&nbsp;<\/p>\n<p>&nbsp;<\/p>\n<p><img decoding=\"async\" class=\"alignnone\" src=\"https:\/\/i.ibb.co\/PwfqFhz\/Canciones-Mana.gif\" width=\"799\" height=\"584\" \/><\/p>\n<p>&nbsp;<\/p>\n<h3>Descripci\u00f3n del Producto<\/h3>\n<p>Sum\u00e9rgete en la experiencia \u00fanica del \u00abMan\u00e1 Unplugged DVD\u00bb, un concierto ac\u00fastico que captura la esencia y el alma de una de las bandas m\u00e1s ic\u00f3nicas del rock latino. Este DVD te ofrece la oportunidad de vivir un momento \u00edntimo con Man\u00e1, disfrutando de sus \u00e9xitos m\u00e1s grandes en versiones desenchufadas que revelan la pureza de su m\u00fasica.<\/p>\n<p>Grabado en <strong>Bamboo Club<\/strong> en la Ciudad de M\u00e9xico y lanzado en 1999, el \u00abMan\u00e1 Unplugged DVD\u00bb incluye interpretaciones inolvidables de canciones como \u00abRayando el Sol\u00bb, \u00abVivir sin Aire\u00bb, y \u00abClavado en un Bar\u00bb. Este formato ac\u00fastico muestra la versatilidad y el talento inigualable de la banda, destacando su capacidad para conectar profundamente con sus fans.<\/p>\n<p><img loading=\"lazy\" decoding=\"async\" class=\"alignnone\" src=\"https:\/\/i.ibb.co\/MNw8Jfy\/video-bonus-mana.gif\" width=\"815\" height=\"596\" \/><\/p>\n<div id=\"gtx-trans\" style=\"position: absolute; left: 736px; top: 284px;\">\n<div class=\"gtx-trans-icon\"><\/div>\n<\/div>","protected":false},"excerpt":{"rendered":"<h3>D\u00f3nde Comprar el Man\u00e1 Unplugged DVD<\/h3>\n<p>Compra el \u00abMan\u00e1 Unplugged DVD\u00bb en nuestra tienda online y disfruta del acceso r\u00e1pido y seguro. Aprovecha nuestras ofertas especiales y descuentos exclusivos para tener esta joya musical en tu colecci\u00f3n.<\/p>\n<p><strong>T\u00edtulo<\/strong>: Man\u00e1 Unplugged DVD<br \/>\n<strong>Artista<\/strong>: Man\u00e1<br \/>\n<strong>G\u00e9nero<\/strong>: Rock Latino, Ac\u00fastico<br \/>\n<strong>Formato<\/strong>: DVD<br \/>\n<strong>Duraci\u00f3n<\/strong>: 90 minutos<br \/>\n<strong>Fecha de Lanzamiento<\/strong>: 1999<br \/>\n<strong>Etiquetas<\/strong>: Man\u00e1, Unplugged, DVD, concierto ac\u00fastico, rock latino, m\u00fasica en vivo, compra DVD<\/p>\n<p><img loading=\"lazy\" decoding=\"async\" class=\"alignnone\" src=\"https:\/\/i.ibb.co\/PwfqFhz\/Canciones-Mana.gif\" width=\"835\" height=\"611\" \/><\/p>\n<p>&nbsp;<\/p>","protected":false},"featured_media":6220,"comment_status":"open","ping_status":"closed","template":"","meta":[],"product_brand":[],"product_cat":[24,219,220,204],"product_tag":[224,222,223,221,225,226],"class_list":{"0":"post-6228","1":"product","2":"type-product","3":"status-publish","4":"has-post-thumbnail","6":"product_cat-series","7":"product_cat-conciertos","8":"product_cat-dvd","9":"product_cat-musical","10":"product_tag-compra-dvd-de-mana","11":"product_tag-concierto-acustico-mana","12":"product_tag-dvd-mana-en-vivo","13":"product_tag-mana-unplugged-dvd","14":"product_tag-musica-en-vivo-mana","15":"product_tag-rock-latino-acustico","17":"first","18":"instock","19":"sale","20":"taxable","21":"shipping-taxable","22":"purchasable","23":"product-type-simple"},"jetpack_sharing_enabled":true,"_links":{"self":[{"href":"https:\/\/tiendalibreshop.com\/en\/wp-json\/wp\/v2\/product\/6228","targetHints":{"allow":["GET"]}}],"collection":[{"href":"https:\/\/tiendalibreshop.com\/en\/wp-json\/wp\/v2\/product"}],"about":[{"href":"https:\/\/tiendalibreshop.com\/en\/wp-json\/wp\/v2\/types\/product"}],"replies":[{"embeddable":true,"href":"https:\/\/tiendalibreshop.com\/en\/wp-json\/wp\/v2\/comments?post=6228"}],"wp:featuredmedia":[{"embeddable":true,"href":"https:\/\/tiendalibreshop.com\/en\/wp-json\/wp\/v2\/media\/6220"}],"wp:attachment":[{"href":"https:\/\/tiendalibreshop.com\/en\/wp-json\/wp\/v2\/media?parent=6228"}],"wp:term":[{"taxonomy":"product_brand","embeddable":true,"href":"https:\/\/tiendalibreshop.com\/en\/wp-json\/wp\/v2\/product_brand?post=6228"},{"taxonomy":"product_cat","embeddable":true,"href":"https:\/\/tiendalibreshop.com\/en\/wp-json\/wp\/v2\/product_cat?post=6228"},{"taxonomy":"product_tag","embeddable":true,"href":"https:\/\/tiendalibreshop.com\/en\/wp-json\/wp\/v2\/product_tag?post=6228"}],"curies":[{"name":"wp","href":"https:\/\/api.w.org\/{rel}","templated":true}]}}