    {"id":5673,"date":"2024-03-10T13:12:08","date_gmt":"2024-03-10T13:12:08","guid":{"rendered":"https:\/\/tiendalibreshop.com\/?post_type=product&#038;p=5673"},"modified":"2026-03-12T18:58:40","modified_gmt":"2026-03-12T18:58:40","slug":"la-ninera-1993-serie-latino-1080p","status":"publish","type":"product","link":"https:\/\/tiendalibreshop.com\/en\/product\/la-ninera-1993-serie-latino-1080p\/","title":{"rendered":"La ni\u00f1era (1993) \u2013 Serie cl\u00e1sica de comedia inolvidable | Serie Completa Latino 1080p HD"},"content":{"rendered":"<h1 data-start=\"224\" data-end=\"340\">\ud83d\udcfa <strong data-start=\"227\" data-end=\"340\"><span class=\"hover:entity-accent entity-underline inline cursor-pointer align-baseline\"><span class=\"whitespace-normal\">La ni\u00f1era<\/span><\/span> \u2013 Serie cl\u00e1sica de comedia inolvidable | Serie Completa Latino 1080p HD<\/strong><\/h1>\n<h3 data-start=\"342\" data-end=\"392\">\ud83d\udcfa <strong data-start=\"345\" data-end=\"392\">La ni\u00f1era \u2013 Serie Completa [Latino \u2013 1080p]<\/strong><\/h3>\n<p data-start=\"394\" data-end=\"516\">\ud83d\udc84 Comedia, romance y humor noventero con estilo \u00fanico, ahora en Full HD y audio latino solo en <strong data-start=\"490\" data-end=\"513\">TiendaLibreShop.com<\/strong> \ud83d\udc84<\/p>\n<h3 data-start=\"523\" data-end=\"546\">\ud83c\udfad Sinopsis resumida<\/h3>\n<p data-start=\"548\" data-end=\"755\"><strong data-start=\"548\" data-end=\"561\">La ni\u00f1era<\/strong> (The Nanny, 1993) es una ic\u00f3nica comedia de los a\u00f1os 90 protagonizada por <strong data-start=\"636\" data-end=\"649\">Fran Fine<\/strong>, una vendedora de cosm\u00e9ticos de Queens con un estilo exc\u00e9ntrico, voz inconfundible y carisma desbordante.<\/p>\n<p data-start=\"757\" data-end=\"955\">Por una serie de casualidades, Fran termina trabajando como ni\u00f1era de los tres hijos del viudo y millonario productor teatral <strong data-start=\"883\" data-end=\"904\">Maxwell Sheffield<\/strong>, cambiando por completo la din\u00e1mica de la familia.<\/p>\n<p data-start=\"957\" data-end=\"1205\">Entre enredos rom\u00e1nticos, situaciones hilarantes y di\u00e1logos ingeniosos, Fran debe convivir con el sarc\u00e1stico mayordomo <strong data-start=\"1076\" data-end=\"1085\">Niles<\/strong> y la celosa y ambiciosa <strong data-start=\"1110\" data-end=\"1126\">C.C. Babcock<\/strong>, creando un equilibrio perfecto entre comedia, romance y momentos entra\u00f1ables.<\/p>\n<p data-start=\"1207\" data-end=\"1300\">\u2728 Una sitcom inolvidable que combina humor inteligente, moda ic\u00f3nica y personajes memorables.<\/p>\n<h3 data-start=\"1307\" data-end=\"1333\">\ud83d\udce6 DETALLES DE LA SERIE<\/h3>\n<ul>\n<li data-start=\"1337\" data-end=\"1369\"><strong data-start=\"1337\" data-end=\"1357\">T\u00edtulo original:<\/strong> The Nanny<\/li>\n<li data-start=\"1372\" data-end=\"1398\"><strong data-start=\"1372\" data-end=\"1391\">A\u00f1o de estreno:<\/strong> 1993<\/li>\n<li data-start=\"1401\" data-end=\"1427\"><strong data-start=\"1401\" data-end=\"1410\">Pa\u00eds:<\/strong> Estados Unidos<\/li>\n<li data-start=\"1430\" data-end=\"1449\"><strong data-start=\"1430\" data-end=\"1445\">Temporadas:<\/strong> 6<\/li>\n<li data-start=\"1452\" data-end=\"1472\"><strong data-start=\"1452\" data-end=\"1466\">Episodios:<\/strong> 146<\/li>\n<li data-start=\"1475\" data-end=\"1517\"><strong data-start=\"1475\" data-end=\"1501\">Duraci\u00f3n por episodio:<\/strong> 24 min aprox.<\/li>\n<li data-start=\"1520\" data-end=\"1557\"><strong data-start=\"1520\" data-end=\"1541\">Calidad de video:<\/strong> Full HD 1080p<\/li>\n<li data-start=\"1560\" data-end=\"1584\"><strong data-start=\"1560\" data-end=\"1572\">Formato:<\/strong> MKV \/ MP4<\/li>\n<li data-start=\"1587\" data-end=\"1626\"><strong data-start=\"1587\" data-end=\"1597\">Audio:<\/strong> Espa\u00f1ol Latino (MP3 \/ AC3)<\/li>\n<li data-start=\"1629\" data-end=\"1666\"><strong data-start=\"1629\" data-end=\"1646\">Tama\u00f1o total:<\/strong> ~201.76 GB aprox.<\/li>\n<\/ul>\n<p data-start=\"1668\" data-end=\"1756\">\ud83d\udc49 La serie se encuentra <strong data-start=\"1693\" data-end=\"1733\">completa y organizada por temporadas<\/strong>, lista para disfrutar.<\/p>\n<p data-start=\"1763\" data-end=\"1811\"><\/p>\n<p data-start=\"1813\" data-end=\"1839\">\ud83d\udd12 <strong data-start=\"1816\" data-end=\"1839\">Contenido protegido<\/strong><\/p>\n<p data-start=\"1841\" data-end=\"1874\">\ud83c\udfac <strong data-start=\"1844\" data-end=\"1874\">\u00bfC\u00f3mo acceder a La ni\u00f1era?<\/strong><\/p>\n<p data-start=\"1876\" data-end=\"1907\">\ud83d\udcb8 <strong data-start=\"1879\" data-end=\"1907\">Opci\u00f3n 1: Compra directa<\/strong><\/p>\n<p>\u2714 Descarga la serie completa sin membres\u00eda<\/p>\n<p>\u2714 Pago \u00fanico por este t\u00edtulo<\/p>\n<p>\u2714 Acceso inmediato tras el pago<\/p>\n<p>\u2714 Ideal si buscas \u00fanicamente esta comedia cl\u00e1sica<\/p>\n<p data-start=\"2079\" data-end=\"2115\">\ud83d\udc8e <strong data-start=\"2082\" data-end=\"2115\">Opci\u00f3n 2: Membres\u00edas del Club<\/strong><\/p>\n<p data-start=\"2117\" data-end=\"2209\">Accede a <em data-start=\"2126\" data-end=\"2137\">La ni\u00f1era<\/em> y a cientos de series cl\u00e1sicas y modernas mediante nuestras membres\u00edas:<\/p>\n<p data-start=\"2211\" data-end=\"2396\">\u2022 Bronce: ideal para probar el servicio<br data-start=\"2250\" data-end=\"2253\" \/>\u2022 Plata: equilibrio perfecto entre precio y contenido<br data-start=\"2306\" data-end=\"2309\" \/>\u2022 Oro: ideal para series completas en 1080p<br data-start=\"2352\" data-end=\"2355\" \/>\u2022 Platinum 4K: acceso total al cat\u00e1logo<\/p>\n<p data-start=\"2398\" data-end=\"2434\">\u2b50 <strong data-start=\"2400\" data-end=\"2434\">Membres\u00eda Platinum 4K incluye:<\/strong><\/p>\n<ul>\n<li data-start=\"2437\" data-end=\"2457\">120 d\u00edas de acceso<\/li>\n<li data-start=\"2460\" data-end=\"2474\">500 cr\u00e9ditos<\/li>\n<li data-start=\"2477\" data-end=\"2523\">Calidades: 480p \u00b7 720p \u00b7 1080p \u00b7 2K \u00b7 4K UHD<\/li>\n<li data-start=\"2526\" data-end=\"2555\">Enlaces activos por 5 meses<\/li>\n<li data-start=\"2558\" data-end=\"2597\">Prioridad en nuevas remasterizaciones<\/li>\n<li data-start=\"2600\" data-end=\"2625\">Soporte VIP prioritario<\/li>\n<\/ul>\n<p data-start=\"2627\" data-end=\"2691\">\ud83c\udf81 <strong data-start=\"2630\" data-end=\"2639\">BONO:<\/strong> 20 % de descuento si renuevas antes del vencimiento<\/p>\n<p data-start=\"2693\" data-end=\"2776\">\ud83d\udfe2 Acceso inmediato despu\u00e9s del pago<br data-start=\"2729\" data-end=\"2732\" \/>\ud83d\udce5 Descarga en la mejor calidad disponible<\/p>\n<p data-start=\"2778\" data-end=\"2846\">\ud83d\udc49 <strong data-start=\"2781\" data-end=\"2846\">\u00daNETE HOY AL CLUB Y DISFRUTA DE LAS MEJORES COMEDIAS CL\u00c1SICAS<\/strong><\/p>\n<p data-start=\"2848\" data-end=\"2879\"><\/p>\n<h3 data-start=\"2886\" data-end=\"2935\">\u2b50 \u00bfPor qu\u00e9 elegir esta versi\u00f3n de <em data-start=\"2923\" data-end=\"2934\">La ni\u00f1era<\/em>?<\/h3>\n<p data-start=\"2937\" data-end=\"3125\">\u2714 Audio Espa\u00f1ol Latino real<br data-start=\"2964\" data-end=\"2967\" \/>\u2714 Calidad Full HD 1080p aut\u00e9ntica<br data-start=\"3000\" data-end=\"3003\" \/>\u2714 Serie completa organizada por temporadas<br data-start=\"3045\" data-end=\"3048\" \/>\u2714 Humor noventero que no envejece<br data-start=\"3081\" data-end=\"3084\" \/>\u2714 Ideal para maratones y coleccionistas<\/p>\n<h3 data-start=\"3132\" data-end=\"3155\">\ud83d\udc65 Reparto principal<\/h3>\n<ul>\n<li data-start=\"3159\" data-end=\"3186\">Fran Drescher \u2013 Fran Fine<\/li>\n<li data-start=\"3189\" data-end=\"3230\">Charles Shaughnessy \u2013 Maxwell Sheffield<\/li>\n<li data-start=\"3233\" data-end=\"3255\">Daniel Davis \u2013 Niles<\/li>\n<li data-start=\"3258\" data-end=\"3286\">Lauren Lane \u2013 C.C. Babcock<\/li>\n<li data-start=\"3289\" data-end=\"3322\">Nicholle Tom \u2013 Maggie Sheffield<\/li>\n<\/ul>\n<p data-start=\"3324\" data-end=\"3413\">\ud83d\udc84 <strong data-start=\"3327\" data-end=\"3410\">La ni\u00f1era (1993): humor, romance y estilo que siguen conquistando generaciones.<\/strong> \ud83d\udc84<\/p>","protected":false},"excerpt":{"rendered":"<h3 data-start=\"1307\" data-end=\"1333\">\ud83d\udce6 DETALLES DE LA SERIE<\/h3>\n<ul>\n<li data-start=\"1337\" data-end=\"1369\"><strong data-start=\"1337\" data-end=\"1357\">T\u00edtulo original:<\/strong> The Nanny<\/li>\n<li data-start=\"1372\" data-end=\"1398\"><strong data-start=\"1372\" data-end=\"1391\">A\u00f1o de estreno:<\/strong> 1993<\/li>\n<li data-start=\"1401\" data-end=\"1427\"><strong data-start=\"1401\" data-end=\"1410\">Pa\u00eds:<\/strong> Estados Unidos<\/li>\n<li data-start=\"1430\" data-end=\"1449\"><strong data-start=\"1430\" data-end=\"1445\">Temporadas:<\/strong> 6<\/li>\n<li data-start=\"1452\" data-end=\"1472\"><strong data-start=\"1452\" data-end=\"1466\">Episodios:<\/strong> 146<\/li>\n<li data-start=\"1475\" data-end=\"1517\"><strong data-start=\"1475\" data-end=\"1501\">Duraci\u00f3n por episodio:<\/strong> 24 min aprox.<\/li>\n<li data-start=\"1520\" data-end=\"1557\"><strong data-start=\"1520\" data-end=\"1541\">Calidad de video:<\/strong> Full HD 1080p<\/li>\n<li data-start=\"1560\" data-end=\"1584\"><strong data-start=\"1560\" data-end=\"1572\">Formato:<\/strong> MKV \/ MP4<\/li>\n<li data-start=\"1587\" data-end=\"1626\"><strong data-start=\"1587\" data-end=\"1597\">Audio:<\/strong> Espa\u00f1ol Latino (MP3 \/ AC3)<\/li>\n<li data-start=\"1629\" data-end=\"1666\"><strong data-start=\"1629\" data-end=\"1646\">Tama\u00f1o total:<\/strong> ~201.76 GB aprox.<\/li>\n<\/ul>\n<p data-start=\"1668\" data-end=\"1756\">\ud83d\udc49 La serie se encuentra <strong data-start=\"1693\" data-end=\"1733\">completa y organizada por temporadas<\/strong>, lista para disfrutar.<\/p>","protected":false},"featured_media":10057,"comment_status":"open","ping_status":"closed","template":"","meta":[],"product_brand":[],"product_cat":[27,104,200,203,24,276],"product_tag":[159,482,642,618,506,638,639,615,643,325,640,616,617,641,607,523,637,75,91],"class_list":{"0":"post-5673","1":"product","2":"type-product","3":"status-publish","4":"has-post-thumbnail","6":"product_cat-1080p","7":"product_cat-comedia","8":"product_cat-familiar","9":"product_cat-romance","10":"product_cat-series","11":"product_cat-sitcom","12":"product_tag-1080p","13":"product_tag-audio-latino","14":"product_tag-c-c-babcock","15":"product_tag-coleccionistas","16":"product_tag-comedia-clasica","17":"product_tag-comedia-romantica","18":"product_tag-fran-fine","19":"product_tag-full-hd","20":"product_tag-humor-noventero","21":"product_tag-la-ninera","22":"product_tag-maxwell-sheffield","23":"product_tag-mkv","24":"product_tag-mp4","25":"product_tag-niles","26":"product_tag-serie-completa","27":"product_tag-series-de-los-90","28":"product_tag-sitcom","29":"product_tag-the-nanny","30":"product_tag-tiendalibreshop","32":"first","33":"instock","34":"sale","35":"purchasable","36":"product-type-variable","37":"has-default-attributes"},"jetpack_sharing_enabled":true,"_links":{"self":[{"href":"https:\/\/tiendalibreshop.com\/en\/wp-json\/wp\/v2\/product\/5673","targetHints":{"allow":["GET"]}}],"collection":[{"href":"https:\/\/tiendalibreshop.com\/en\/wp-json\/wp\/v2\/product"}],"about":[{"href":"https:\/\/tiendalibreshop.com\/en\/wp-json\/wp\/v2\/types\/product"}],"replies":[{"embeddable":true,"href":"https:\/\/tiendalibreshop.com\/en\/wp-json\/wp\/v2\/comments?post=5673"}],"wp:featuredmedia":[{"embeddable":true,"href":"https:\/\/tiendalibreshop.com\/en\/wp-json\/wp\/v2\/media\/10057"}],"wp:attachment":[{"href":"https:\/\/tiendalibreshop.com\/en\/wp-json\/wp\/v2\/media?parent=5673"}],"wp:term":[{"taxonomy":"product_brand","embeddable":true,"href":"https:\/\/tiendalibreshop.com\/en\/wp-json\/wp\/v2\/product_brand?post=5673"},{"taxonomy":"product_cat","embeddable":true,"href":"https:\/\/tiendalibreshop.com\/en\/wp-json\/wp\/v2\/product_cat?post=5673"},{"taxonomy":"product_tag","embeddable":true,"href":"https:\/\/tiendalibreshop.com\/en\/wp-json\/wp\/v2\/product_tag?post=5673"}],"curies":[{"name":"wp","href":"https:\/\/api.w.org\/{rel}","templated":true}]}}