    {"id":5523,"date":"2024-01-09T04:13:36","date_gmt":"2024-01-09T04:13:36","guid":{"rendered":"https:\/\/tiendalibreshop.com\/?post_type=product&#038;p=5523"},"modified":"2026-02-09T10:41:46","modified_gmt":"2026-02-09T10:41:46","slug":"%f0%9f%93%ba-serie-los-anos-maravillosos-720p","status":"publish","type":"product","link":"https:\/\/tiendalibreshop.com\/en\/product\/%f0%9f%93%ba-serie-los-anos-maravillosos-720p\/","title":{"rendered":"Serie completa Los a\u00f1os maravillosos [Latino] \u2013 [720p]"},"content":{"rendered":"<p>&nbsp;<\/p>\n<h1>Serie completa Los a\u00f1os maravillosos [Latino] \u2013 [720p]<\/h1>\n<h3><strong>Una Comedia Inolvidable en TiendaLibreShop.com\u00bb<\/strong><\/h3>\n<p><img fetchpriority=\"high\" decoding=\"async\" class=\"alignnone wp-image-6974\" src=\"https:\/\/tiendalibreshop.com\/wp-content\/uploads\/2024\/01\/123-300x169.png\" alt=\"\" width=\"781\" height=\"440\" srcset=\"https:\/\/tiendalibreshop.com\/wp-content\/uploads\/2024\/01\/123-300x169.png 300w, https:\/\/tiendalibreshop.com\/wp-content\/uploads\/2024\/01\/123-1024x576.png 1024w, https:\/\/tiendalibreshop.com\/wp-content\/uploads\/2024\/01\/123-768x432.png 768w, https:\/\/tiendalibreshop.com\/wp-content\/uploads\/2024\/01\/123-1536x864.png 1536w, https:\/\/tiendalibreshop.com\/wp-content\/uploads\/2024\/01\/123-2048x1152.png 2048w, https:\/\/tiendalibreshop.com\/wp-content\/uploads\/2024\/01\/123-990x557.png 990w, https:\/\/tiendalibreshop.com\/wp-content\/uploads\/2024\/01\/123-441x248.png 441w, https:\/\/tiendalibreshop.com\/wp-content\/uploads\/2024\/01\/123-600x338.png 600w, https:\/\/tiendalibreshop.com\/wp-content\/uploads\/2024\/01\/123-150x84.png 150w\" sizes=\"(max-width: 781px) 100vw, 781px\" \/><\/p>\n<p><strong>Sinopsis Resumida:<\/strong><\/p>\n<div class=\"flex-1 overflow-hidden\">\n<div class=\"react-scroll-to-bottom--css-caugf-79elbk h-full\">\n<div class=\"react-scroll-to-bottom--css-caugf-1n7m0yu\">\n<div class=\"flex flex-col pb-9 text-sm\">\n<div class=\"w-full text-token-text-primary\" data-testid=\"conversation-turn-17\">\n<div class=\"px-4 py-2 justify-center text-base md:gap-6 m-auto\">\n<div class=\"flex flex-1 text-base mx-auto gap-3 md:px-5 lg:px-1 xl:px-5 md:max-w-3xl lg:max-w-[40rem] xl:max-w-[48rem] group final-completion\">\n<div class=\"relative flex w-full flex-col lg:w-[calc(100%-115px)] agent-turn\">\n<div class=\"flex-col gap-1 md:gap-3\">\n<div class=\"flex flex-grow flex-col max-w-full\">\n<div class=\"min-h-[20px] text-message flex flex-col items-start gap-3 whitespace-pre-wrap break-words [.text-message+&]:mt-5 overflow-x-auto\" data-message-author-role=\"assistant\" data-message-id=\"7a41280b-9bcc-4cbc-8397-1e8874bf5a70\">\n<div class=\"markdown prose w-full break-words dark:prose-invert dark\">\n<div class=\"flex-1 overflow-hidden\">\n<div class=\"react-scroll-to-bottom--css-wsvcj-79elbk h-full\">\n<div class=\"react-scroll-to-bottom--css-wsvcj-1n7m0yu\">\n<div class=\"flex flex-col pb-9 text-sm\">\n<div class=\"w-full text-token-text-primary\" data-testid=\"conversation-turn-29\">\n<div class=\"px-4 py-2 justify-center text-base md:gap-6 m-auto\">\n<div class=\"flex flex-1 text-base mx-auto gap-3 md:px-5 lg:px-1 xl:px-5 md:max-w-3xl lg:max-w-[40rem] xl:max-w-[48rem] group final-completion\">\n<div class=\"relative flex w-full flex-col lg:w-[calc(100%-115px)] agent-turn\">\n<div class=\"flex-col gap-1 md:gap-3\">\n<div class=\"flex flex-grow flex-col max-w-full\">\n<div class=\"min-h-[20px] text-message flex flex-col items-start gap-3 whitespace-pre-wrap break-words [.text-message+&]:mt-5 overflow-x-auto\" data-message-author-role=\"assistant\" data-message-id=\"63438682-f3b7-4e81-a06e-0e93a104fa25\">\n<div class=\"markdown prose w-full break-words dark:prose-invert dark\">\n<p><strong>\u00abLos a\u00f1os maravillosos\u00bb (1988): <\/strong>es una serie de televisi\u00f3n estadounidense creada por Neal Marlens y Carol Black. Se emiti\u00f3 en ABC desde el 31 de enero de 1988 hasta el 12 de mayo de 1993. La historia sigue la vida de <strong>Kevin Arnold<\/strong> (interpretado por Fred Savage), un adolescente que crece en los suburbios durante las d\u00e9cadas de 1960 y 1970. La serie es narrada por la versi\u00f3n adulta de Kevin (con la voz de Daniel Stern), quien recuerda su juventud con una mezcla de nostalgia y reflexi\u00f3n.<\/p>\n<\/div>\n<\/div>\n<\/div>\n<\/div>\n<\/div>\n<\/div>\n<\/div>\n<\/div>\n<\/div>\n<\/div>\n<\/div>\n<\/div>\n<\/div>\n<\/div>\n<\/div>\n<\/div>\n<\/div>\n<\/div>\n<\/div>\n<\/div>\n<\/div>\n<\/div>\n<\/div>\n<\/div>\n<p><strong>DETALLES DE LA SERIE<\/strong><\/p>\n<p><strong>T\u00edtulo Original:<\/strong> The Wonder Years<br \/>\n<strong>A\u00f1os:<\/strong> 1988<br \/>\n<strong>Pa\u00eds:<\/strong>\u00a0Estados Unidos<br \/>\n<strong>Temporadas:<\/strong> 6<br \/>\n<strong>Episodio: <\/strong>115<br \/>\n<strong>Duraci\u00f3n:<\/strong> 20 min<br \/>\n<strong>Calidad (Resoluci\u00f3n):<\/strong> 720p<br \/>\n<strong>Tama\u00f1o:<\/strong> 72 GB (Aprox.)<br \/>\n<strong>Formato:<\/strong>\u00a0mkv, mp4,<br \/>\n<strong>Audio:<\/strong> mp3, ac3 Latino<\/p>\n<p><strong>\u00a1Elige c\u00f3mo disfrutar tus series favoritas! \ud83c\udfac<\/strong><\/p>\n<p>\ud83c\udf89 <strong>Opci\u00f3n 1:<\/strong> Compra Directa<br \/>\nAdquiere esta serie individual sin necesidad de cr\u00e9ditos.<br \/>\nPaga \u00fanicamente por la serie que deseas descargar.<br \/>\nIdeal si solo buscas este contenido en particular.<\/p>\n<p>\ud83d\udc8e<strong> Opci\u00f3n 3:<\/strong> Membres\u00eda Club Plata<br \/>\n\u23f3<strong> Duraci\u00f3n<\/strong>: 30 d\u00edas de acceso exclusivo.<br \/>\nObt\u00e9n un paquete de 60 cr\u00e9ditos, ideal para:<\/p>\n<p>Descargar 6 series completas en 480p o 720p.<br \/>\nAcceso a series de hasta 15 temporadas completas.<br \/>\nSolicitar 5 series personalizadas a trav\u00e9s de nuestro soporte.<br \/>\n<strong>\ud83c\udf81 BONO ESPECIAL:<\/strong><\/p>\n<p>Obt\u00e9n un 20 % de descuento al renovar dentro de los 5 d\u00edas previos a la caducidad (contacta al soporte).<br \/>\n\ud83d\udd10 Tu acceso estar\u00e1 disponible inmediatamente despu\u00e9s de realizar el pago.<br \/>\n<strong>OFERTA POR TIEMPO LIMITADO<\/strong><\/p>\n<h4><strong><\/strong><\/h4>\n<h4><strong>\u00a1Descarga esta serie por 10 cr\u00e9ditos!<\/strong><\/h4>\n<h4>Suscr\u00edbase a nuestro club <span style=\"color: #ff0000;\">Membresia Cobre<\/span> y descargue y <span style=\"color: #ff0000;\">obtenga 50 cr\u00e9ditos<\/span> para descargar sus series favoritas y <span style=\"color: #ff0000;\">ahorre un 75 % de descuento.<\/span><\/h4>\n<h4><a class=\"button button-style-1\" href=\"https:\/\/tiendalibreshop.com\/en\/membresia-retro\/\" target=\"_blank\" rel=\"noopener\">\u00daNETE AL CLUB<\/a><\/h4>\n<h4><strong><\/strong><\/h4>\n<p><strong><span style=\"vertical-align: inherit;\"><span style=\"vertical-align: inherit;\">Reparto:\u00a0<\/span><\/span><\/strong><\/p>\n<ul>\n<li>Kevin Arnold (Fred Savage)<\/li>\n<li>Winnie Cooper (Danica McKellar)<\/li>\n<li>Paul Pfeiffer (Josh Saviano)<\/li>\n<li>Jack Arnold (Dan Lauria)<\/li>\n<li>Norma Arnold (Alley Mills)<\/li>\n<li>Wayne Arnold (Jason Hervey)<\/li>\n<li>Karen Arnold (Olivia d'Abo)<\/li>\n<\/ul>","protected":false},"excerpt":{"rendered":"<p><strong>DETALLES DE LA SERIE<\/strong><\/p>\n<p><strong>T\u00edtulo Original:<\/strong> The Wonder Years<br \/>\n<strong>A\u00f1os:<\/strong> 1988<br \/>\n<strong>Pa\u00eds:<\/strong>\u00a0Estados Unidos<br \/>\n<strong>Temporadas:<\/strong> 6<br \/>\n<strong>Episodio: <\/strong>115<br \/>\n<strong>Duraci\u00f3n:<\/strong> 20 min<br \/>\n<strong>Calidad (Resoluci\u00f3n):<\/strong> 720p<br \/>\n<strong>Tama\u00f1o:<\/strong> 72 GB (Aprox.)<br \/>\n<strong>Formato:<\/strong>\u00a0mkv, mp4,<br \/>\n<strong>Audio:<\/strong> mp3, ac3 Latino<\/p>","protected":false},"featured_media":6975,"comment_status":"open","ping_status":"closed","template":"","meta":[],"product_brand":[],"product_cat":[79,104,99,200,24,276],"product_tag":[161,168,277,138,320],"class_list":{"0":"post-5523","1":"product","2":"type-product","3":"status-publish","4":"has-post-thumbnail","6":"product_cat-720p","7":"product_cat-comedia","8":"product_cat-drama","9":"product_cat-familiar","10":"product_cat-series","11":"product_cat-sitcom","12":"product_tag-161","13":"product_tag-720p","14":"product_tag-80s-ano","15":"product_tag-espanol-latino","16":"product_tag-los-anos-maravillosos","18":"first","19":"instock","20":"sale","21":"downloadable","22":"virtual","23":"taxable","24":"purchasable","25":"product-type-simple"},"jetpack_sharing_enabled":true,"_links":{"self":[{"href":"https:\/\/tiendalibreshop.com\/en\/wp-json\/wp\/v2\/product\/5523","targetHints":{"allow":["GET"]}}],"collection":[{"href":"https:\/\/tiendalibreshop.com\/en\/wp-json\/wp\/v2\/product"}],"about":[{"href":"https:\/\/tiendalibreshop.com\/en\/wp-json\/wp\/v2\/types\/product"}],"replies":[{"embeddable":true,"href":"https:\/\/tiendalibreshop.com\/en\/wp-json\/wp\/v2\/comments?post=5523"}],"wp:featuredmedia":[{"embeddable":true,"href":"https:\/\/tiendalibreshop.com\/en\/wp-json\/wp\/v2\/media\/6975"}],"wp:attachment":[{"href":"https:\/\/tiendalibreshop.com\/en\/wp-json\/wp\/v2\/media?parent=5523"}],"wp:term":[{"taxonomy":"product_brand","embeddable":true,"href":"https:\/\/tiendalibreshop.com\/en\/wp-json\/wp\/v2\/product_brand?post=5523"},{"taxonomy":"product_cat","embeddable":true,"href":"https:\/\/tiendalibreshop.com\/en\/wp-json\/wp\/v2\/product_cat?post=5523"},{"taxonomy":"product_tag","embeddable":true,"href":"https:\/\/tiendalibreshop.com\/en\/wp-json\/wp\/v2\/product_tag?post=5523"}],"curies":[{"name":"wp","href":"https:\/\/api.w.org\/{rel}","templated":true}]}}