    {"id":4634,"date":"2023-04-23T02:44:17","date_gmt":"2023-04-23T02:44:17","guid":{"rendered":"https:\/\/tiendalibreshop.com\/producto\/automan-1983-480p\/"},"modified":"2026-03-16T04:24:15","modified_gmt":"2026-03-16T04:24:15","slug":"serie-completa-automan-latino-480p","status":"publish","type":"product","link":"https:\/\/tiendalibreshop.com\/en\/product\/serie-completa-automan-latino-480p\/","title":{"rendered":"Automan (1983) \u2013 Serie completa ciencia ficcion clasica inolvidable | Latino 480p"},"content":{"rendered":"<h1 data-start=\"351\" data-end=\"405\">\ud83d\udcfa <strong data-start=\"354\" data-end=\"405\">Automan (1983) \u2013 Serie Completa [Latino \u2013 480p]<\/strong><\/h1>\n<p data-start=\"407\" data-end=\"482\">Una serie cl\u00e1sica de ciencia ficci\u00f3n y acci\u00f3n muy recordada de los a\u00f1os 80.<\/p>\n<h3 data-section-id=\"1ov302e\" data-start=\"489\" data-end=\"505\">\ud83c\udfad SINOPSIS<\/h3>\n<p data-start=\"507\" data-end=\"665\"><strong data-start=\"507\" data-end=\"548\"><span class=\"hover:entity-accent entity-underline inline cursor-pointer align-baseline\"><span class=\"whitespace-normal\">Automan<\/span><\/span><\/strong> sigue la historia de un polic\u00eda que crea un programa de computadora capaz de generar un ser virtual llamado Automan.<\/p>\n<p data-start=\"667\" data-end=\"837\">Juntos luchan contra el crimen usando tecnolog\u00eda avanzada, veh\u00edculos futuristas y habilidades especiales que hicieron de esta serie una de las m\u00e1s originales de su \u00e9poca.<\/p>\n<p data-start=\"839\" data-end=\"924\">Una mezcla de ciencia ficci\u00f3n, acci\u00f3n y aventuras que se convirti\u00f3 en serie de culto.<\/p>\n<p data-start=\"926\" data-end=\"1003\">\u2728 Serie cl\u00e1sica de los 80<br data-start=\"951\" data-end=\"954\" \/>\u2728 Ciencia ficci\u00f3n retro<br data-start=\"977\" data-end=\"980\" \/>\u2728 Acci\u00f3n y tecnolog\u00eda<\/p>\n<h3 data-section-id=\"nmb88\" data-start=\"1010\" data-end=\"1036\">\ud83d\udce6 DETALLES DE LA SERIE<\/h3>\n<ul>\n<li data-start=\"1038\" data-end=\"1059\"><strong data-start=\"1038\" data-end=\"1049\">T\u00edtulo:<\/strong> Automan<\/li>\n<li data-start=\"1061\" data-end=\"1114\"><strong data-start=\"1061\" data-end=\"1080\">A\u00f1o de estreno:<\/strong> 1983<\/li>\n<li data-start=\"1061\" data-end=\"1114\"><strong data-start=\"1088\" data-end=\"1097\">Pa\u00eds:<\/strong> Estados Unidos<\/li>\n<li data-start=\"1116\" data-end=\"1155\"><strong data-start=\"1116\" data-end=\"1131\">Temporadas:<\/strong> 1<\/li>\n<li data-start=\"1116\" data-end=\"1155\"><strong data-start=\"1136\" data-end=\"1150\">Episodios:<\/strong> 13<\/li>\n<li data-start=\"1157\" data-end=\"1193\"><strong data-start=\"1157\" data-end=\"1183\">Duraci\u00f3n por episodio:<\/strong> ~45 min<\/li>\n<li data-start=\"1195\" data-end=\"1261\"><strong data-start=\"1195\" data-end=\"1207\">Calidad:<\/strong> 480p<\/li>\n<li data-start=\"1195\" data-end=\"1261\"><strong data-start=\"1215\" data-end=\"1227\">Formato:<\/strong> MP4<\/li>\n<li data-start=\"1195\" data-end=\"1261\"><strong data-start=\"1234\" data-end=\"1244\">Audio:<\/strong> Latin American Spanish<\/li>\n<li data-start=\"1263\" data-end=\"1290\"><strong data-start=\"1263\" data-end=\"1280\">Tama\u00f1o total:<\/strong> 3.58 GB<\/li>\n<\/ul>\n<p data-start=\"1292\" data-end=\"1325\">\ud83d\udc49 Serie completa lista para ver.<\/p>\n<h3 data-section-id=\"kcbcow\" data-start=\"1332\" data-end=\"1355\">\ud83d\udc65 REPARTO PRINCIPAL<\/h3>\n<ul>\n<li data-start=\"1357\" data-end=\"1405\">Desi Arnaz Jr.<\/li>\n<li data-start=\"1357\" data-end=\"1405\">Chuck Wagner<\/li>\n<li data-start=\"1357\" data-end=\"1405\">Robert Lansing<\/li>\n<\/ul>\n<p data-start=\"1440\" data-end=\"1471\">\n<h3 data-section-id=\"5z8jts\" data-start=\"1478\" data-end=\"1512\">\u2b50 \u00bfPOR QU\u00c9 ELEGIR ESTA VERSI\u00d3N?<\/h3>\n<p data-start=\"1514\" data-end=\"1622\">\u2714 Serie completa<br data-start=\"1530\" data-end=\"1533\" \/>\u2714 Audio Latino<br data-start=\"1547\" data-end=\"1550\" \/>\u2714 Ciencia ficci\u00f3n cl\u00e1sica<br data-start=\"1575\" data-end=\"1578\" \/>\u2714 Serie de culto<br data-start=\"1594\" data-end=\"1597\" \/>\u2714 Ideal para fans retro<\/p>","protected":false},"excerpt":{"rendered":"<h3 data-section-id=\"nmb88\" data-start=\"1010\" data-end=\"1036\">\ud83d\udce6 DETALLES DE LA SERIE<\/h3>\n<ul>\n<li data-start=\"1038\" data-end=\"1059\"><strong data-start=\"1038\" data-end=\"1049\">T\u00edtulo:<\/strong> Automan<\/li>\n<li data-start=\"1061\" data-end=\"1114\"><strong data-start=\"1061\" data-end=\"1080\">A\u00f1o de estreno:<\/strong> 1983<\/li>\n<li data-start=\"1061\" data-end=\"1114\"><strong data-start=\"1088\" data-end=\"1097\">Pa\u00eds:<\/strong> Estados Unidos<\/li>\n<li data-start=\"1116\" data-end=\"1155\"><strong data-start=\"1116\" data-end=\"1131\">Temporadas:<\/strong> 1<\/li>\n<li data-start=\"1116\" data-end=\"1155\"><strong data-start=\"1136\" data-end=\"1150\">Episodios:<\/strong> 13<\/li>\n<li data-start=\"1157\" data-end=\"1193\"><strong data-start=\"1157\" data-end=\"1183\">Duraci\u00f3n por episodio:<\/strong> ~45 min<\/li>\n<li data-start=\"1195\" data-end=\"1261\"><strong data-start=\"1195\" data-end=\"1207\">Calidad:<\/strong> 480p<\/li>\n<li data-start=\"1195\" data-end=\"1261\"><strong data-start=\"1215\" data-end=\"1227\">Formato:<\/strong> MP4<\/li>\n<li data-start=\"1195\" data-end=\"1261\"><strong data-start=\"1234\" data-end=\"1244\">Audio:<\/strong> Latin American Spanish<\/li>\n<li data-start=\"1263\" data-end=\"1290\"><strong data-start=\"1263\" data-end=\"1280\">Tama\u00f1o total:<\/strong> 3.58 GB<\/li>\n<\/ul>\n<p data-start=\"1292\" data-end=\"1325\">\ud83d\udc49 Serie completa lista para ver.<\/p>","protected":false},"featured_media":17448,"comment_status":"open","ping_status":"closed","template":"","meta":[],"product_brand":[],"product_cat":[31,125,198,80,104,199],"product_tag":[32,131,277,34,132],"class_list":{"0":"post-4634","1":"product","2":"type-product","3":"status-publish","4":"has-post-thumbnail","6":"product_cat-480p","7":"product_cat-accion","8":"product_cat-aventura","9":"product_cat-ciencia-ficcion","10":"product_cat-comedia","11":"product_cat-crimen","12":"product_tag-32","13":"product_tag-480p","14":"product_tag-80s-ano","15":"product_tag-automan","16":"product_tag-latino","18":"first","19":"instock","20":"sale","21":"downloadable","22":"virtual","23":"purchasable","24":"product-type-simple"},"jetpack_sharing_enabled":true,"_links":{"self":[{"href":"https:\/\/tiendalibreshop.com\/en\/wp-json\/wp\/v2\/product\/4634","targetHints":{"allow":["GET"]}}],"collection":[{"href":"https:\/\/tiendalibreshop.com\/en\/wp-json\/wp\/v2\/product"}],"about":[{"href":"https:\/\/tiendalibreshop.com\/en\/wp-json\/wp\/v2\/types\/product"}],"replies":[{"embeddable":true,"href":"https:\/\/tiendalibreshop.com\/en\/wp-json\/wp\/v2\/comments?post=4634"}],"wp:featuredmedia":[{"embeddable":true,"href":"https:\/\/tiendalibreshop.com\/en\/wp-json\/wp\/v2\/media\/17448"}],"wp:attachment":[{"href":"https:\/\/tiendalibreshop.com\/en\/wp-json\/wp\/v2\/media?parent=4634"}],"wp:term":[{"taxonomy":"product_brand","embeddable":true,"href":"https:\/\/tiendalibreshop.com\/en\/wp-json\/wp\/v2\/product_brand?post=4634"},{"taxonomy":"product_cat","embeddable":true,"href":"https:\/\/tiendalibreshop.com\/en\/wp-json\/wp\/v2\/product_cat?post=4634"},{"taxonomy":"product_tag","embeddable":true,"href":"https:\/\/tiendalibreshop.com\/en\/wp-json\/wp\/v2\/product_tag?post=4634"}],"curies":[{"name":"wp","href":"https:\/\/api.w.org\/{rel}","templated":true}]}}