    {"id":17350,"date":"2026-03-15T19:50:29","date_gmt":"2026-03-15T19:50:29","guid":{"rendered":"https:\/\/tiendalibreshop.com\/?post_type=product&#038;p=17350"},"modified":"2026-03-15T19:50:46","modified_gmt":"2026-03-15T19:50:46","slug":"luz-de-luna-1985-castellano-480p","status":"publish","type":"product","link":"https:\/\/tiendalibreshop.com\/en\/product\/luz-de-luna-1985-castellano-480p\/","title":{"rendered":"Luz de Luna (1985) \u2013 Serie completa clasica inolvidable | Latino \/ Castellano 480p"},"content":{"rendered":"<h1 data-start=\"487\" data-end=\"558\">\ud83d\udcfa <strong data-start=\"490\" data-end=\"558\">Luz de Luna (1985) \u2013 Serie Completa [Latino \/ Castellano \u2013 480p]<\/strong><\/h1>\n<p data-start=\"560\" data-end=\"640\">Una de las series m\u00e1s recordadas de los a\u00f1os 80 con comedia, romance y misterio.<\/p>\n<h3 data-section-id=\"1ov302e\" data-start=\"647\" data-end=\"663\">\ud83c\udfad SINOPSIS<\/h3>\n<p data-start=\"665\" data-end=\"827\"><strong data-start=\"665\" data-end=\"706\"><span class=\"hover:entity-accent entity-underline inline cursor-pointer align-baseline\"><span class=\"whitespace-normal\">Moonlighting<\/span><\/span><\/strong> sigue la historia de Maddie Hayes, una ex modelo que termina dirigiendo una agencia de detectives junto a David Addison.<\/p>\n<p data-start=\"829\" data-end=\"996\">Entre casos extra\u00f1os, humor, romance y situaciones inesperadas, la serie se convirti\u00f3 en un cl\u00e1sico de la televisi\u00f3n por su estilo diferente y sus di\u00e1logos divertidos.<\/p>\n<p data-start=\"998\" data-end=\"1071\">Una mezcla perfecta de comedia, misterio y romance que marc\u00f3 los a\u00f1os 80.<\/p>\n<p data-start=\"1073\" data-end=\"1148\">\u2728 Serie cl\u00e1sica de los 80<br data-start=\"1098\" data-end=\"1101\" \/>\u2728 Humor y romance<br data-start=\"1118\" data-end=\"1121\" \/>\u2728 Personajes inolvidables<\/p>\n<h3 data-section-id=\"nmb88\" data-start=\"1155\" data-end=\"1181\">\ud83d\udce6 DETALLES DE LA SERIE<\/h3>\n<ul>\n<li data-start=\"1183\" data-end=\"1244\"><strong data-start=\"1183\" data-end=\"1194\">T\u00edtulo:<\/strong> Luz de Luna<\/li>\n<li data-start=\"1183\" data-end=\"1244\"><strong data-start=\"1209\" data-end=\"1229\">T\u00edtulo original:<\/strong> Moonlighting<\/li>\n<li data-start=\"1246\" data-end=\"1299\"><strong data-start=\"1246\" data-end=\"1265\">A\u00f1o de estreno:<\/strong> 1985<\/li>\n<li data-start=\"1246\" data-end=\"1299\"><strong data-start=\"1273\" data-end=\"1282\">Pa\u00eds:<\/strong> Estados Unidos<\/li>\n<li data-start=\"1301\" data-end=\"1340\"><strong data-start=\"1301\" data-end=\"1316\">Temporadas:<\/strong> 5<\/li>\n<li data-start=\"1301\" data-end=\"1340\"><strong data-start=\"1321\" data-end=\"1335\">Episodios:<\/strong> 66<\/li>\n<li data-start=\"1342\" data-end=\"1378\"><strong data-start=\"1342\" data-end=\"1368\">Duraci\u00f3n por episodio:<\/strong> ~45 min<\/li>\n<li data-start=\"1380\" data-end=\"1418\"><strong data-start=\"1380\" data-end=\"1392\">Calidad:<\/strong> 480p<\/li>\n<li data-start=\"1380\" data-end=\"1418\"><strong data-start=\"1400\" data-end=\"1412\">Formato:<\/strong> MP4<\/li>\n<li data-start=\"1380\" data-end=\"1418\"><strong data-start=\"1420\" data-end=\"1430\">Audio:<\/strong><\/li>\n<li data-start=\"1380\" data-end=\"1418\">Temp 1\u20132 \u2192 <strong>Latino<\/strong><\/li>\n<li data-start=\"1380\" data-end=\"1418\">Temp 3\u20135 \u2192 <strong>Castellano <\/strong><\/li>\n<li data-start=\"1380\" data-end=\"1418\"><strong data-start=\"1500\" data-end=\"1517\">Tama\u00f1o total:<\/strong> 25 GB<\/li>\n<\/ul>\n<p data-start=\"1527\" data-end=\"1571\">\ud83d\udc49 Serie completa organizada por temporadas.<\/p>\n<h3 data-section-id=\"kcbcow\" data-start=\"1578\" data-end=\"1601\">\ud83d\udc65 REPARTO PRINCIPAL<\/h3>\n<ul>\n<li>Bruce Willis<\/li>\n<li>Cybill Shepherd<\/li>\n<li>Allyce Beasley<\/li>\n<li>Curtis Armstrong<\/li>\n<\/ul>\n<p data-start=\"1745\" data-end=\"1777\">\n<h3 data-section-id=\"5z8jts\" data-start=\"1784\" data-end=\"1818\">\u2b50 \u00bfPOR QU\u00c9 ELEGIR ESTA VERSI\u00d3N?<\/h3>\n<p data-start=\"1820\" data-end=\"1936\">\u2714 Serie completa<br data-start=\"1836\" data-end=\"1839\" \/>\u2714 Audio Latino y Castellano<br data-start=\"1866\" data-end=\"1869\" \/>\u2714 Cl\u00e1sico de los 80<br data-start=\"1888\" data-end=\"1891\" \/>\u2714 Comedia y misterio<br data-start=\"1911\" data-end=\"1914\" \/>\u2714 Colecci\u00f3n completa<\/p>","protected":false},"excerpt":{"rendered":"<h3 data-section-id=\"nmb88\" data-start=\"1155\" data-end=\"1181\">\ud83d\udce6 DETALLES DE LA SERIE<\/h3>\n<ul>\n<li data-start=\"1183\" data-end=\"1244\"><strong data-start=\"1183\" data-end=\"1194\">T\u00edtulo:<\/strong> Luz de Luna<\/li>\n<li data-start=\"1183\" data-end=\"1244\"><strong data-start=\"1209\" data-end=\"1229\">T\u00edtulo original:<\/strong> Moonlighting<\/li>\n<li data-start=\"1246\" data-end=\"1299\"><strong data-start=\"1246\" data-end=\"1265\">A\u00f1o de estreno:<\/strong> 1985<\/li>\n<li data-start=\"1246\" data-end=\"1299\"><strong data-start=\"1273\" data-end=\"1282\">Pa\u00eds:<\/strong> Estados Unidos<\/li>\n<li data-start=\"1301\" data-end=\"1340\"><strong data-start=\"1301\" data-end=\"1316\">Temporadas:<\/strong> 5<\/li>\n<li data-start=\"1301\" data-end=\"1340\"><strong data-start=\"1321\" data-end=\"1335\">Episodios:<\/strong> 66<\/li>\n<li data-start=\"1342\" data-end=\"1378\"><strong data-start=\"1342\" data-end=\"1368\">Duraci\u00f3n por episodio:<\/strong> ~45 min<\/li>\n<li data-start=\"1380\" data-end=\"1418\"><strong data-start=\"1380\" data-end=\"1392\">Calidad:<\/strong> 480p<\/li>\n<li data-start=\"1380\" data-end=\"1418\"><strong data-start=\"1400\" data-end=\"1412\">Formato:<\/strong> MP4<\/li>\n<li data-start=\"1380\" data-end=\"1418\"><strong data-start=\"1420\" data-end=\"1430\">Audio:<\/strong><\/li>\n<li data-start=\"1380\" data-end=\"1418\">Temp 1\u20132 \u2192 <strong>Latino<\/strong><\/li>\n<li data-start=\"1380\" data-end=\"1418\">Temp 3\u20135 \u2192 <strong>Castellano <\/strong><\/li>\n<li data-start=\"1380\" data-end=\"1418\"><strong data-start=\"1500\" data-end=\"1517\">Tama\u00f1o total:<\/strong> 25 GB<\/li>\n<\/ul>\n<p data-start=\"1527\" data-end=\"1571\">\ud83d\udc49 Serie completa organizada por temporadas.<\/p>","protected":false},"featured_media":17383,"comment_status":"open","ping_status":"closed","template":"","meta":[],"product_brand":[],"product_cat":[31,196,927,104,99,926,924,24,1009,988],"product_tag":[1979,1980,845,509,753],"class_list":{"0":"post-17350","1":"product","2":"type-product","3":"status-publish","4":"has-post-thumbnail","6":"product_cat-480p","7":"product_cat-calidad","8":"product_cat-castellano","9":"product_cat-comedia","10":"product_cat-drama","11":"product_cat-latino","12":"product_cat-idiomas","13":"product_cat-series","14":"product_cat-sub-spa","15":"product_cat-subtitulados","16":"product_tag-luz-de-luna","17":"product_tag-moonlighting","18":"product_tag-series-80s","19":"product_tag-series-clasicas","20":"product_tag-series-latino","22":"first","23":"instock","24":"sale","25":"taxable","26":"shipping-taxable","27":"purchasable","28":"product-type-variable","29":"has-default-attributes"},"jetpack_sharing_enabled":true,"_links":{"self":[{"href":"https:\/\/tiendalibreshop.com\/en\/wp-json\/wp\/v2\/product\/17350","targetHints":{"allow":["GET"]}}],"collection":[{"href":"https:\/\/tiendalibreshop.com\/en\/wp-json\/wp\/v2\/product"}],"about":[{"href":"https:\/\/tiendalibreshop.com\/en\/wp-json\/wp\/v2\/types\/product"}],"replies":[{"embeddable":true,"href":"https:\/\/tiendalibreshop.com\/en\/wp-json\/wp\/v2\/comments?post=17350"}],"wp:featuredmedia":[{"embeddable":true,"href":"https:\/\/tiendalibreshop.com\/en\/wp-json\/wp\/v2\/media\/17383"}],"wp:attachment":[{"href":"https:\/\/tiendalibreshop.com\/en\/wp-json\/wp\/v2\/media?parent=17350"}],"wp:term":[{"taxonomy":"product_brand","embeddable":true,"href":"https:\/\/tiendalibreshop.com\/en\/wp-json\/wp\/v2\/product_brand?post=17350"},{"taxonomy":"product_cat","embeddable":true,"href":"https:\/\/tiendalibreshop.com\/en\/wp-json\/wp\/v2\/product_cat?post=17350"},{"taxonomy":"product_tag","embeddable":true,"href":"https:\/\/tiendalibreshop.com\/en\/wp-json\/wp\/v2\/product_tag?post=17350"}],"curies":[{"name":"wp","href":"https:\/\/api.w.org\/{rel}","templated":true}]}}