    {"id":17223,"date":"2026-03-11T04:43:56","date_gmt":"2026-03-11T04:43:56","guid":{"rendered":"https:\/\/tiendalibreshop.com\/?post_type=product&#038;p=17223"},"modified":"2026-03-11T04:44:04","modified_gmt":"2026-03-11T04:44:04","slug":"mr-belvedere-1985-serie-sub-480p","status":"publish","type":"product","link":"https:\/\/tiendalibreshop.com\/en\/product\/mr-belvedere-1985-serie-sub-480p\/","title":{"rendered":"Mr. Belvedere (1985) \u2013 Serie completa comedia clasica inolvidable | Subtitulada 480p"},"content":{"rendered":"<h1 data-start=\"374\" data-end=\"439\">\ud83d\udcfa <strong data-start=\"377\" data-end=\"439\">Mr. Belvedere (1985) \u2013 Serie Completa [Subtitulada \u2013 480p]<\/strong><\/h1>\n<p data-start=\"441\" data-end=\"495\">Una divertida comedia familiar cl\u00e1sica de los a\u00f1os 80.<\/p>\n<h3 data-section-id=\"3bf2c6\" data-start=\"502\" data-end=\"516\">\ud83c\udfad SINOPSIS<\/h3>\n<p data-start=\"518\" data-end=\"702\"><strong data-start=\"518\" data-end=\"559\"><span class=\"hover:entity-accent entity-underline inline cursor-pointer align-baseline\"><span class=\"whitespace-normal\">Mr. Belvedere<\/span><\/span><\/strong> cuenta la historia de Lynn Belvedere, un refinado mayordomo brit\u00e1nico que termina trabajando para una familia estadounidense bastante ca\u00f3tica.<\/p>\n<p data-start=\"704\" data-end=\"877\">Con su educaci\u00f3n, inteligencia y elegancia, Belvedere intenta mantener el orden en el hogar mientras se enfrenta a las divertidas situaciones cotidianas de la familia Owens.<\/p>\n<p data-start=\"879\" data-end=\"1024\">La serie mezcla humor familiar, situaciones absurdas y momentos entra\u00f1ables, convirti\u00e9ndose en una de las comedias m\u00e1s recordadas de los a\u00f1os 80.<\/p>\n<p data-start=\"1026\" data-end=\"1116\">\u2728 Comedia familiar cl\u00e1sica<br data-start=\"1052\" data-end=\"1055\" \/>\u2728 Humor elegante y divertido<br data-start=\"1083\" data-end=\"1086\" \/>\u2728 Serie nost\u00e1lgica de los 80<\/p>\n<h3 data-section-id=\"nmb88\" data-start=\"1123\" data-end=\"1149\">\ud83d\udce6 DETALLES DE LA SERIE<\/h3>\n<ul>\n<li data-start=\"1151\" data-end=\"1174\"><strong>T\u00edtulo:<\/strong> Mr. Belvedere<\/li>\n<li data-start=\"1151\" data-end=\"1174\"><strong>A\u00f1o de estreno:<\/strong> 1985<\/li>\n<li data-start=\"1151\" data-end=\"1174\"><strong>Pa\u00eds:<\/strong> Estados Unidos<\/li>\n<li data-start=\"1229\" data-end=\"1267\"><strong>Temporadas:<\/strong> 6<\/li>\n<li data-start=\"1229\" data-end=\"1267\"><strong>Episodios:<\/strong> 117<\/li>\n<li data-start=\"1229\" data-end=\"1267\"><strong>Duraci\u00f3n por episodio:<\/strong> ~24 min<\/li>\n<li data-start=\"1306\" data-end=\"1342\"><strong>Calidad:<\/strong> 480p<\/li>\n<li data-start=\"1306\" data-end=\"1342\"><strong>Formato:<\/strong> MKV<\/li>\n<li data-start=\"1344\" data-end=\"1387\"><strong>Audio:<\/strong> Ingl\u00e9s<\/li>\n<li data-start=\"1344\" data-end=\"1387\"><strong>Subt\u00edtulos:<\/strong> Espa\u00f1ol<\/li>\n<li data-start=\"1389\" data-end=\"1415\"><strong>Tama\u00f1o total:<\/strong> 85.5 GB<\/li>\n<\/ul>\n<p data-start=\"1417\" data-end=\"1461\">\ud83d\udc49 Serie completa organizada por temporadas.<\/p>\n<h3 data-section-id=\"kcbcow\" data-start=\"1468\" data-end=\"1491\">\ud83d\udc65 REPARTO PRINCIPAL<\/h3>\n<p data-start=\"1493\" data-end=\"1613\">Christopher Hewett \u2013 Lynn Belvedere<br data-start=\"1528\" data-end=\"1531\" \/>Bob Uecker \u2013 George Owens<br data-start=\"1556\" data-end=\"1559\" \/>Ilene Graff \u2013 Marsha Owens<br data-start=\"1585\" data-end=\"1588\" \/>Rob Stone \u2013 Kevin Owens<\/p>\n<p data-start=\"1698\" data-end=\"1757\">\n<h2 data-section-id=\"5z8jts\" data-start=\"1764\" data-end=\"1798\">\u2b50 \u00bfPOR QU\u00c9 ELEGIR ESTA VERSI\u00d3N?<\/h2>\n<p data-start=\"1800\" data-end=\"1951\">\u2714 Serie completa<br data-start=\"1816\" data-end=\"1819\" \/>\u2714 Subt\u00edtulos en espa\u00f1ol<br data-start=\"1842\" data-end=\"1845\" \/>\u2714 Comedia familiar cl\u00e1sica<br data-start=\"1871\" data-end=\"1874\" \/>\u2714 Ideal para fans de series de los 80<br data-start=\"1911\" data-end=\"1914\" \/>\u2714 Colecci\u00f3n completa para maratones<\/p>","protected":false},"excerpt":{"rendered":"<h3 data-section-id=\"nmb88\" data-start=\"1123\" data-end=\"1149\">\ud83d\udce6 DETALLES DE LA SERIE<\/h3>\n<ul>\n<li data-start=\"1151\" data-end=\"1174\"><strong>T\u00edtulo:<\/strong> Mr. Belvedere<\/li>\n<li data-start=\"1151\" data-end=\"1174\"><strong>A\u00f1o de estreno:<\/strong> 1985<\/li>\n<li data-start=\"1151\" data-end=\"1174\"><strong>Pa\u00eds:<\/strong> Estados Unidos<\/li>\n<li data-start=\"1229\" data-end=\"1267\"><strong>Temporadas:<\/strong> 6<\/li>\n<li data-start=\"1229\" data-end=\"1267\"><strong>Episodios:<\/strong> 117<\/li>\n<li data-start=\"1229\" data-end=\"1267\"><strong>Duraci\u00f3n por episodio:<\/strong> ~24 min<\/li>\n<li data-start=\"1306\" data-end=\"1342\"><strong>Calidad:<\/strong> 480p<\/li>\n<li data-start=\"1306\" data-end=\"1342\"><strong>Formato:<\/strong> MKV<\/li>\n<li data-start=\"1344\" data-end=\"1387\"><strong>Audio:<\/strong> Ingl\u00e9s<\/li>\n<li data-start=\"1344\" data-end=\"1387\"><strong>Subt\u00edtulos:<\/strong> Espa\u00f1ol<\/li>\n<li data-start=\"1389\" data-end=\"1415\"><strong>Tama\u00f1o total:<\/strong> 85.5 GB<\/li>\n<\/ul>\n<p data-start=\"1417\" data-end=\"1461\">\ud83d\udc49 Serie completa organizada por temporadas.<\/p>","protected":false},"featured_media":17229,"comment_status":"open","ping_status":"closed","template":"","meta":[],"product_brand":[],"product_cat":[31,104,924,929,24,1009,988],"product_tag":[506,1976,845,30,1971],"class_list":{"0":"post-17223","1":"product","2":"type-product","3":"status-publish","4":"has-post-thumbnail","6":"product_cat-480p","7":"product_cat-comedia","8":"product_cat-idiomas","9":"product_cat-ingles","10":"product_cat-series","11":"product_cat-sub-spa","12":"product_cat-subtitulados","13":"product_tag-comedia-clasica","14":"product_tag-mr-belvedere","15":"product_tag-series-80s","16":"product_tag-series-retro","17":"product_tag-series-subtituladas","19":"first","20":"instock","21":"taxable","22":"shipping-taxable","23":"purchasable","24":"product-type-variable","25":"has-default-attributes"},"jetpack_sharing_enabled":true,"_links":{"self":[{"href":"https:\/\/tiendalibreshop.com\/en\/wp-json\/wp\/v2\/product\/17223","targetHints":{"allow":["GET"]}}],"collection":[{"href":"https:\/\/tiendalibreshop.com\/en\/wp-json\/wp\/v2\/product"}],"about":[{"href":"https:\/\/tiendalibreshop.com\/en\/wp-json\/wp\/v2\/types\/product"}],"replies":[{"embeddable":true,"href":"https:\/\/tiendalibreshop.com\/en\/wp-json\/wp\/v2\/comments?post=17223"}],"wp:featuredmedia":[{"embeddable":true,"href":"https:\/\/tiendalibreshop.com\/en\/wp-json\/wp\/v2\/media\/17229"}],"wp:attachment":[{"href":"https:\/\/tiendalibreshop.com\/en\/wp-json\/wp\/v2\/media?parent=17223"}],"wp:term":[{"taxonomy":"product_brand","embeddable":true,"href":"https:\/\/tiendalibreshop.com\/en\/wp-json\/wp\/v2\/product_brand?post=17223"},{"taxonomy":"product_cat","embeddable":true,"href":"https:\/\/tiendalibreshop.com\/en\/wp-json\/wp\/v2\/product_cat?post=17223"},{"taxonomy":"product_tag","embeddable":true,"href":"https:\/\/tiendalibreshop.com\/en\/wp-json\/wp\/v2\/product_tag?post=17223"}],"curies":[{"name":"wp","href":"https:\/\/api.w.org\/{rel}","templated":true}]}}