    {"id":16004,"date":"2026-02-12T03:19:11","date_gmt":"2026-02-12T03:19:11","guid":{"rendered":"https:\/\/tiendalibreshop.com\/?post_type=product&#038;p=16004"},"modified":"2026-02-12T03:19:28","modified_gmt":"2026-02-12T03:19:28","slug":"star-wars-iv-una-nueva-esperanza","status":"publish","type":"product","link":"https:\/\/tiendalibreshop.com\/en\/product\/star-wars-iv-una-nueva-esperanza\/","title":{"rendered":"Star Wars IV Una nueva esperanza (1977) \u2013 Pel\u00edcula completa inolvidable 4K Latino, Cast y ingles"},"content":{"rendered":"<h1 data-start=\"367\" data-end=\"443\">\ud83d\udcfa <strong data-start=\"370\" data-end=\"443\">Star Wars: IV \u2013 Una nueva esperanza (1977) [4K \u2013 Latino]<\/strong><\/h1>\n<p data-start=\"445\" data-end=\"581\">La pel\u00edcula que inici\u00f3 la saga m\u00e1s grande de la historia del cine, ahora disponible en <strong data-start=\"532\" data-end=\"547\">Ultra HD 4K<\/strong>, con audio cl\u00e1sico en castellano.<\/p>\n<h3 data-start=\"588\" data-end=\"602\">\ud83c\udfad SINOPSIS<\/h3>\n<p data-start=\"604\" data-end=\"691\"><strong data-start=\"604\" data-end=\"645\"><span class=\"hover:entity-accent entity-underline inline cursor-pointer align-baseline\"><span class=\"whitespace-normal\">Star Wars: Episode IV \u2013 A New Hope<\/span><\/span><\/strong> marc\u00f3 el nacimiento del universo Star Wars.<\/p>\n<p data-start=\"693\" data-end=\"876\">Luke Skywalker, un joven granjero, se une a Obi-Wan Kenobi, Han Solo y la princesa Leia en una misi\u00f3n para destruir la Estrella de la Muerte, el arma definitiva del Imperio Gal\u00e1ctico.<\/p>\n<p data-start=\"878\" data-end=\"948\">Una aventura \u00e9pica de ciencia ficci\u00f3n que cambi\u00f3 el cine para siempre.<\/p>\n<p data-start=\"950\" data-end=\"1039\">\u2728 Acci\u00f3n<br data-start=\"958\" data-end=\"961\" \/>\u2728 Aventura espacial<br data-start=\"980\" data-end=\"983\" \/>\u2728 Efectos revolucionarios<br data-start=\"1008\" data-end=\"1011\" \/>\u2728 Banda sonora inolvidable<\/p>\n<h3 data-start=\"1046\" data-end=\"1075\">\ud83d\udce6 DETALLES DE LA PEL\u00cdCULA<\/h3>\n<ul>\n<li data-start=\"1077\" data-end=\"1276\"><strong data-start=\"1077\" data-end=\"1088\">T\u00edtulo:<\/strong> Star Wars Episodio IV\u00a0 Una nueva esperanza<\/li>\n<li data-start=\"1077\" data-end=\"1276\"><strong data-start=\"1136\" data-end=\"1144\">A\u00f1o:<\/strong> 1977<\/li>\n<li data-start=\"1077\" data-end=\"1276\"><strong data-start=\"1152\" data-end=\"1164\">Edici\u00f3n:<\/strong> Versi\u00f3n restaurada<\/li>\n<li data-start=\"1077\" data-end=\"1276\"><strong data-start=\"1186\" data-end=\"1199\">Duraci\u00f3n:<\/strong> 121 min<\/li>\n<li data-start=\"1077\" data-end=\"1276\"><strong data-start=\"1210\" data-end=\"1222\">Calidad:<\/strong> Ultra HD 4K<\/li>\n<li data-start=\"1077\" data-end=\"1276\"><strong data-start=\"1237\" data-end=\"1249\">Formato:<\/strong> MP4<\/li>\n<li data-start=\"1077\" data-end=\"1276\"><strong data-start=\"1256\" data-end=\"1267\">Tama\u00f1o:<\/strong> ~69 GB<\/li>\n<li data-start=\"1077\" data-end=\"1276\"><strong>\ud83d\udd0a AUDIOS INCLUIDOS:\u00a0<\/strong><\/li>\n<\/ul>\n<blockquote>\n<p data-start=\"1307\" data-end=\"1512\">\u2714 5.1 DTS-HD Master Audio (Ingl\u00e9s)<br data-start=\"1341\" data-end=\"1344\" \/>\u2714 2.0 Dolby Digital Castellano (1977 Doblaje cl\u00e1sico)<br data-start=\"1397\" data-end=\"1400\" \/>\u2714 1.0 Dolby Digital Latino (1980 Doblaje)<br data-start=\"1441\" data-end=\"1444\" \/>\u2714 2.0 Dolby Digital Ingl\u00e9s (Isolated Score \u2013 Banda sonora aislada)<\/p>\n<\/blockquote>\n<ul>\n<li><strong>\ud83d\udcac SUBT\u00cdTULOS INCLUIDOS<\/strong><\/li>\n<\/ul>\n<blockquote><p>Espa\u00f1ol Latino (Completos)<\/p>\n<p>Espa\u00f1ol Latino (Forzados)<\/p>\n<p>Castellano (Completos)<\/p>\n<p>Castellano (Forzados)<\/p><\/blockquote>\n<h3 data-start=\"1692\" data-end=\"1715\">\ud83d\udc65 REPARTO PRINCIPAL<\/h3>\n<p data-start=\"1717\" data-end=\"1868\">Mark Hamill \u2013 Luke Skywalker<br data-start=\"1745\" data-end=\"1748\" \/>Harrison Ford \u2013 Han Solo<br data-start=\"1772\" data-end=\"1775\" \/>Carrie Fisher \u2013 Princesa Leia<br data-start=\"1804\" data-end=\"1807\" \/>Alec Guinness \u2013 Obi-Wan Kenobi<br data-start=\"1837\" data-end=\"1840\" \/>David Prowse \u2013 Darth Vader<\/p>\n<p data-start=\"2096\" data-end=\"2144\"><\/p>\n<p data-start=\"2146\" data-end=\"2168\">\ud83d\udd12 Contenido protegido<\/p>\n<p data-start=\"2170\" data-end=\"2211\">\ud83c\udfac \u00bfC\u00f3mo acceder a Star Wars Episodio IV?<\/p>\n<p data-start=\"2213\" data-end=\"2293\">\ud83d\udcb8 Compra directa<br data-start=\"2230\" data-end=\"2233\" \/>\u2714 Descarga inmediata<br data-start=\"2253\" data-end=\"2256\" \/>\u2714 Pago \u00fanico<br data-start=\"2268\" data-end=\"2271\" \/>\u2714 Calidad 4K premium<\/p>\n<p data-start=\"2295\" data-end=\"2341\">\ud83d\udc8e Tambi\u00e9n disponible en membres\u00edas superiores<\/p>\n<p data-start=\"2343\" data-end=\"2377\">\ud83d\udfe2 Acceso inmediato tras el pago<\/p>\n<p data-start=\"2379\" data-end=\"2410\"><\/p>\n<h3 data-start=\"2417\" data-end=\"2451\">\u2b50 \u00bfPOR QU\u00c9 ELEGIR ESTA VERSI\u00d3N?<\/h3>\n<p data-start=\"2453\" data-end=\"2582\">\u2714 Versi\u00f3n restaurada<br data-start=\"2473\" data-end=\"2476\" \/>\u2714 Ultra HD 4K<br data-start=\"2489\" data-end=\"2492\" \/>\u2714 Doblajes cl\u00e1sicos hist\u00f3ricos<br data-start=\"2522\" data-end=\"2525\" \/>\u2714 Audio DTS-HD 5.1<br data-start=\"2543\" data-end=\"2546\" \/>\u2714 Ideal para fans y coleccionistas<\/p>","protected":false},"excerpt":{"rendered":"<h3 data-start=\"1046\" data-end=\"1075\">\ud83d\udce6 DETALLES DE LA PEL\u00cdCULA<\/h3>\n<ul>\n<li data-start=\"1077\" data-end=\"1276\"><strong data-start=\"1077\" data-end=\"1088\">T\u00edtulo:<\/strong> Star Wars IV\u00a0 Una nueva esperanza<\/li>\n<li data-start=\"1077\" data-end=\"1276\"><strong data-start=\"1136\" data-end=\"1144\">A\u00f1o:<\/strong> 1977<\/li>\n<li data-start=\"1077\" data-end=\"1276\"><strong data-start=\"1152\" data-end=\"1164\">Edici\u00f3n:<\/strong> Versi\u00f3n restaurada<\/li>\n<li data-start=\"1077\" data-end=\"1276\"><strong data-start=\"1186\" data-end=\"1199\">Duraci\u00f3n:<\/strong> 121 min<\/li>\n<li data-start=\"1077\" data-end=\"1276\"><strong data-start=\"1210\" data-end=\"1222\">Calidad:<\/strong> Ultra HD 4K<\/li>\n<li data-start=\"1077\" data-end=\"1276\"><strong data-start=\"1237\" data-end=\"1249\">Formato:<\/strong> MP4<\/li>\n<li data-start=\"1077\" data-end=\"1276\"><strong data-start=\"1256\" data-end=\"1267\">Tama\u00f1o:<\/strong> ~69 GB<\/li>\n<li data-start=\"1077\" data-end=\"1276\"><strong>\ud83d\udd0a AUDIOS INCLUIDOS:\u00a0<\/strong><\/li>\n<\/ul>\n<blockquote>\n<p data-start=\"1307\" data-end=\"1512\">\u2714 5.1 DTS-HD Master Audio (Ingl\u00e9s)<br data-start=\"1341\" data-end=\"1344\" \/>\u2714 2.0 Dolby Digital Castellano (1977 Doblaje cl\u00e1sico)<br data-start=\"1397\" data-end=\"1400\" \/>\u2714 1.0 Dolby Digital Latino (1980 Doblaje)<br data-start=\"1441\" data-end=\"1444\" \/>\u2714 2.0 Dolby Digital Ingl\u00e9s (Isolated Score \u2013 Banda sonora aislada)<\/p>\n<\/blockquote>\n<ul>\n<li><strong>\ud83d\udcac SUBT\u00cdTULOS INCLUIDOS<\/strong><\/li>\n<\/ul>\n<blockquote><p>Espa\u00f1ol Latino (Completos)<\/p>\n<p>Espa\u00f1ol Latino (Forzados)<\/p>\n<p>Castellano (Completos)<\/p>\n<p>Castellano (Forzados)<\/p><\/blockquote>","protected":false},"featured_media":16016,"comment_status":"open","ping_status":"closed","template":"","meta":[],"product_brand":[],"product_cat":[27,318,196,927,80,926,924,929,1009,1006,988],"product_tag":[135,687,1887,132,1889,1890,1886,1888],"class_list":{"0":"post-16004","1":"product","2":"type-product","3":"status-publish","4":"has-post-thumbnail","6":"product_cat-1080p","7":"product_cat-4k-ultra-hd","8":"product_cat-calidad","9":"product_cat-castellano","10":"product_cat-ciencia-ficcion","11":"product_cat-latino","12":"product_cat-idiomas","13":"product_cat-ingles","14":"product_cat-sub-spa","15":"product_cat-sub-eng","16":"product_cat-subtitulados","17":"product_tag-castellano","18":"product_tag-ciencia-ficcion","19":"product_tag-episodio-iv","20":"product_tag-latino","21":"product_tag-pelicula-4k","22":"product_tag-saga-galactica","23":"product_tag-star-wars","24":"product_tag-una-nueva-esperanza","26":"first","27":"instock","28":"downloadable","29":"virtual","30":"purchasable","31":"product-type-simple"},"jetpack_sharing_enabled":true,"_links":{"self":[{"href":"https:\/\/tiendalibreshop.com\/en\/wp-json\/wp\/v2\/product\/16004","targetHints":{"allow":["GET"]}}],"collection":[{"href":"https:\/\/tiendalibreshop.com\/en\/wp-json\/wp\/v2\/product"}],"about":[{"href":"https:\/\/tiendalibreshop.com\/en\/wp-json\/wp\/v2\/types\/product"}],"replies":[{"embeddable":true,"href":"https:\/\/tiendalibreshop.com\/en\/wp-json\/wp\/v2\/comments?post=16004"}],"wp:featuredmedia":[{"embeddable":true,"href":"https:\/\/tiendalibreshop.com\/en\/wp-json\/wp\/v2\/media\/16016"}],"wp:attachment":[{"href":"https:\/\/tiendalibreshop.com\/en\/wp-json\/wp\/v2\/media?parent=16004"}],"wp:term":[{"taxonomy":"product_brand","embeddable":true,"href":"https:\/\/tiendalibreshop.com\/en\/wp-json\/wp\/v2\/product_brand?post=16004"},{"taxonomy":"product_cat","embeddable":true,"href":"https:\/\/tiendalibreshop.com\/en\/wp-json\/wp\/v2\/product_cat?post=16004"},{"taxonomy":"product_tag","embeddable":true,"href":"https:\/\/tiendalibreshop.com\/en\/wp-json\/wp\/v2\/product_tag?post=16004"}],"curies":[{"name":"wp","href":"https:\/\/api.w.org\/{rel}","templated":true}]}}