    {"id":15786,"date":"2026-02-09T02:19:47","date_gmt":"2026-02-09T02:19:47","guid":{"rendered":"https:\/\/tiendalibreshop.com\/?post_type=product&#038;p=15786"},"modified":"2026-02-09T02:20:28","modified_gmt":"2026-02-09T02:20:28","slug":"harry-y-su-cubeta-de-dinosaurios-2005","status":"publish","type":"product","link":"https:\/\/tiendalibreshop.com\/en\/product\/harry-y-su-cubeta-de-dinosaurios-2005\/","title":{"rendered":"Harry y su cubeta de dinosaurios (2005) \u2013 Serie animada infantil completa inolvidable | Latino 1080p HD"},"content":{"rendered":"<h1 data-start=\"484\" data-end=\"564\">\ud83d\udcfa <strong data-start=\"487\" data-end=\"564\">Harry y su cubeta de dinosaurios (2005) \u2013 Serie Completa [Latino \u2013 1080p]<\/strong><\/h1>\n<p data-start=\"566\" data-end=\"781\">Imaginaci\u00f3n, amistad y aventuras prehist\u00f3ricas.<br data-start=\"613\" data-end=\"616\" \/>La entra\u00f1able serie animada infantil llega completa en <strong data-start=\"671\" data-end=\"688\">Full HD 1080p<\/strong> and <strong data-start=\"691\" data-end=\"715\">audio espa\u00f1ol latino<\/strong>, ideal para los m\u00e1s peque\u00f1os y disponible en TiendaLibreShop.com.<\/p>\n<h3 data-start=\"788\" data-end=\"811\">\ud83c\udfad SINOPSIS RESUMIDA<\/h3>\n<p data-start=\"813\" data-end=\"1005\"><strong data-start=\"813\" data-end=\"854\"><span class=\"hover:entity-accent entity-underline inline cursor-pointer align-baseline\"><span class=\"whitespace-normal\">Harry y su cubeta de dinosaurios<\/span><\/span><\/strong> sigue a Harry, un ni\u00f1o curioso que, gracias a su cubeta llena de dinosaurios de juguete, viaja a un mundo de fantas\u00eda donde vive aventuras incre\u00edbles.<\/p>\n<p data-start=\"1007\" data-end=\"1217\">Cada episodio fomenta valores como la amistad, la creatividad, la resoluci\u00f3n de problemas y la imaginaci\u00f3n, convirtiendo a la serie en una excelente opci\u00f3n educativa y entretenida para ni\u00f1os en edad preescolar.<\/p>\n<p data-start=\"1219\" data-end=\"1269\">\u2728 Animaci\u00f3n tierna, educativa y llena de fantas\u00eda.<\/p>\n<h3 data-start=\"1276\" data-end=\"1302\">\ud83d\udce6 DETALLES DE LA SERIE<\/h3>\n<ul>\n<li data-start=\"1304\" data-end=\"1592\"><strong data-start=\"1304\" data-end=\"1315\">T\u00edtulo:<\/strong> Harry and His Bucket Full of Dinosaurs (Harry y su cubeta de dinosaurios)<\/li>\n<li data-start=\"1304\" data-end=\"1592\"><strong data-start=\"1351\" data-end=\"1370\">A\u00f1o de estreno:<\/strong> 2005<\/li>\n<li data-start=\"1304\" data-end=\"1592\"><strong data-start=\"1378\" data-end=\"1387\">Pa\u00eds:<\/strong> Reino Unido \/ Canad\u00e1<\/li>\n<li data-start=\"1304\" data-end=\"1592\"><strong data-start=\"1411\" data-end=\"1426\">Temporadas:<\/strong> 2<\/li>\n<li data-start=\"1304\" data-end=\"1592\"><strong data-start=\"1431\" data-end=\"1445\">Episodios:<\/strong> 52<\/li>\n<li data-start=\"1304\" data-end=\"1592\"><strong data-start=\"1451\" data-end=\"1477\">Duraci\u00f3n por episodio:<\/strong> ~11 min<\/li>\n<li data-start=\"1304\" data-end=\"1592\"><strong data-start=\"1488\" data-end=\"1500\">Calidad:<\/strong> Full HD 1080p<\/li>\n<li data-start=\"1304\" data-end=\"1592\"><strong data-start=\"1517\" data-end=\"1529\">Formato:<\/strong> MP4<\/li>\n<li data-start=\"1304\" data-end=\"1592\"><strong data-start=\"1536\" data-end=\"1546\">Audio:<\/strong> Latin American Spanish<\/li>\n<li data-start=\"1304\" data-end=\"1592\"><strong data-start=\"1564\" data-end=\"1581\">Tama\u00f1o total:<\/strong> ~32.5 GB<\/li>\n<\/ul>\n<p data-start=\"1594\" data-end=\"1647\">\ud83d\udc49 Serie completa, organizada y lista para disfrutar.<\/p>\n<h3 data-start=\"1654\" data-end=\"1682\">\ud83d\udc65 PERSONAJES PRINCIPALES<\/h3>\n<p data-start=\"1684\" data-end=\"1731\">Harry<br data-start=\"1689\" data-end=\"1692\" \/>Rex<br data-start=\"1695\" data-end=\"1698\" \/>Steggy<br data-start=\"1704\" data-end=\"1707\" \/>Pterence<br data-start=\"1715\" data-end=\"1718\" \/>Triceratops<\/p>\n<p data-start=\"2030\" data-end=\"2078\"><\/p>\n<p data-start=\"2080\" data-end=\"2106\">\ud83d\udd12 <strong data-start=\"2083\" data-end=\"2106\">Contenido protegido<\/strong><\/p>\n<p data-start=\"2108\" data-end=\"2164\">\ud83c\udfac <strong data-start=\"2111\" data-end=\"2164\">\u00bfC\u00f3mo acceder a Harry y su cubeta de dinosaurios?<\/strong><\/p>\n<p data-start=\"2166\" data-end=\"2303\">\ud83d\udcb8 <strong data-start=\"2169\" data-end=\"2197\">Opci\u00f3n 1: Compra directa<\/strong><br data-start=\"2197\" data-end=\"2200\" \/>\u2714 Descarga de la serie completa<br data-start=\"2231\" data-end=\"2234\" \/>\u2714 Pago \u00fanico<br data-start=\"2246\" data-end=\"2249\" \/>\u2714 Acceso inmediato<br data-start=\"2267\" data-end=\"2270\" \/>\u2714 Ideal para contenido infantil<\/p>\n<p data-start=\"2305\" data-end=\"2341\">\ud83d\udc8e <strong data-start=\"2308\" data-end=\"2341\">Opci\u00f3n 2: Membres\u00edas del Club<\/strong><\/p>\n<p data-start=\"2343\" data-end=\"2420\">Accede a <strong data-start=\"2352\" data-end=\"2388\">Harry y su cubeta de dinosaurios<\/strong> y muchas series infantiles m\u00e1s:<\/p>\n<p data-start=\"2422\" data-end=\"2572\">Bronce \u2013 ideal para probar<br data-start=\"2448\" data-end=\"2451\" \/>Plata \u2013 equilibrio precio \/ cat\u00e1logo<br data-start=\"2487\" data-end=\"2490\" \/>Oro \u2013 ideal para series completas 1080p<br data-start=\"2529\" data-end=\"2532\" \/>Platinum 4K \u2013 acceso total al cat\u00e1logo<\/p>\n<p data-start=\"2574\" data-end=\"2775\">\u2b50 <strong data-start=\"2576\" data-end=\"2600\">Platinum 4K incluye:<\/strong><br data-start=\"2600\" data-end=\"2603\" \/>\u2022 120 d\u00edas de acceso<br data-start=\"2623\" data-end=\"2626\" \/>\u2022 500 cr\u00e9ditos<br data-start=\"2640\" data-end=\"2643\" \/>\u2022 Calidades: 480p \u00b7 720p \u00b7 1080p \u00b7 2K \u00b7 4K UHD<br data-start=\"2689\" data-end=\"2692\" \/>\u2022 Enlaces activos por 5 meses<br data-start=\"2721\" data-end=\"2724\" \/>\u2022 Prioridad en contenido infantil<br data-start=\"2757\" data-end=\"2760\" \/>\u2022 Soporte VIP<\/p>\n<p data-start=\"2777\" data-end=\"2870\">\ud83c\udf81 <strong data-start=\"2780\" data-end=\"2789\">BONO:<\/strong> 20 % de descuento por renovaci\u00f3n anticipada<br data-start=\"2833\" data-end=\"2836\" \/>\ud83d\udfe2 Acceso inmediato tras el pago<\/p>\n<p data-start=\"2872\" data-end=\"2903\"><\/p>\n<h3 data-start=\"2910\" data-end=\"2944\">\u2b50 \u00bfPOR QU\u00c9 ELEGIR ESTA VERSI\u00d3N?<\/h3>\n<p data-start=\"2946\" data-end=\"3085\">\u2714 Audio Espa\u00f1ol Latino<br data-start=\"2968\" data-end=\"2971\" \/>\u2714 Full HD 1080p<br data-start=\"2986\" data-end=\"2989\" \/>\u2714 Serie completa (52 episodios)<br data-start=\"3020\" data-end=\"3023\" \/>\u2714 Contenido educativo y seguro<br data-start=\"3053\" data-end=\"3056\" \/>\u2714 Ideal para ni\u00f1os peque\u00f1os<\/p>","protected":false},"excerpt":{"rendered":"<h3 data-start=\"1276\" data-end=\"1302\">\ud83d\udce6 DETALLES DE LA SERIE<\/h3>\n<ul>\n<li data-start=\"1304\" data-end=\"1592\"><strong data-start=\"1304\" data-end=\"1315\">T\u00edtulo:<\/strong> Harry and His Bucket Full of Dinosaurs (Harry y su cubeta de dinosaurios)<\/li>\n<li data-start=\"1304\" data-end=\"1592\"><strong data-start=\"1351\" data-end=\"1370\">A\u00f1o de estreno:<\/strong> 2005<\/li>\n<li data-start=\"1304\" data-end=\"1592\"><strong data-start=\"1378\" data-end=\"1387\">Pa\u00eds:<\/strong> Reino Unido \/ Canad\u00e1<\/li>\n<li data-start=\"1304\" data-end=\"1592\"><strong data-start=\"1411\" data-end=\"1426\">Temporadas:<\/strong> 2<\/li>\n<li data-start=\"1304\" data-end=\"1592\"><strong data-start=\"1431\" data-end=\"1445\">Episodios:<\/strong> 52<\/li>\n<li data-start=\"1304\" data-end=\"1592\"><strong data-start=\"1451\" data-end=\"1477\">Duraci\u00f3n por episodio:<\/strong> ~11 min<\/li>\n<li data-start=\"1304\" data-end=\"1592\"><strong data-start=\"1488\" data-end=\"1500\">Calidad:<\/strong> Full HD 1080p<\/li>\n<li data-start=\"1304\" data-end=\"1592\"><strong data-start=\"1517\" data-end=\"1529\">Formato:<\/strong> MP4<\/li>\n<li data-start=\"1304\" data-end=\"1592\"><strong data-start=\"1536\" data-end=\"1546\">Audio:<\/strong> Latin American Spanish<\/li>\n<li data-start=\"1304\" data-end=\"1592\"><strong data-start=\"1564\" data-end=\"1581\">Tama\u00f1o total:<\/strong> ~32.5 GB<\/li>\n<\/ul>\n<p>\ud83d\udce6 Serie completa, organizada por temporadas. Incluye todos los episodios, lista para ver sin complicaciones.<\/p>\n<p><strong>\u26a1 Acceso digital inmediato<\/strong><br \/>\nTras completar el pago, podr\u00e1s descargar el contenido directamente<br \/>\ndesde tu cuenta, de forma segura y sin esperas.<\/p>\n<p data-start=\"1594\" data-end=\"1647\">","protected":false},"featured_media":15794,"comment_status":"open","ping_status":"closed","template":"","meta":[],"product_brand":[],"product_cat":[27,196,926,200,924,24],"product_tag":[1871,383,1870,760,1873,1872],"class_list":{"0":"post-15786","1":"product","2":"type-product","3":"status-publish","4":"has-post-thumbnail","6":"product_cat-1080p","7":"product_cat-calidad","8":"product_cat-latino","9":"product_cat-familiar","10":"product_cat-idiomas","11":"product_cat-series","12":"product_tag-animacion-infantil","13":"product_tag-dinosaurios","14":"product_tag-harry-y-su-cubeta-de-dinosaurios","15":"product_tag-latino-1080p","16":"product_tag-series-educativas","17":"product_tag-series-preescolares","19":"first","20":"instock","21":"taxable","22":"shipping-taxable","23":"purchasable","24":"product-type-variable","25":"has-default-attributes"},"jetpack_sharing_enabled":true,"_links":{"self":[{"href":"https:\/\/tiendalibreshop.com\/en\/wp-json\/wp\/v2\/product\/15786","targetHints":{"allow":["GET"]}}],"collection":[{"href":"https:\/\/tiendalibreshop.com\/en\/wp-json\/wp\/v2\/product"}],"about":[{"href":"https:\/\/tiendalibreshop.com\/en\/wp-json\/wp\/v2\/types\/product"}],"replies":[{"embeddable":true,"href":"https:\/\/tiendalibreshop.com\/en\/wp-json\/wp\/v2\/comments?post=15786"}],"wp:featuredmedia":[{"embeddable":true,"href":"https:\/\/tiendalibreshop.com\/en\/wp-json\/wp\/v2\/media\/15794"}],"wp:attachment":[{"href":"https:\/\/tiendalibreshop.com\/en\/wp-json\/wp\/v2\/media?parent=15786"}],"wp:term":[{"taxonomy":"product_brand","embeddable":true,"href":"https:\/\/tiendalibreshop.com\/en\/wp-json\/wp\/v2\/product_brand?post=15786"},{"taxonomy":"product_cat","embeddable":true,"href":"https:\/\/tiendalibreshop.com\/en\/wp-json\/wp\/v2\/product_cat?post=15786"},{"taxonomy":"product_tag","embeddable":true,"href":"https:\/\/tiendalibreshop.com\/en\/wp-json\/wp\/v2\/product_tag?post=15786"}],"curies":[{"name":"wp","href":"https:\/\/api.w.org\/{rel}","templated":true}]}}