    {"id":12000,"date":"2026-01-30T17:30:17","date_gmt":"2026-01-30T17:30:17","guid":{"rendered":"https:\/\/tiendalibreshop.com\/?post_type=product&#038;p=12000"},"modified":"2026-02-09T10:41:32","modified_gmt":"2026-02-09T10:41:32","slug":"pelicula-cantinflas-y-su-prima-cantinflas-latino-480p","status":"publish","type":"product","link":"https:\/\/tiendalibreshop.com\/en\/product\/pelicula-cantinflas-y-su-prima-cantinflas-latino-480p\/","title":{"rendered":"Pel\u00edcula Cantinflas &#8211; Y su Prima (1940) Cantinflas Latino 480p | TiendaLibreShop"},"content":{"rendered":"<h1 data-start=\"402\" data-end=\"462\">\ud83d\udcfa Pel\u00edcula Cantinflas &#8211; Y su Prima (1940) Cantinflas Latino 480p<\/h1>\n<h3 data-start=\"1378\" data-end=\"1405\">\ud83d\udce6 <strong data-start=\"1381\" data-end=\"1405\">DETALLES DE LA PELICULA<\/strong><\/h3>\n<p>\ud83c\udfac Pel\u00edcula: Cantinflas &#8211; Y su Prima (1940)<br \/>\n\ud83d\udde3\ufe0f Idioma: Latino<br \/>\n\ud83d\udcfa Calidad: 480p<br \/>\n\ud83d\udce6 Formato: DIVX (multidispositivos)<br \/>\n\u26a1 Acceso: Inmediato<br \/>\n\u2b50 Una comedia cl\u00e1sica para tu colecci\u00f3n con la mejor calidad<\/p>\n<h3 data-start=\"701\" data-end=\"725\">\ud83c\udfad <strong data-start=\"704\" data-end=\"725\">SINOPSIS RESUMIDA<\/strong><\/h3>\n<p>pelicula cantinflas &#8211; y su prima cantinflas latino 480p es una joya del cine cl\u00e1sico de Cantinflas (1940) que conserva ese humor inconfundible y el carisma que lo convirti\u00f3 en una leyenda. Si eres de los que disfrutan pel\u00edculas con enredos simp\u00e1ticos, situaciones inesperadas y frases memorables, esta entrega es perfecta para sumarla a tu colecci\u00f3n y volver a verla cuando quieras.<\/p>\n<p>En esta historia, Cantinflas brilla con su estilo \u00fanico: comedia limpia, ritmo \u00e1gil y escenas que conectan con todo tipo de p\u00fablico. Es ideal para ver en familia, para revivir la nostalgia del cine mexicano y para quienes est\u00e1n armando una videoteca cl\u00e1sica bien organizada. Adem\u00e1s, esta versi\u00f3n est\u00e1 indicada en **480p**, pensada para una reproducci\u00f3n c\u00f3moda en TV, laptop o celular, con una presentaci\u00f3n que se adapta a m\u00faltiples dispositivos.<\/p>\n<p>Muchos coleccionistas buscan pelicula cantinflas &#8211; y su prima cantinflas latino 480p porque forma parte de esas pel\u00edculas que \u201cnunca fallan\u201d: entretienen, te sacan una sonrisa y se sienten atemporales. Si est\u00e1s explorando el universo de Cantinflas o completando tu filmograf\u00eda, pelicula cantinflas &#8211; y su prima cantinflas latino 480p es una elecci\u00f3n segura que suma valor a tu cat\u00e1logo personal.<\/p>","protected":false},"excerpt":{"rendered":"<h3 data-start=\"1378\" data-end=\"1405\">\ud83d\udce6 <strong data-start=\"1381\" data-end=\"1405\">DETALLES DE LA PELICULA<\/strong><\/h3>\n<p>\ud83c\udfac Pel\u00edcula: Cantinflas &#8211; Y su Prima (1940)<br \/>\n\ud83d\udde3\ufe0f Idioma: Latino<br \/>\n\ud83d\udcfa Calidad: 480p<br \/>\n\ud83d\udce6 Formato: DIVX (multidispositivos)<br \/>\n\u26a1 Acceso: Inmediato<br \/>\n\u2b50 Una comedia cl\u00e1sica para tu colecci\u00f3n con la mejor calidad<\/p>","protected":false},"featured_media":12015,"comment_status":"open","ping_status":"closed","template":"","meta":[],"product_brand":[],"product_cat":[258,896,836,897],"product_tag":[63,923,634,760,635,839],"class_list":{"0":"post-12000","1":"product","2":"type-product","3":"status-publish","4":"has-post-thumbnail","6":"product_cat-peliculas","7":"product_cat-1080p-peliculas","8":"product_cat-cantinflas","9":"product_cat-comedia-peliculas","10":"product_tag-chicago-p-d","11":"product_tag-chicago-universe","12":"product_tag-drama-policial","13":"product_tag-latino-1080p","14":"product_tag-series-modernas","15":"product_tag-series-policiales","17":"first","18":"instock","19":"sale","20":"downloadable","21":"virtual","22":"taxable","23":"purchasable","24":"product-type-simple"},"jetpack_sharing_enabled":true,"_links":{"self":[{"href":"https:\/\/tiendalibreshop.com\/en\/wp-json\/wp\/v2\/product\/12000","targetHints":{"allow":["GET"]}}],"collection":[{"href":"https:\/\/tiendalibreshop.com\/en\/wp-json\/wp\/v2\/product"}],"about":[{"href":"https:\/\/tiendalibreshop.com\/en\/wp-json\/wp\/v2\/types\/product"}],"replies":[{"embeddable":true,"href":"https:\/\/tiendalibreshop.com\/en\/wp-json\/wp\/v2\/comments?post=12000"}],"wp:featuredmedia":[{"embeddable":true,"href":"https:\/\/tiendalibreshop.com\/en\/wp-json\/wp\/v2\/media\/12015"}],"wp:attachment":[{"href":"https:\/\/tiendalibreshop.com\/en\/wp-json\/wp\/v2\/media?parent=12000"}],"wp:term":[{"taxonomy":"product_brand","embeddable":true,"href":"https:\/\/tiendalibreshop.com\/en\/wp-json\/wp\/v2\/product_brand?post=12000"},{"taxonomy":"product_cat","embeddable":true,"href":"https:\/\/tiendalibreshop.com\/en\/wp-json\/wp\/v2\/product_cat?post=12000"},{"taxonomy":"product_tag","embeddable":true,"href":"https:\/\/tiendalibreshop.com\/en\/wp-json\/wp\/v2\/product_tag?post=12000"}],"curies":[{"name":"wp","href":"https:\/\/api.w.org\/{rel}","templated":true}]}}