    {"id":11685,"date":"2026-01-25T23:54:56","date_gmt":"2026-01-25T23:54:56","guid":{"rendered":"https:\/\/tiendalibreshop.com\/?post_type=product&#038;p=11685"},"modified":"2026-04-14T22:06:31","modified_gmt":"2026-04-14T22:06:31","slug":"malcolm-el-de-en-medio-2000-serie","status":"publish","type":"product","link":"https:\/\/tiendalibreshop.com\/en\/product\/malcolm-el-de-en-medio-2000-serie\/","title":{"rendered":"Malcolm el de en medio (2000) \u2013 Serie completa de comedia inolvidable | Latino 1080p HD"},"content":{"rendered":"<h1 data-start=\"417\" data-end=\"502\">\ud83d\udcfa <strong data-start=\"420\" data-end=\"502\">Malcolm, el de en medio (2000) \u2013 Serie Completa [Dual Latino \/ Ingl\u00e9s \u2013 1080p]<\/strong><\/h1>\n<p data-start=\"504\" data-end=\"664\">Una de las comedias familiares m\u00e1s irreverentes e inteligentes de la televisi\u00f3n, ahora <strong data-start=\"591\" data-end=\"603\">completa<\/strong> en <strong data-start=\"607\" data-end=\"624\">Full HD 1080p<\/strong>, disponible en <strong data-start=\"640\" data-end=\"663\">TiendaLibreShop.com<\/strong>.<\/p>\n<h3 data-start=\"671\" data-end=\"694\">\ud83c\udfad SINOPSIS RESUMIDA<\/h3>\n<p data-start=\"696\" data-end=\"879\"><strong data-start=\"696\" data-end=\"737\"><span class=\"hover:entity-accent entity-underline inline cursor-pointer align-baseline\"><span class=\"whitespace-normal\">Malcolm, el de en medio<\/span><\/span><\/strong> sigue la vida de Malcolm, un ni\u00f1o con un coeficiente intelectual excepcional que crece en una familia totalmente ca\u00f3tica y fuera de lo com\u00fan.<\/p>\n<p data-start=\"881\" data-end=\"1109\">Entre hermanos problem\u00e1ticos, un padre inmaduro y una madre autoritaria, Malcolm intenta sobrevivir a la escuela, la adolescencia y la vida familiar mientras rompe constantemente la cuarta pared con su humor \u00e1cido e inteligente.<\/p>\n<p data-start=\"1111\" data-end=\"1264\">\u2728 Una comedia revolucionaria que rompi\u00f3 los esquemas tradicionales, convirti\u00e9ndose en un cl\u00e1sico moderno lleno de s\u00e1tira, iron\u00eda y momentos inolvidables.<\/p>\n<h3 data-start=\"1271\" data-end=\"1297\">\ud83d\udce6 DETALLES DE LA SERIE<\/h3>\n<ul>\n<li data-start=\"1301\" data-end=\"1338\"><strong data-start=\"1301\" data-end=\"1312\">T\u00edtulo:<\/strong> Malcolm el de en medio<\/li>\n<li data-start=\"1341\" data-end=\"1385\"><strong data-start=\"1341\" data-end=\"1361\">T\u00edtulo original:<\/strong> Malcolm in the Middle<\/li>\n<li data-start=\"1388\" data-end=\"1414\"><strong data-start=\"1388\" data-end=\"1407\">A\u00f1o de estreno:<\/strong> 2000<\/li>\n<li data-start=\"1417\" data-end=\"1443\"><strong data-start=\"1417\" data-end=\"1426\">Pa\u00eds:<\/strong> Estados Unidos<\/li>\n<li data-start=\"1446\" data-end=\"1465\"><strong data-start=\"1446\" data-end=\"1461\">Temporadas:<\/strong> 7<\/li>\n<li data-start=\"1468\" data-end=\"1488\"><strong data-start=\"1468\" data-end=\"1482\">Episodios:<\/strong> 151<\/li>\n<li data-start=\"1491\" data-end=\"1527\"><strong data-start=\"1491\" data-end=\"1517\">Duraci\u00f3n por episodio:<\/strong> ~22 min<\/li>\n<li data-start=\"1530\" data-end=\"1558\"><strong data-start=\"1530\" data-end=\"1542\">Calidad:<\/strong> Full HD 1080p<\/li>\n<li data-start=\"1561\" data-end=\"1579\"><strong data-start=\"1561\" data-end=\"1573\">Formato:<\/strong> MKV<\/li>\n<li data-start=\"1582\" data-end=\"1618\"><strong data-start=\"1582\" data-end=\"1592\">Audio:<\/strong> Espa\u00f1ol Latino \/ Ingl\u00e9s<\/li>\n<li data-start=\"1621\" data-end=\"1647\"><strong data-start=\"1621\" data-end=\"1638\">Tama\u00f1o total:<\/strong> ~95 GB<\/li>\n<li data-start=\"1621\" data-end=\"1647\"><strong>Subtitulos disponibles:<\/strong> Espa\u00f1ol<\/li>\n<\/ul>\n<p data-start=\"1649\" data-end=\"1715\">\ud83d\udc49 Serie completa organizada por temporadas, lista para disfrutar.<\/p>\n<h3 data-start=\"1722\" data-end=\"1745\">\ud83d\udc65 REPARTO PRINCIPAL<\/h3>\n<ul>\n<li data-start=\"1749\" data-end=\"1774\">Frankie Muniz \u2013 Malcolm<\/li>\n<li data-start=\"1777\" data-end=\"1799\">Bryan Cranston \u2013 Hal<\/li>\n<li data-start=\"1802\" data-end=\"1825\">Jane Kaczmarek \u2013 Lois<\/li>\n<li data-start=\"1828\" data-end=\"1853\">Justin Berfield \u2013 Reese<\/li>\n<li data-start=\"1856\" data-end=\"1883\">Erik Per Sullivan \u2013 Dewey<\/li>\n<\/ul>\n<div class=\"contain-inline-size rounded-2xl corner-superellipse\/1.1 relative bg-token-sidebar-surface-primary\">\n<div class=\"sticky top-[calc(--spacing(9)+var(--header-height))] @w-xl\/main:top-9\"><\/div>\n<div class=\"overflow-y-auto p-4\" dir=\"ltr\"><code class=\"whitespace-pre! language-html\"><br \/>\n<\/code><\/div>\n<\/div>\n<h2 data-start=\"2301\" data-end=\"2326\">\ud83d\udd12 Contenido protegido<\/h2>\n<h3 data-start=\"2328\" data-end=\"2375\">\ud83c\udfac \u00bfC\u00f3mo acceder a Malcolm, el de en medio?<\/h3>\n<h4 data-start=\"2377\" data-end=\"2409\">\ud83d\udcb8 Opci\u00f3n 1: Compra directa<\/h4>\n<p data-start=\"2410\" data-end=\"2509\">\u2714 Descarga de la serie completa<br data-start=\"2441\" data-end=\"2444\" \/>\u2714 Pago \u00fanico<br data-start=\"2456\" data-end=\"2459\" \/>\u2714 Acceso inmediato<br data-start=\"2477\" data-end=\"2480\" \/>\u2714 Ideal para coleccionistas<\/p>\n<h4 data-start=\"2511\" data-end=\"2548\">\ud83d\udc8e Opci\u00f3n 2: Membres\u00edas del Club<\/h4>\n<p data-start=\"2550\" data-end=\"2598\">Accede a Malcolm y a cientos de series cl\u00e1sicas:<\/p>\n<ul>\n<li data-start=\"2602\" data-end=\"2633\"><strong data-start=\"2602\" data-end=\"2613\">Bronce:<\/strong> ideal para probar<\/li>\n<li data-start=\"2636\" data-end=\"2677\"><strong data-start=\"2636\" data-end=\"2646\">Plata:<\/strong> equilibrio precio \/ cat\u00e1logo<\/li>\n<li data-start=\"2680\" data-end=\"2727\"><strong data-start=\"2680\" data-end=\"2688\">Oro:<\/strong> ideal para series completas en 1080p<\/li>\n<li data-start=\"2730\" data-end=\"2773\"><strong data-start=\"2730\" data-end=\"2746\">Platinum 4K:<\/strong> acceso total al cat\u00e1logo<\/li>\n<\/ul>\n<p data-start=\"2775\" data-end=\"2994\">\u2b50 <strong data-start=\"2777\" data-end=\"2801\">Platinum 4K incluye:<\/strong><br data-start=\"2801\" data-end=\"2804\" \/>\u2022 120 d\u00edas de acceso<br data-start=\"2824\" data-end=\"2827\" \/>\u2022 500 cr\u00e9ditos<br data-start=\"2841\" data-end=\"2844\" \/>\u2022 Calidades: 480p \u00b7 720p \u00b7 1080p \u00b7 2K \u00b7 4K UHD<br data-start=\"2890\" data-end=\"2893\" \/>\u2022 Enlaces activos por 5 meses<br data-start=\"2922\" data-end=\"2925\" \/>\u2022 Prioridad en nuevas remasterizaciones<br data-start=\"2964\" data-end=\"2967\" \/>\u2022 Soporte VIP prioritario<\/p>\n<p data-start=\"2996\" data-end=\"3087\">\ud83c\udf81 <strong data-start=\"2999\" data-end=\"3008\">BONO:<\/strong> 20 % de descuento por renovaci\u00f3n anticipada<br data-start=\"3052\" data-end=\"3055\" \/>\ud83d\udfe2 Acceso inmediato tras el pago<\/p>\n<div class=\"contain-inline-size rounded-2xl corner-superellipse\/1.1 relative bg-token-sidebar-surface-primary\">\n<div class=\"overflow-y-auto p-4\" dir=\"ltr\"><code class=\"whitespace-pre! language-html\"><br \/>\n<\/code><\/div>\n<\/div>\n<h3 data-start=\"3139\" data-end=\"3173\">\u2b50 \u00bfPOR QU\u00c9 ELEGIR ESTA VERSI\u00d3N?<\/h3>\n<p data-start=\"3175\" data-end=\"3349\">\u2714 Audio Espa\u00f1ol Latino aut\u00e9ntico<br data-start=\"3207\" data-end=\"3210\" \/>\u2714 Dual audio (Latino \/ Ingl\u00e9s)<br data-start=\"3240\" data-end=\"3243\" \/>\u2714 Serie completa en Full HD 1080p<br data-start=\"3276\" data-end=\"3279\" \/>\u2714 Humor inteligente y sin censura<br data-start=\"3312\" data-end=\"3315\" \/>\u2714 Ideal para maratones y nostalgia<\/p>","protected":false},"excerpt":{"rendered":"<h3 data-start=\"1271\" data-end=\"1297\">\ud83d\udce6 DETALLES DE LA SERIE<\/h3>\n<ul>\n<li data-start=\"1301\" data-end=\"1338\"><strong data-start=\"1301\" data-end=\"1312\">T\u00edtulo:<\/strong> Malcolm el de en medio<\/li>\n<li data-start=\"1341\" data-end=\"1385\"><strong data-start=\"1341\" data-end=\"1361\">T\u00edtulo original:<\/strong> Malcolm in the Middle<\/li>\n<li data-start=\"1388\" data-end=\"1414\"><strong data-start=\"1388\" data-end=\"1407\">A\u00f1o de estreno:<\/strong> 2000<\/li>\n<li data-start=\"1417\" data-end=\"1443\"><strong data-start=\"1417\" data-end=\"1426\">Pa\u00eds:<\/strong> Estados Unidos<\/li>\n<li data-start=\"1446\" data-end=\"1465\"><strong data-start=\"1446\" data-end=\"1461\">Temporadas:<\/strong> 7<\/li>\n<li data-start=\"1468\" data-end=\"1488\"><strong data-start=\"1468\" data-end=\"1482\">Episodios:<\/strong> 151<\/li>\n<li data-start=\"1491\" data-end=\"1527\"><strong data-start=\"1491\" data-end=\"1517\">Duraci\u00f3n por episodio:<\/strong> ~22 min<\/li>\n<li data-start=\"1530\" data-end=\"1558\"><strong data-start=\"1530\" data-end=\"1542\">Calidad:<\/strong> Full HD 1080p<\/li>\n<li data-start=\"1561\" data-end=\"1579\"><strong data-start=\"1561\" data-end=\"1573\">Formato:<\/strong> MKV<\/li>\n<li data-start=\"1582\" data-end=\"1618\"><strong data-start=\"1582\" data-end=\"1592\">Audio:<\/strong> Espa\u00f1ol Latino \/ Ingl\u00e9s<\/li>\n<li data-start=\"1621\" data-end=\"1647\"><strong data-start=\"1621\" data-end=\"1638\">Tama\u00f1o total:<\/strong> ~95 GB<\/li>\n<li data-start=\"1621\" data-end=\"1647\"><strong>Subtitulos disponibles:<\/strong> Espa\u00f1ol<\/li>\n<\/ul>\n<p data-start=\"1649\" data-end=\"1715\">\ud83d\udc49 Serie completa organizada por temporadas, lista para disfrutar.<\/p>","protected":false},"featured_media":11689,"comment_status":"open","ping_status":"closed","template":"","meta":[],"product_brand":[],"product_cat":[27,198,196,104,242,802,24],"product_tag":[507,760,903,902,509],"class_list":{"0":"post-11685","1":"product","2":"type-product","3":"status-publish","4":"has-post-thumbnail","6":"product_cat-1080p","7":"product_cat-aventura","8":"product_cat-calidad","9":"product_cat-comedia","10":"product_cat-drama-2","11":"product_cat-junevil","12":"product_cat-series","13":"product_tag-comedia-familiar","14":"product_tag-latino-1080p","15":"product_tag-malcolm-2000","16":"product_tag-malcolm-el-de-en-medio","17":"product_tag-series-clasicas","19":"first","20":"instock","21":"product-type-variable"},"jetpack_sharing_enabled":true,"_links":{"self":[{"href":"https:\/\/tiendalibreshop.com\/en\/wp-json\/wp\/v2\/product\/11685","targetHints":{"allow":["GET"]}}],"collection":[{"href":"https:\/\/tiendalibreshop.com\/en\/wp-json\/wp\/v2\/product"}],"about":[{"href":"https:\/\/tiendalibreshop.com\/en\/wp-json\/wp\/v2\/types\/product"}],"replies":[{"embeddable":true,"href":"https:\/\/tiendalibreshop.com\/en\/wp-json\/wp\/v2\/comments?post=11685"}],"wp:featuredmedia":[{"embeddable":true,"href":"https:\/\/tiendalibreshop.com\/en\/wp-json\/wp\/v2\/media\/11689"}],"wp:attachment":[{"href":"https:\/\/tiendalibreshop.com\/en\/wp-json\/wp\/v2\/media?parent=11685"}],"wp:term":[{"taxonomy":"product_brand","embeddable":true,"href":"https:\/\/tiendalibreshop.com\/en\/wp-json\/wp\/v2\/product_brand?post=11685"},{"taxonomy":"product_cat","embeddable":true,"href":"https:\/\/tiendalibreshop.com\/en\/wp-json\/wp\/v2\/product_cat?post=11685"},{"taxonomy":"product_tag","embeddable":true,"href":"https:\/\/tiendalibreshop.com\/en\/wp-json\/wp\/v2\/product_tag?post=11685"}],"curies":[{"name":"wp","href":"https:\/\/api.w.org\/{rel}","templated":true}]}}