    {"id":10919,"date":"2026-01-18T22:03:02","date_gmt":"2026-01-18T22:03:02","guid":{"rendered":"https:\/\/tiendalibreshop.com\/?post_type=product&#038;p=10919"},"modified":"2026-03-11T16:04:21","modified_gmt":"2026-03-11T16:04:21","slug":"super-coleccion-cantinflas-47-peliculas-1080p-480p","status":"publish","type":"product","link":"https:\/\/tiendalibreshop.com\/en\/product\/super-coleccion-cantinflas-47-peliculas-1080p-480p\/","title":{"rendered":"S\u00faper Colecci\u00f3n Cantinflas \u2013 47 Pel\u00edculas [1080p\/480p] | TiendaLibreShop"},"content":{"rendered":"<p>\ud83d\udfe6 Descripci\u00f3n larga<br \/>\n<\/p>","protected":false},"excerpt":{"rendered":"<p>\ud83d\udfe6 Descripci\u00f3n corta<br \/>\n\ud83c\udfac **S\u00faper Colecci\u00f3n Cantinflas (47 Pel\u00edculas)**<br \/>\n\u2b50 Una colecci\u00f3n especial y \u00fanica para verdaderos fans.<br \/>\n\ud83d\udccc Calidades: **1080p (mayor\u00eda)** y **480p (algunas)**<br \/>\n\u2705 Acceso inmediato |<\/p>","protected":false},"featured_media":10949,"comment_status":"open","ping_status":"closed","template":"","meta":[],"product_brand":[],"product_cat":[258,27,836],"product_tag":[],"class_list":{"0":"post-10919","1":"product","2":"type-product","3":"status-publish","4":"has-post-thumbnail","6":"product_cat-peliculas","7":"product_cat-1080p","8":"product_cat-cantinflas","10":"first","11":"instock","12":"sale","13":"downloadable","14":"virtual","15":"taxable","16":"purchasable","17":"product-type-simple"},"jetpack_sharing_enabled":true,"_links":{"self":[{"href":"https:\/\/tiendalibreshop.com\/en\/wp-json\/wp\/v2\/product\/10919","targetHints":{"allow":["GET"]}}],"collection":[{"href":"https:\/\/tiendalibreshop.com\/en\/wp-json\/wp\/v2\/product"}],"about":[{"href":"https:\/\/tiendalibreshop.com\/en\/wp-json\/wp\/v2\/types\/product"}],"replies":[{"embeddable":true,"href":"https:\/\/tiendalibreshop.com\/en\/wp-json\/wp\/v2\/comments?post=10919"}],"wp:featuredmedia":[{"embeddable":true,"href":"https:\/\/tiendalibreshop.com\/en\/wp-json\/wp\/v2\/media\/10949"}],"wp:attachment":[{"href":"https:\/\/tiendalibreshop.com\/en\/wp-json\/wp\/v2\/media?parent=10919"}],"wp:term":[{"taxonomy":"product_brand","embeddable":true,"href":"https:\/\/tiendalibreshop.com\/en\/wp-json\/wp\/v2\/product_brand?post=10919"},{"taxonomy":"product_cat","embeddable":true,"href":"https:\/\/tiendalibreshop.com\/en\/wp-json\/wp\/v2\/product_cat?post=10919"},{"taxonomy":"product_tag","embeddable":true,"href":"https:\/\/tiendalibreshop.com\/en\/wp-json\/wp\/v2\/product_tag?post=10919"}],"curies":[{"name":"wp","href":"https:\/\/api.w.org\/{rel}","templated":true}]}}