    {"id":10195,"date":"2026-01-05T03:00:27","date_gmt":"2026-01-05T03:00:27","guid":{"rendered":"https:\/\/tiendalibreshop.com\/?post_type=product&#038;p=10195"},"modified":"2026-03-13T15:10:43","modified_gmt":"2026-03-13T15:10:43","slug":"mi-bella-genio-1965-serie-1080p","status":"publish","type":"product","link":"https:\/\/tiendalibreshop.com\/en\/product\/mi-bella-genio-1965-serie-1080p\/","title":{"rendered":"Mi bella genio (1965) \u2013 Serie cl\u00e1sica de comedia fant\u00e1stica inolvidable | Serie Completa Latino 1080p HD"},"content":{"rendered":"<h1 data-start=\"371\" data-end=\"426\">\ud83d\udcfa <strong data-start=\"374\" data-end=\"426\">Mi bella genio \u2013 Serie Completa [Latino \u2013 1080p]<\/strong><\/h1>\n<p data-start=\"428\" data-end=\"562\">\u2728 Magia, comedia y romance cl\u00e1sico que marc\u00f3 generaciones, ahora en <strong data-start=\"496\" data-end=\"513\">Full HD 1080p<\/strong> y audio latino solo en <strong data-start=\"537\" data-end=\"560\">TiendaLibreShop.com<\/strong> \u2728<\/p>\n<h3 data-start=\"569\" data-end=\"592\">\ud83c\udfad Sinopsis resumida<\/h3>\n<p data-start=\"594\" data-end=\"747\"><strong data-start=\"594\" data-end=\"612\">Mi bella genio<\/strong> (<em data-start=\"614\" data-end=\"634\">I Dream of Jeannie<\/em>, 1965) es una ic\u00f3nica serie de comedia fant\u00e1stica que combina humor, romance y situaciones m\u00e1gicas inolvidables.<\/p>\n<p data-start=\"749\" data-end=\"1019\">La historia sigue al <strong data-start=\"770\" data-end=\"791\">mayor Tony Nelson<\/strong>, un astronauta de la Fuerza A\u00e9rea que, tras un aterrizaje forzoso en una isla desierta, descubre una misteriosa botella que contiene a <strong data-start=\"927\" data-end=\"938\">Jeannie<\/strong>, una genio milenaria con poderes extraordinarios y una personalidad encantadora.<\/p>\n<p data-start=\"1021\" data-end=\"1280\">Aunque Tony intenta llevar una vida normal y mantener en secreto la existencia de Jeannie, sus deseos, travesuras y malentendidos provocan situaciones hilarantes, especialmente cuando intervienen el <strong data-start=\"1220\" data-end=\"1242\">mayor Roger Healey<\/strong> y el estricto <strong data-start=\"1257\" data-end=\"1279\">Dr. Alfred Bellows<\/strong>.<\/p>\n<p data-start=\"1282\" data-end=\"1379\">\u2728 Una serie atemporal que mezcla fantas\u00eda, comedia y romance con un encanto \u00fanico de los a\u00f1os 60.<\/p>\n<h3 data-start=\"1386\" data-end=\"1412\">\ud83d\udce6 DETALLES DE LA SERIE<\/h3>\n<ul>\n<li data-start=\"1416\" data-end=\"1457\"><strong data-start=\"1416\" data-end=\"1436\">T\u00edtulo original:<\/strong> Mi bella genio (I Dream of Jeannie)<\/li>\n<li data-start=\"1460\" data-end=\"1486\"><strong data-start=\"1460\" data-end=\"1479\">A\u00f1o de estreno:<\/strong> 1965<\/li>\n<li data-start=\"1489\" data-end=\"1515\"><strong data-start=\"1489\" data-end=\"1498\">Pa\u00eds:<\/strong> Estados Unidos<\/li>\n<li data-start=\"1518\" data-end=\"1537\"><strong data-start=\"1518\" data-end=\"1533\">Temporadas:<\/strong> 5<\/li>\n<li data-start=\"1540\" data-end=\"1560\"><strong data-start=\"1540\" data-end=\"1554\">Episodios:<\/strong> 139<\/li>\n<li data-start=\"1563\" data-end=\"1605\"><strong data-start=\"1563\" data-end=\"1589\">Duraci\u00f3n por episodio:<\/strong> 24 min aprox.<\/li>\n<li data-start=\"1608\" data-end=\"1645\"><strong data-start=\"1608\" data-end=\"1629\">Calidad de video:<\/strong> Full HD 1080p<\/li>\n<li data-start=\"1648\" data-end=\"1666\"><strong data-start=\"1648\" data-end=\"1660\">Formato:<\/strong> MKV<\/li>\n<li data-start=\"1669\" data-end=\"1708\"><strong data-start=\"1669\" data-end=\"1679\">Audio:<\/strong> Espa\u00f1ol Latino (MP3 \/ AC3)<\/li>\n<li data-start=\"1711\" data-end=\"1745\"><strong data-start=\"1711\" data-end=\"1728\">Tama\u00f1o total:<\/strong> ~137 GB aprox.<\/li>\n<\/ul>\n<p data-start=\"1747\" data-end=\"1835\">\ud83d\udc49 La serie se encuentra <strong data-start=\"1772\" data-end=\"1812\">completa y organizada por temporadas<\/strong>, lista para disfrutar.<\/p>\n<p data-start=\"1842\" data-end=\"1890\"><\/p>\n<p data-start=\"1892\" data-end=\"1918\">\ud83d\udd12 <strong data-start=\"1895\" data-end=\"1918\">Contenido protegido<\/strong><\/p>\n<p data-start=\"1920\" data-end=\"1965\">\ud83c\udfac <strong data-start=\"1923\" data-end=\"1965\">\u00bfC\u00f3mo acceder a Mi bella genio (1965)?<\/strong><\/p>\n<p data-start=\"1967\" data-end=\"1998\">\ud83d\udcb8 <strong data-start=\"1970\" data-end=\"1998\">Opci\u00f3n 1: Compra directa<\/strong><\/p>\n<p>\u2714 Descarga la serie completa sin membres\u00eda<\/p>\n<p>\u2714 Pago \u00fanico por este t\u00edtulo<\/p>\n<p>\u2714 Acceso inmediato tras el pago<\/p>\n<p>\u2714 Ideal si buscas esta comedia cl\u00e1sica<\/p>\n<p data-start=\"2159\" data-end=\"2195\">\ud83d\udc8e <strong data-start=\"2162\" data-end=\"2195\">Opci\u00f3n 2: Membres\u00edas del Club<\/strong><\/p>\n<p data-start=\"2197\" data-end=\"2294\">Accede a <em data-start=\"2206\" data-end=\"2222\">Mi bella genio<\/em> y a cientos de series cl\u00e1sicas y modernas mediante nuestras membres\u00edas:<\/p>\n<p data-start=\"2296\" data-end=\"2481\">\u2022 Bronce: ideal para probar el servicio<br data-start=\"2335\" data-end=\"2338\" \/>\u2022 Plata: equilibrio perfecto entre precio y contenido<br data-start=\"2391\" data-end=\"2394\" \/>\u2022 Oro: ideal para series completas en 1080p<br data-start=\"2437\" data-end=\"2440\" \/>\u2022 Platinum 4K: acceso total al cat\u00e1logo<\/p>\n<p data-start=\"2483\" data-end=\"2519\">\u2b50 <strong data-start=\"2485\" data-end=\"2519\">Membres\u00eda Platinum 4K incluye:<\/strong><\/p>\n<ul>\n<li data-start=\"2522\" data-end=\"2542\">120 d\u00edas de acceso<\/li>\n<li data-start=\"2545\" data-end=\"2559\">500 cr\u00e9ditos<\/li>\n<li data-start=\"2562\" data-end=\"2608\">Calidades: 480p \u00b7 720p \u00b7 1080p \u00b7 2K \u00b7 4K UHD<\/li>\n<li data-start=\"2611\" data-end=\"2640\">Enlaces activos por 5 meses<\/li>\n<li data-start=\"2643\" data-end=\"2682\">Prioridad en nuevas remasterizaciones<\/li>\n<li data-start=\"2685\" data-end=\"2710\">Soporte VIP prioritario<\/li>\n<\/ul>\n<p data-start=\"2712\" data-end=\"2776\">\ud83c\udf81 <strong data-start=\"2715\" data-end=\"2724\">BONO:<\/strong> 20 % de descuento si renuevas antes del vencimiento<\/p>\n<p data-start=\"2778\" data-end=\"2861\">\ud83d\udfe2 Acceso inmediato despu\u00e9s del pago<br data-start=\"2814\" data-end=\"2817\" \/>\ud83d\udce5 Descarga en la mejor calidad disponible<\/p>\n<p data-start=\"2863\" data-end=\"2931\">\ud83d\udc49 <strong data-start=\"2866\" data-end=\"2931\">\u00daNETE HOY AL CLUB Y DISFRUTA DE LAS MEJORES COMEDIAS CL\u00c1SICAS<\/strong><\/p>\n<p data-start=\"2933\" data-end=\"2964\"><\/p>\n<h3 data-start=\"2971\" data-end=\"3025\">\u2b50 \u00bfPor qu\u00e9 elegir esta versi\u00f3n de <em data-start=\"3008\" data-end=\"3024\">Mi bella genio<\/em>?<\/h3>\n<p data-start=\"3027\" data-end=\"3255\">\u2714 Audio Espa\u00f1ol Latino aut\u00e9ntico<br data-start=\"3059\" data-end=\"3062\" \/>\u2714 Calidad Full HD 1080p real<br data-start=\"3090\" data-end=\"3093\" \/>\u2714 Serie completa y bien organizada<br data-start=\"3127\" data-end=\"3130\" \/>\u2714 Comedia fant\u00e1stica para toda la familia<br data-start=\"3171\" data-end=\"3174\" \/>\u2714 Personajes entra\u00f1ables y humor cl\u00e1sico<br data-start=\"3214\" data-end=\"3217\" \/>\u2714 Una joya televisiva de los a\u00f1os 60<\/p>\n<h3 data-start=\"3262\" data-end=\"3285\">\ud83d\udc65 Reparto principal<\/h3>\n<ul>\n<li data-start=\"3289\" data-end=\"3313\">Barbara Eden \u2013 Jeannie<\/li>\n<li data-start=\"3316\" data-end=\"3350\">Larry Hagman \u2013 Mayor Tony Nelson<\/li>\n<li data-start=\"3353\" data-end=\"3386\">Bill Daily \u2013 Mayor Roger Healey<\/li>\n<li data-start=\"3389\" data-end=\"3424\">Hayden Rorke \u2013 Dr. Alfred Bellows<\/li>\n<\/ul>\n<p data-start=\"3426\" data-end=\"3504\">\u2728 <strong data-start=\"3428\" data-end=\"3502\">Mi bella genio (1965): magia, risas y romance que nunca pasan de moda.<\/strong> \u2728<\/p>","protected":false},"excerpt":{"rendered":"<h3 data-start=\"1386\" data-end=\"1412\">\ud83d\udce6 DETALLES DE LA SERIE<\/h3>\n<ul>\n<li data-start=\"1416\" data-end=\"1457\"><strong data-start=\"1416\" data-end=\"1436\">T\u00edtulo original:<\/strong> Mi bella genio (I Dream of Jeannie)<\/li>\n<li data-start=\"1460\" data-end=\"1486\"><strong data-start=\"1460\" data-end=\"1479\">A\u00f1o de estreno:<\/strong> 1965<\/li>\n<li data-start=\"1489\" data-end=\"1515\"><strong data-start=\"1489\" data-end=\"1498\">Pa\u00eds:<\/strong> Estados Unidos<\/li>\n<li data-start=\"1518\" data-end=\"1537\"><strong data-start=\"1518\" data-end=\"1533\">Temporadas:<\/strong> 5<\/li>\n<li data-start=\"1540\" data-end=\"1560\"><strong data-start=\"1540\" data-end=\"1554\">Episodios:<\/strong> 139<\/li>\n<li data-start=\"1563\" data-end=\"1605\"><strong data-start=\"1563\" data-end=\"1589\">Duraci\u00f3n por episodio:<\/strong> 24 min aprox.<\/li>\n<li data-start=\"1608\" data-end=\"1645\"><strong data-start=\"1608\" data-end=\"1629\">Calidad de video:<\/strong> Full HD 1080p<\/li>\n<li data-start=\"1648\" data-end=\"1666\"><strong data-start=\"1648\" data-end=\"1660\">Formato:<\/strong> MKV<\/li>\n<li data-start=\"1669\" data-end=\"1708\"><strong data-start=\"1669\" data-end=\"1679\">Audio:<\/strong> Espa\u00f1ol Latino (MP3 \/ AC3)<\/li>\n<li data-start=\"1711\" data-end=\"1745\"><strong data-start=\"1711\" data-end=\"1728\">Tama\u00f1o total:<\/strong> ~137 GB aprox.<\/li>\n<\/ul>\n<p data-start=\"1747\" data-end=\"1835\">\ud83d\udc49 La serie se encuentra <strong data-start=\"1772\" data-end=\"1812\">completa y organizada por temporadas<\/strong>, lista para disfrutar.<\/p>","protected":false},"featured_media":10197,"comment_status":"open","ping_status":"closed","template":"","meta":[],"product_brand":[],"product_cat":[27,200,203,24,276],"product_tag":[159,482,685,506,682,615,166,683,568,295,616,607,539,91,684],"class_list":{"0":"post-10195","1":"product","2":"type-product","3":"status-publish","4":"has-post-thumbnail","6":"product_cat-1080p","7":"product_cat-familiar","8":"product_cat-romance","9":"product_cat-series","10":"product_cat-sitcom","11":"product_tag-1080p","12":"product_tag-audio-latino","13":"product_tag-barbara-eden","14":"product_tag-comedia-clasica","15":"product_tag-fantasia-clasica","16":"product_tag-full-hd","17":"product_tag-i-dream-of-jeannie","18":"product_tag-jeannie","19":"product_tag-magia-y-comedia","20":"product_tag-mi-bella-genio","21":"product_tag-mkv","22":"product_tag-serie-completa","23":"product_tag-series-de-los-60","24":"product_tag-tiendalibreshop","25":"product_tag-tony-nelson","27":"first","28":"instock","29":"sale","30":"taxable","31":"shipping-taxable","32":"purchasable","33":"product-type-variable","34":"has-default-attributes"},"jetpack_sharing_enabled":true,"_links":{"self":[{"href":"https:\/\/tiendalibreshop.com\/en\/wp-json\/wp\/v2\/product\/10195","targetHints":{"allow":["GET"]}}],"collection":[{"href":"https:\/\/tiendalibreshop.com\/en\/wp-json\/wp\/v2\/product"}],"about":[{"href":"https:\/\/tiendalibreshop.com\/en\/wp-json\/wp\/v2\/types\/product"}],"replies":[{"embeddable":true,"href":"https:\/\/tiendalibreshop.com\/en\/wp-json\/wp\/v2\/comments?post=10195"}],"wp:featuredmedia":[{"embeddable":true,"href":"https:\/\/tiendalibreshop.com\/en\/wp-json\/wp\/v2\/media\/10197"}],"wp:attachment":[{"href":"https:\/\/tiendalibreshop.com\/en\/wp-json\/wp\/v2\/media?parent=10195"}],"wp:term":[{"taxonomy":"product_brand","embeddable":true,"href":"https:\/\/tiendalibreshop.com\/en\/wp-json\/wp\/v2\/product_brand?post=10195"},{"taxonomy":"product_cat","embeddable":true,"href":"https:\/\/tiendalibreshop.com\/en\/wp-json\/wp\/v2\/product_cat?post=10195"},{"taxonomy":"product_tag","embeddable":true,"href":"https:\/\/tiendalibreshop.com\/en\/wp-json\/wp\/v2\/product_tag?post=10195"}],"curies":[{"name":"wp","href":"https:\/\/api.w.org\/{rel}","templated":true}]}}