    {"id":3,"date":"2023-04-19T11:45:41","date_gmt":"2023-04-19T11:45:41","guid":{"rendered":"https:\/\/tiendalibreshop.com\/?page_id=3"},"modified":"2026-02-01T22:01:10","modified_gmt":"2026-02-01T22:01:10","slug":"politica-privacidad","status":"publish","type":"page","link":"https:\/\/tiendalibreshop.com\/en\/politica-privacidad\/","title":{"rendered":"Privacy policy"},"content":{"rendered":"<div data-elementor-type=\"wp-page\" data-elementor-id=\"3\" class=\"elementor elementor-3\" data-elementor-post-type=\"page\">\n\t\t\t\t<div class=\"elementor-element elementor-element-0757a15 e-flex e-con-boxed e-con e-parent\" data-id=\"0757a15\" data-element_type=\"container\">\n\t\t\t\t\t<div class=\"e-con-inner\">\n\t\t<div class=\"elementor-element elementor-element-93f5341 e-con-full e-flex e-con e-child\" data-id=\"93f5341\" data-element_type=\"container\">\n\t\t\t\t<div class=\"elementor-element elementor-element-3917eb3 elementor-widget elementor-widget-heading\" data-id=\"3917eb3\" data-element_type=\"widget\" data-widget_type=\"heading.default\">\n\t\t\t\t<div class=\"elementor-widget-container\">\n\t\t\t\t\t<h2 class=\"elementor-heading-title elementor-size-default\">Privacy policy<\/h2>\t\t\t\t<\/div>\n\t\t\t\t<\/div>\n\t\t\t\t<\/div>\n\t\t\t\t\t<\/div>\n\t\t\t\t<\/div>\n\t\t<div class=\"elementor-element elementor-element-5205e5c e-flex e-con-boxed e-con e-parent\" data-id=\"5205e5c\" data-element_type=\"container\">\n\t\t\t\t\t<div class=\"e-con-inner\">\n\t\t\t\t<div class=\"elementor-element elementor-element-b8375bd elementor-widget elementor-widget-spacer\" data-id=\"b8375bd\" data-element_type=\"widget\" data-widget_type=\"spacer.default\">\n\t\t\t\t<div class=\"elementor-widget-container\">\n\t\t\t\t\t\t\t<div class=\"elementor-spacer\">\n\t\t\t<div class=\"elementor-spacer-inner\"><\/div>\n\t\t<\/div>\n\t\t\t\t\t\t<\/div>\n\t\t\t\t<\/div>\n\t\t<div class=\"elementor-element elementor-element-506d8aa e-con-full e-flex e-con e-child\" data-id=\"506d8aa\" data-element_type=\"container\">\n\t\t\t\t<div class=\"elementor-element elementor-element-93544df elementor-widget elementor-widget-text-editor\" data-id=\"93544df\" data-element_type=\"widget\" data-widget_type=\"text-editor.default\">\n\t\t\t\t<div class=\"elementor-widget-container\">\n\t\t\t\t\t\t\t\t\t<article class=\"privacy-policy\"><p><strong>Last update:<\/strong> October 27, 2025<\/p><h2>1\ufe0f\u20e3. General information<\/h2><p>TiendaLibreShop (hereinafter \u201cthe Store\u201d or \u201cus\u201d) is the commercial name of our e-commerce platform dedicated to the sale and distribution of digital series, movies, collections, and audiovisual content in downloadable format.<\/p><p>This Privacy Policy regulates the processing of personal data collected through the website:<br \/><a href=\"https:\/\/tiendalibreshop.com\/en\/\" target=\"_blank\" rel=\"noopener\">https:\/\/tiendalibreshop.com<\/a>.<\/p><ul><li><strong>Privacy Contact:<\/strong> soporte@tiendalibreshop.com<\/li><li><strong>Scope of Operation<\/strong> International (North America, Central america, South america and Europe)<\/li><li><strong>Data Controller<\/strong> TiendaLibreShop<\/li><\/ul><h2>2\ufe0f\u20e3. Personal Information Collected<\/h2><h3>a) Data provided directly by the user<\/h3><p>During the registration, purchase, or subscription process, we may request:<\/p><ul><li>Full name<\/li><li>E-mail<\/li><li>Shipping or billing address<\/li><li>Phone number<\/li><li>Payment method<\/li><\/ul><h3>b) Data collected automatically<\/h3><p>When you visit our site, we automatically collect certain technical data through cookies and analytics tools, such as:<\/p><ul><li>IP address<\/li><li>Browser and device type<\/li><li>Pages visited and navigation time<\/li><\/ul><h3>c) Data collected via forms or subscriptions<\/h3><p>With user consent, we may collect additional information (such as name and email) to send newsletters, personalized recommendations, promotions, and coupons.<\/p><h2>3\ufe0f\u20e3. Purpose of Data Processing<\/h2><p>Personal data will be used to:<\/p><ul><li>Manage orders, payments, and digital deliveries.<\/li><li>Create and manage user accounts.<\/li><li>Provide technical support and customer service.<\/li><li>Send commercial notifications, newsletters, and promotions (subject to consent).<\/li><li>Analyze and improve site performance using statistical tools.<\/li><\/ul><p>Data may be shared with external platforms strictly necessary for payment processing, analytics, or automated communications, such as: PayPal, Stripe, Mail Mint (Get WPFunnels), Google Analytics, Meta (Facebook Pixel), and Yape (Peru).<\/p><ul><li><a href=\"https:\/\/www.paypal.com\/webapps\/mpp\/ua\/privacy-full\" target=\"_blank\" rel=\"noopener\">PayPal<\/a><\/li><li><a href=\"https:\/\/stripe.com\/privacy\" target=\"_blank\" rel=\"noopener\">Stripe<\/a><\/li><li><a href=\"https:\/\/getwpfunnels.com\/privacy-policy\/\" target=\"_blank\" rel=\"noopener\">Mail Mint (Get WPFunnels)<\/a><\/li><li><a href=\"https:\/\/policies.google.com\/privacy\" target=\"_blank\" rel=\"noopener\">Google Analytics<\/a><\/li><li><a href=\"https:\/\/www.facebook.com\/privacy\/policy\/\" target=\"_blank\" rel=\"noopener\">Goal (Facebook Pixel)<\/a><\/li><li><a href=\"https:\/\/www.yape.com.pe\/politica-privacidad-datos\/yape\" target=\"_blank\" rel=\"noopener\">Yape (Peru)<\/a><\/li><\/ul><h2>4\ufe0f\u20e3. Data Protection and Storage<\/h2><p>servers, which implement SSL cryptographic protocols and advanced protection measures against unauthorized access <strong>Hostinger<\/strong>, which implement cryptographic protocols SSL and measures of advanced protection against unauthorized access.<\/p><p>The data will be retained for a maximum period of <strong>one (1) year<\/strong> from the last user interaction, unless legal obligations require a longer term. After this period, data will be securely deleted or anonymized.<\/p><p>Users may at any time:<\/p><ul><li>Request the deletion of their information.<\/li><li>Unsubscribe from promotional newsletters.<\/li><li>Request the modification of their data.<\/li><\/ul><p>These requests can be made through the chat floating support or by writing to the e-mail <strong>soporte@tiendalibreshop.com<\/strong>.<\/p><p>The data is not stored on external servers; every information is kept in our environment <strong>Hostinger<\/strong> and WordPress for the time indicated or until the user decides to delete them.<\/p><h2>5\ufe0f\u20e3. User's rights<\/h2><p>In accordance with the international standards of data protection, the user may at any time exercise the following rights:<\/p><ul><li>Access to your personal data.<\/li><li>To request the rectification of inaccurate information.<\/li><li>To request the removal or deletion of data.<\/li><li>Object to the processing of their data.<\/li><li>Request the portability of your data to another provider.<\/li><\/ul><p>Requests will be responded to within an estimated <strong>12 to 24 hours<\/strong> through the support chat, or by e-mail.<\/p><h2>6\ufe0f\u20e3. Cookies and tracking technologies<\/h2><p>TiendaLibreShop uses necessary cookies, analytical and marketing to provide you with a customized experience. These include those employed by <strong>Mail Mint<\/strong>, <strong>Google Analytics<\/strong> and <strong>Target Pixel<\/strong>.<\/p><p>The management of the consent of the cookies is done by the add <strong>CookieYes<\/strong>, which allows the user to accept, reject or customize the cookies.<\/p><p>The user can consult the <a href=\"https:\/\/tiendalibreshop.com\/en\/politica-de-cookies\/\" target=\"_blank\" rel=\"noopener\">Cookie Policy<\/a> full for more information.<\/p><h2>7\ufe0f\u20e3. Third party services<\/h2><p>To ensure an efficient operation and security of the web site, TiendaLibreShop use services of third parties that may process personal data under their own privacy policies:<\/p><ul><li><a href=\"https:\/\/woocommerce.com\/privacy-policy\/\" target=\"_blank\" rel=\"noopener\">WooCommerce<\/a> \u2013 e-commerce platform used to manage orders, shopping carts, and payments.<\/li><li><a href=\"https:\/\/stripe.com\/privacy\" target=\"_blank\" rel=\"noopener\">Stripe<\/a> and <a href=\"https:\/\/www.paypal.com\/webapps\/mpp\/ua\/privacy-full\" target=\"_blank\" rel=\"noopener\">PayPal<\/a> \u2013 payment gateways for secure transaction processing.<\/li><li><a href=\"https:\/\/getwpfunnels.com\/privacy-policy\/\" target=\"_blank\" rel=\"noopener\">Mail Mint (Get WPFunnels)<\/a> \u2013 system of automation and email marketing.<\/li><li><a href=\"https:\/\/policies.google.com\/privacy\" target=\"_blank\" rel=\"noopener\">Google Analytics<\/a> \u2013 a tool for analysis of web traffic.<\/li><li><a href=\"https:\/\/www.facebook.com\/privacy\/policy\/\" target=\"_blank\" rel=\"noopener\">Goal (Facebook Pixel)<\/a> \u2013 follow-up advertising and remarketing.<\/li><li><a href=\"https:\/\/www.yape.com.pe\/politica-privacidad-datos\/yape\" target=\"_blank\" rel=\"noopener\">Yape (Peru)<\/a> \u2013 method of payment digital available for users peruvians.<\/li><li><a href=\"https:\/\/www.cloudflare.com\/privacypolicy\/\" target=\"_blank\" rel=\"noopener\">Cloudflare<\/a> \u2013 service security and optimization of the performance of the site.<\/li><\/ul><p>TiendaLibreShop is not responsible for the treatment that these third parties outside of the purposes described above, and recommends that you review the privacy policies of each provider for further information.<\/p><h2>8\ufe0f\u20e3. Modifications to policy<\/h2><p>TiendaLibreShop reserves the right to modify or update this Privacy Policy at any time, adapting to regulatory changes, technological and \/ or operation of the Store.<\/p><p>Amendments will be published on this same page, indicating the date of the last update. When the changes are significant, we will notify users by means of a <strong>banner informative<\/strong> visible during the seven (7) days and\/or by e-mail.<\/p><h2>9\ufe0f\u20e3. Media contact<\/h2><p>For inquiries or requests regarding the privacy and protection of personal data, the user can communicate through the following channels:<\/p><ul><li><strong>E-mail:<\/strong> soporte@tiendalibreshop.com<\/li><li><strong>Chat floating:<\/strong> available in the bottom right of all pages.<\/li><\/ul><hr \/><h3>\ud83d\udcd8 Final note<\/h3><p>The use TiendaLibreShop, the user acknowledges having read and understood this Privacy Policy, as well as the additional documents:<\/p><ul><li>Cookie Policy<\/li><li>Terms and Conditions of Use \/ Service<\/li><li>Shipping policy \/ Delivery<\/li><li>Refund policy \/ Returns<\/li><li>Policy Memberships &amp; Subscriptions<\/li><\/ul><\/article>\t\t\t\t\t\t\t\t<\/div>\n\t\t\t\t<\/div>\n\t\t\t\t<\/div>\n\t\t\t\t\t<\/div>\n\t\t\t\t<\/div>\n\t\t<div class=\"elementor-element elementor-element-41e9b319 e-con-full e-flex e-con e-parent\" data-id=\"41e9b319\" data-element_type=\"container\" data-settings=\"{&quot;background_background&quot;:&quot;classic&quot;}\">\n\t\t<div class=\"elementor-element elementor-element-61ecad29 e-grid e-con-boxed e-con e-child\" data-id=\"61ecad29\" data-element_type=\"container\">\n\t\t\t\t\t<div class=\"e-con-inner\">\n\t\t<div class=\"elementor-element elementor-element-28babc40 e-con-full e-flex e-con e-child\" data-id=\"28babc40\" data-element_type=\"container\">\n\t\t<div class=\"elementor-element elementor-element-4c34c967 e-con-full e-flex e-con e-child\" data-id=\"4c34c967\" data-element_type=\"container\">\n\t\t\t\t<div class=\"elementor-element elementor-element-644195b elementor-widget elementor-widget-heading\" data-id=\"644195b\" data-element_type=\"widget\" data-widget_type=\"heading.default\">\n\t\t\t\t<div class=\"elementor-widget-container\">\n\t\t\t\t\t<h2 class=\"elementor-heading-title elementor-size-default\">Other Pages<\/h2>\t\t\t\t<\/div>\n\t\t\t\t<\/div>\n\t\t<div class=\"elementor-element elementor-element-5aa01d0e e-con-full e-flex e-con e-child\" data-id=\"5aa01d0e\" data-element_type=\"container\">\n\t\t\t\t<div class=\"elementor-element elementor-element-46c4c3d elementor-widget elementor-widget-heading\" data-id=\"46c4c3d\" data-element_type=\"widget\" data-widget_type=\"heading.default\">\n\t\t\t\t<div class=\"elementor-widget-container\">\n\t\t\t\t\t<h6 class=\"elementor-heading-title elementor-size-default\"><a href=\"https:\/\/tiendalibreshop.com\/en\/\">Home<\/a><\/h6>\t\t\t\t<\/div>\n\t\t\t\t<\/div>\n\t\t\t\t<div class=\"elementor-element elementor-element-7b4b2601 elementor-widget elementor-widget-heading\" data-id=\"7b4b2601\" data-element_type=\"widget\" data-widget_type=\"heading.default\">\n\t\t\t\t<div class=\"elementor-widget-container\">\n\t\t\t\t\t<h6 class=\"elementor-heading-title elementor-size-default\"><a href=\"https:\/\/tiendalibreshop.com\/en\/shop\/\">Store<\/a><\/h6>\t\t\t\t<\/div>\n\t\t\t\t<\/div>\n\t\t\t\t<div class=\"elementor-element elementor-element-4637a545 elementor-widget elementor-widget-heading\" data-id=\"4637a545\" data-element_type=\"widget\" data-widget_type=\"heading.default\">\n\t\t\t\t<div class=\"elementor-widget-container\">\n\t\t\t\t\t<h6 class=\"elementor-heading-title elementor-size-default\"><a href=\"https:\/\/tiendalibreshop.com\/en\/cart\/\">Cart<\/a><\/h6>\t\t\t\t<\/div>\n\t\t\t\t<\/div>\n\t\t\t\t<\/div>\n\t\t\t\t<\/div>\n\t\t<div class=\"elementor-element elementor-element-4562dd8d e-con-full e-flex e-con e-child\" data-id=\"4562dd8d\" data-element_type=\"container\">\n\t\t\t\t<div class=\"elementor-element elementor-element-7c636d74 elementor-widget elementor-widget-heading\" data-id=\"7c636d74\" data-element_type=\"widget\" data-widget_type=\"heading.default\">\n\t\t\t\t<div class=\"elementor-widget-container\">\n\t\t\t\t\t<h2 class=\"elementor-heading-title elementor-size-default\"><b>\u00a9 TiendaLibreShop 2025<br><\/b>\n<p>Built with love by TiendaLibreShop<p><\/h2>\t\t\t\t<\/div>\n\t\t\t\t<\/div>\n\t\t\t\t<\/div>\n\t\t\t\t<\/div>\n\t\t<div class=\"elementor-element elementor-element-725d652e e-con-full e-flex e-con e-child\" data-id=\"725d652e\" data-element_type=\"container\">\n\t\t<div class=\"elementor-element elementor-element-1b970f3d e-con-full e-flex e-con e-child\" data-id=\"1b970f3d\" data-element_type=\"container\">\n\t\t\t\t<div class=\"elementor-element elementor-element-3c0c32b7 elementor-widget elementor-widget-heading\" data-id=\"3c0c32b7\" data-element_type=\"widget\" data-widget_type=\"heading.default\">\n\t\t\t\t<div class=\"elementor-widget-container\">\n\t\t\t\t\t<h2 class=\"elementor-heading-title elementor-size-default\">Quick Links<\/h2>\t\t\t\t<\/div>\n\t\t\t\t<\/div>\n\t\t<div class=\"elementor-element elementor-element-2e935e7f e-con-full e-flex e-con e-child\" data-id=\"2e935e7f\" data-element_type=\"container\">\n\t\t\t\t<div class=\"elementor-element elementor-element-4bd55362 elementor-widget elementor-widget-heading\" data-id=\"4bd55362\" data-element_type=\"widget\" data-widget_type=\"heading.default\">\n\t\t\t\t<div class=\"elementor-widget-container\">\n\t\t\t\t\t<h6 class=\"elementor-heading-title elementor-size-default\"><a href=\"https:\/\/tiendalibreshop.com\/en\/politica-privacidad\/\">Privacy Policies<\/a><\/h6>\t\t\t\t<\/div>\n\t\t\t\t<\/div>\n\t\t\t\t<div class=\"elementor-element elementor-element-5e945f78 elementor-widget elementor-widget-heading\" data-id=\"5e945f78\" data-element_type=\"widget\" data-widget_type=\"heading.default\">\n\t\t\t\t<div class=\"elementor-widget-container\">\n\t\t\t\t\t<h6 class=\"elementor-heading-title elementor-size-default\"><a href=\"https:\/\/tiendalibreshop.com\/en\/politica-de-cookies\/\">Cookie Policy\n<\/a><\/h6>\t\t\t\t<\/div>\n\t\t\t\t<\/div>\n\t\t\t\t<div class=\"elementor-element elementor-element-62c62cf9 elementor-widget elementor-widget-heading\" data-id=\"62c62cf9\" data-element_type=\"widget\" data-widget_type=\"heading.default\">\n\t\t\t\t<div class=\"elementor-widget-container\">\n\t\t\t\t\t<h6 class=\"elementor-heading-title elementor-size-default\"><a href=\"https:\/\/tiendalibreshop.com\/en\/politica-de-membresias\/\">Membership Policy\n<\/a><\/h6>\t\t\t\t<\/div>\n\t\t\t\t<\/div>\n\t\t\t\t<div class=\"elementor-element elementor-element-1760f2f4 elementor-widget elementor-widget-heading\" data-id=\"1760f2f4\" data-element_type=\"widget\" data-widget_type=\"heading.default\">\n\t\t\t\t<div class=\"elementor-widget-container\">\n\t\t\t\t\t<h6 class=\"elementor-heading-title elementor-size-default\"><a href=\"https:\/\/tiendalibreshop.com\/en\/politica-de-reembolsos\/\">Refund Policy<\/a><\/h6>\t\t\t\t<\/div>\n\t\t\t\t<\/div>\n\t\t\t\t<\/div>\n\t\t\t\t<\/div>\n\t\t\t\t<\/div>\n\t\t<div class=\"elementor-element elementor-element-55e301be e-con-full e-flex e-con e-child\" data-id=\"55e301be\" data-element_type=\"container\">\n\t\t<div class=\"elementor-element elementor-element-3c33b16d e-con-full e-flex e-con e-child\" data-id=\"3c33b16d\" data-element_type=\"container\">\n\t\t\t\t<div class=\"elementor-element elementor-element-49ceeca9 elementor-widget elementor-widget-heading\" data-id=\"49ceeca9\" data-element_type=\"widget\" data-widget_type=\"heading.default\">\n\t\t\t\t<div class=\"elementor-widget-container\">\n\t\t\t\t\t<h2 class=\"elementor-heading-title elementor-size-default\">+500 5-star reviews<\/h2>\t\t\t\t<\/div>\n\t\t\t\t<\/div>\n\t\t\t\t<div class=\"elementor-element elementor-element-6c75999d elementor-widget elementor-widget-image\" data-id=\"6c75999d\" data-element_type=\"widget\" data-widget_type=\"image.default\">\n\t\t\t\t<div class=\"elementor-widget-container\">\n\t\t\t\t\t\t\t\t\t\t\t\t\t\t\t<img fetchpriority=\"high\" decoding=\"async\" width=\"1250\" height=\"347\" src=\"https:\/\/tiendalibreshop.com\/wp-content\/uploads\/2025\/10\/wwww.png\" class=\"attachment-full size-full wp-image-8296\" alt=\"\" srcset=\"https:\/\/tiendalibreshop.com\/wp-content\/uploads\/2025\/10\/wwww.png 1250w, https:\/\/tiendalibreshop.com\/wp-content\/uploads\/2025\/10\/wwww-300x83.png 300w, https:\/\/tiendalibreshop.com\/wp-content\/uploads\/2025\/10\/wwww-1024x284.png 1024w, https:\/\/tiendalibreshop.com\/wp-content\/uploads\/2025\/10\/wwww-768x213.png 768w, https:\/\/tiendalibreshop.com\/wp-content\/uploads\/2025\/10\/wwww-990x275.png 990w, https:\/\/tiendalibreshop.com\/wp-content\/uploads\/2025\/10\/wwww-441x122.png 441w, https:\/\/tiendalibreshop.com\/wp-content\/uploads\/2025\/10\/wwww-600x167.png 600w, https:\/\/tiendalibreshop.com\/wp-content\/uploads\/2025\/10\/wwww-150x42.png 150w\" sizes=\"(max-width: 1250px) 100vw, 1250px\" \/>\t\t\t\t\t\t\t\t\t\t\t\t\t\t\t<\/div>\n\t\t\t\t<\/div>\n\t\t\t\t<div class=\"elementor-element elementor-element-74108080 elementor-widget elementor-widget-heading\" data-id=\"74108080\" data-element_type=\"widget\" data-widget_type=\"heading.default\">\n\t\t\t\t<div class=\"elementor-widget-container\">\n\t\t\t\t\t<h6 class=\"elementor-heading-title elementor-size-default\">\u2605\u2605\u2605\u2605\u2605\n<\/h6>\t\t\t\t<\/div>\n\t\t\t\t<\/div>\n\t\t\t\t<div class=\"elementor-element elementor-element-2f5c7660 elementor-widget elementor-widget-text-editor\" data-id=\"2f5c7660\" data-element_type=\"widget\" data-widget_type=\"text-editor.default\">\n\t\t\t\t<div class=\"elementor-widget-container\">\n\t\t\t\t\t\t\t\t\t<div class=\"review\"><strong class=\"Yjhzub\" data-complete=\"true\" data-processed=\"true\">Products of incredible quality<\/strong>\u00a0for prices I didn't think were possible<\/div><div><strong>Rafaela P.<\/strong><\/div>\t\t\t\t\t\t\t\t<\/div>\n\t\t\t\t<\/div>\n\t\t\t\t<\/div>\n\t\t<div class=\"elementor-element elementor-element-1df9842 e-con-full e-flex e-con e-child\" data-id=\"1df9842\" data-element_type=\"container\">\n\t\t\t\t<div class=\"elementor-element elementor-element-57e2f0b2 elementor-widget elementor-widget-image\" data-id=\"57e2f0b2\" data-element_type=\"widget\" data-widget_type=\"image.default\">\n\t\t\t\t<div class=\"elementor-widget-container\">\n\t\t\t\t\t\t\t\t\t\t\t\t\t\t\t<img decoding=\"async\" width=\"718\" height=\"78\" src=\"https:\/\/tiendalibreshop.com\/wp-content\/uploads\/2025\/10\/credit-cards.png\" class=\"attachment-full size-full wp-image-8298\" alt=\"\" srcset=\"https:\/\/tiendalibreshop.com\/wp-content\/uploads\/2025\/10\/credit-cards.png 718w, https:\/\/tiendalibreshop.com\/wp-content\/uploads\/2025\/10\/credit-cards-300x33.png 300w, https:\/\/tiendalibreshop.com\/wp-content\/uploads\/2025\/10\/credit-cards-441x48.png 441w, https:\/\/tiendalibreshop.com\/wp-content\/uploads\/2025\/10\/credit-cards-600x65.png 600w, https:\/\/tiendalibreshop.com\/wp-content\/uploads\/2025\/10\/credit-cards-150x16.png 150w\" sizes=\"(max-width: 718px) 100vw, 718px\" \/>\t\t\t\t\t\t\t\t\t\t\t\t\t\t\t<\/div>\n\t\t\t\t<\/div>\n\t\t\t\t<\/div>\n\t\t\t\t<\/div>\n\t\t\t\t\t<\/div>\n\t\t\t\t<\/div>\n\t\t\t\t<\/div>\n\t\t\t\t<\/div>","protected":false},"excerpt":{"rendered":"<p>Pol\u00edtica de Privacidad \u00daltima actualizaci\u00f3n: 27 de octubre de 2025 1\ufe0f\u20e3. Informaci\u00f3n general TiendaLibreShop (en adelante, \u201cla Tienda\u201d o \u201cnosotros\u201d) es el nombre comercial de nuestra plataforma de comercio electr\u00f3nico dedicada a la venta y distribuci\u00f3n digital de series, pel\u00edculas, colecciones y contenidos audiovisuales en formato descargable. La presente Pol\u00edtica de Privacidad regula el tratamiento [&hellip;]<\/p>","protected":false},"author":1,"featured_media":0,"parent":0,"menu_order":0,"comment_status":"closed","ping_status":"closed","template":"","meta":{"footnotes":""},"class_list":["post-3","page","type-page","status-publish","hentry"],"jetpack_sharing_enabled":true,"_links":{"self":[{"href":"https:\/\/tiendalibreshop.com\/en\/wp-json\/wp\/v2\/pages\/3","targetHints":{"allow":["GET"]}}],"collection":[{"href":"https:\/\/tiendalibreshop.com\/en\/wp-json\/wp\/v2\/pages"}],"about":[{"href":"https:\/\/tiendalibreshop.com\/en\/wp-json\/wp\/v2\/types\/page"}],"author":[{"embeddable":true,"href":"https:\/\/tiendalibreshop.com\/en\/wp-json\/wp\/v2\/users\/1"}],"replies":[{"embeddable":true,"href":"https:\/\/tiendalibreshop.com\/en\/wp-json\/wp\/v2\/comments?post=3"}],"version-history":[{"count":25,"href":"https:\/\/tiendalibreshop.com\/en\/wp-json\/wp\/v2\/pages\/3\/revisions"}],"predecessor-version":[{"id":12118,"href":"https:\/\/tiendalibreshop.com\/en\/wp-json\/wp\/v2\/pages\/3\/revisions\/12118"}],"wp:attachment":[{"href":"https:\/\/tiendalibreshop.com\/en\/wp-json\/wp\/v2\/media?parent=3"}],"curies":[{"name":"wp","href":"https:\/\/api.w.org\/{rel}","templated":true}]}}